{"id":4189,"date":"2021-03-01T19:28:48","date_gmt":"2021-03-01T18:28:48","guid":{"rendered":"https:\/\/www.titadoregosilva.de\/shop\/?post_type=product&#038;p=4189"},"modified":"2021-11-24T16:22:16","modified_gmt":"2021-11-24T15:22:16","slug":"klischee-postkarte-elefant","status":"publish","type":"product","link":"https:\/\/www.titadoregosilva.de\/shop\/produkt\/klischee-postkarte-elefant\/","title":{"rendered":"Klischee Postkarte &#8211; Elefant (rot)"},"content":{"rendered":"<div class=\"page\" title=\"Page 1\">\n<div class=\"section\">\n<div class=\"layoutArea\">\n<div class=\"column\">\n<p>Klischee Postkarte Motiv &#8220;Elefant&#8221;<\/p>\n<p>Farbe: \u00a0rot<\/p>\n<p>Format: 11 x 21 cm<\/p>\n<p>Papier: Fotokarton<\/p>\n<div>Klischee ist in der Zeitungs- und Buchdrucktechnik eine fotochemisch oder maschinell hergestellte Druckform f\u00fcr das Hochdruckverfahren. Ein Klischee kann aus Zink, Kupfer, Kunststoff oder im modernen Flexodruck aus Photopolymer bestehen.<\/div>\n<\/div>\n<\/div>\n<\/div>\n<\/div>\n","protected":false},"excerpt":{"rendered":"<p><strong>Klischee-Postkarte &#8211; Elefant (rot)<\/strong><\/p>\n<p>Signierte Originaldruck Klischee Karte<\/p>\n<p>Klischee, Originaldruck, \u00a0Format: 11 x 21 cm, Fotokarton<\/p>\n<p>&nbsp;<\/p>\n<p>&nbsp;<\/p>\n","protected":false},"featured_media":4233,"comment_status":"closed","ping_status":"closed","template":"","meta":{"jetpack_post_was_ever_published":false},"product_brand":[],"product_cat":[89,92],"product_tag":[615,616,54,578,597,598,604,611],"class_list":{"0":"post-4189","1":"product","2":"type-product","3":"status-publish","4":"has-post-thumbnail","6":"product_cat-xilos","7":"product_cat-karten","8":"product_tag-elefant","9":"product_tag-afrika","10":"product_tag-rot","11":"product_tag-karte","12":"product_tag-klischee","13":"product_tag-postkarte","14":"product_tag-tier","15":"product_tag-nase","16":"product_shipping_class-de1kg","18":"first","19":"instock","20":"taxable","21":"shipping-taxable","22":"purchasable","23":"product-type-simple"},"jetpack_sharing_enabled":true,"jetpack-related-posts":[{"id":4190,"url":"https:\/\/www.titadoregosilva.de\/shop\/produkt\/klischee-postkarte-fuchs\/","url_meta":{"origin":4189,"position":0},"title":"Klischee Postkarte &#8211; Fuchs (rot)","author":"admin","date":"1. M\u00e4rz 2021","format":false,"excerpt":"Klischee-Postkarte - Fuchs (rot) Signierte Originaldruck Klischee Karte Klischee, Originaldruck, \u00a0Format: 11 x 21 cm, Fotokarton \u00a0 \u00a0","rel":"","context":"\u00c4hnlicher Beitrag","block_context":{"text":"\u00c4hnlicher Beitrag","link":""},"img":{"alt_text":"","src":"https:\/\/i0.wp.com\/www.titadoregosilva.de\/shop\/wp-content\/uploads\/ROT_FUCHS.jpeg?fit=1200%2C608&ssl=1&resize=350%2C200","width":350,"height":200,"srcset":"https:\/\/i0.wp.com\/www.titadoregosilva.de\/shop\/wp-content\/uploads\/ROT_FUCHS.jpeg?fit=1200%2C608&ssl=1&resize=350%2C200 1x, https:\/\/i0.wp.com\/www.titadoregosilva.de\/shop\/wp-content\/uploads\/ROT_FUCHS.jpeg?fit=1200%2C608&ssl=1&resize=525%2C300 1.5x, https:\/\/i0.wp.com\/www.titadoregosilva.de\/shop\/wp-content\/uploads\/ROT_FUCHS.jpeg?fit=1200%2C608&ssl=1&resize=700%2C400 2x, https:\/\/i0.wp.com\/www.titadoregosilva.de\/shop\/wp-content\/uploads\/ROT_FUCHS.jpeg?fit=1200%2C608&ssl=1&resize=1050%2C600 3x"},"classes":[]},{"id":4193,"url":"https:\/\/www.titadoregosilva.de\/shop\/produkt\/klischee-postkarte-wildschwein\/","url_meta":{"origin":4189,"position":1},"title":"Klischee Postkarte &#8211; Wildschwein (weinrot)","author":"admin","date":"1. M\u00e4rz 2021","format":false,"excerpt":"Klischee-Postkarte - Wildschwein (weinrot) Signierte Originaldruck Klischee Karte Klischee, Originaldruck, \u00a0Format: 11 x 21 cm, Fotokarton \u00a0 \u00a0 \u00a0","rel":"","context":"\u00c4hnlicher Beitrag","block_context":{"text":"\u00c4hnlicher Beitrag","link":""},"img":{"alt_text":"","src":"https:\/\/i0.wp.com\/www.titadoregosilva.de\/shop\/wp-content\/uploads\/AUBERGINE-SCHWEIN.jpeg?fit=1200%2C617&ssl=1&resize=350%2C200","width":350,"height":200,"srcset":"https:\/\/i0.wp.com\/www.titadoregosilva.de\/shop\/wp-content\/uploads\/AUBERGINE-SCHWEIN.jpeg?fit=1200%2C617&ssl=1&resize=350%2C200 1x, https:\/\/i0.wp.com\/www.titadoregosilva.de\/shop\/wp-content\/uploads\/AUBERGINE-SCHWEIN.jpeg?fit=1200%2C617&ssl=1&resize=525%2C300 1.5x, https:\/\/i0.wp.com\/www.titadoregosilva.de\/shop\/wp-content\/uploads\/AUBERGINE-SCHWEIN.jpeg?fit=1200%2C617&ssl=1&resize=700%2C400 2x, https:\/\/i0.wp.com\/www.titadoregosilva.de\/shop\/wp-content\/uploads\/AUBERGINE-SCHWEIN.jpeg?fit=1200%2C617&ssl=1&resize=1050%2C600 3x"},"classes":[]},{"id":4194,"url":"https:\/\/www.titadoregosilva.de\/shop\/produkt\/klischee-postkarte-eichhoernchen\/","url_meta":{"origin":4189,"position":2},"title":"Klischee Postkarte &#8211; Eichh\u00f6rnchen (weinrot)","author":"admin","date":"1. M\u00e4rz 2021","format":false,"excerpt":"Klischee-Postkarte - Eichh\u00f6rnchen (weinrot) Signierte Originaldruck Klischee Karte Klischee, Originaldruck, \u00a0Format: 11 x 21 cm, Fotokarton \u00a0 \u00a0","rel":"","context":"\u00c4hnlicher Beitrag","block_context":{"text":"\u00c4hnlicher Beitrag","link":""},"img":{"alt_text":"","src":"https:\/\/i0.wp.com\/www.titadoregosilva.de\/shop\/wp-content\/uploads\/AUBERGINE-OHNE-TITEL.jpeg?fit=1200%2C600&ssl=1&resize=350%2C200","width":350,"height":200,"srcset":"https:\/\/i0.wp.com\/www.titadoregosilva.de\/shop\/wp-content\/uploads\/AUBERGINE-OHNE-TITEL.jpeg?fit=1200%2C600&ssl=1&resize=350%2C200 1x, https:\/\/i0.wp.com\/www.titadoregosilva.de\/shop\/wp-content\/uploads\/AUBERGINE-OHNE-TITEL.jpeg?fit=1200%2C600&ssl=1&resize=525%2C300 1.5x, https:\/\/i0.wp.com\/www.titadoregosilva.de\/shop\/wp-content\/uploads\/AUBERGINE-OHNE-TITEL.jpeg?fit=1200%2C600&ssl=1&resize=700%2C400 2x, https:\/\/i0.wp.com\/www.titadoregosilva.de\/shop\/wp-content\/uploads\/AUBERGINE-OHNE-TITEL.jpeg?fit=1200%2C600&ssl=1&resize=1050%2C600 3x"},"classes":[]},{"id":4184,"url":"https:\/\/www.titadoregosilva.de\/shop\/produkt\/klischee-postkarte-vogel\/","url_meta":{"origin":4189,"position":3},"title":"Klischee Postkarte &#8211; Vogel (gr\u00fcn)","author":"admin","date":"1. M\u00e4rz 2021","format":false,"excerpt":"Klischee-Postkarte - Vogel (gr\u00fcn) Signierte Originaldruck Klischee Karte Klischee, Originaldruck, \u00a0Format: 11 x 21 cm, Fotokarton \u00a0 \u00a0","rel":"","context":"\u00c4hnlicher Beitrag","block_context":{"text":"\u00c4hnlicher Beitrag","link":""},"img":{"alt_text":"","src":"https:\/\/i0.wp.com\/www.titadoregosilva.de\/shop\/wp-content\/uploads\/OLIVEN-GRUeN-VOeGEL.jpeg?fit=1200%2C612&ssl=1&resize=350%2C200","width":350,"height":200,"srcset":"https:\/\/i0.wp.com\/www.titadoregosilva.de\/shop\/wp-content\/uploads\/OLIVEN-GRUeN-VOeGEL.jpeg?fit=1200%2C612&ssl=1&resize=350%2C200 1x, https:\/\/i0.wp.com\/www.titadoregosilva.de\/shop\/wp-content\/uploads\/OLIVEN-GRUeN-VOeGEL.jpeg?fit=1200%2C612&ssl=1&resize=525%2C300 1.5x, https:\/\/i0.wp.com\/www.titadoregosilva.de\/shop\/wp-content\/uploads\/OLIVEN-GRUeN-VOeGEL.jpeg?fit=1200%2C612&ssl=1&resize=700%2C400 2x, https:\/\/i0.wp.com\/www.titadoregosilva.de\/shop\/wp-content\/uploads\/OLIVEN-GRUeN-VOeGEL.jpeg?fit=1200%2C612&ssl=1&resize=1050%2C600 3x"},"classes":[]},{"id":4183,"url":"https:\/\/www.titadoregosilva.de\/shop\/produkt\/klischee-postkarte-nilpferd\/","url_meta":{"origin":4189,"position":4},"title":"Klischee Postkarte &#8211; Nilpferd (anthrazit)","author":"admin","date":"1. M\u00e4rz 2021","format":false,"excerpt":"Klischee-Postkarte - Nilpferd (anthrazit) Signierte Originaldruck Klischee Karte Klischee, Originaldruck, \u00a0Format: 11 x 21 cm, Fotokarton \u00a0 \u00a0","rel":"","context":"\u00c4hnlicher Beitrag","block_context":{"text":"\u00c4hnlicher Beitrag","link":""},"img":{"alt_text":"","src":"https:\/\/i0.wp.com\/www.titadoregosilva.de\/shop\/wp-content\/uploads\/Anthrazit-NILPHERD.jpeg?fit=1200%2C617&ssl=1&resize=350%2C200","width":350,"height":200,"srcset":"https:\/\/i0.wp.com\/www.titadoregosilva.de\/shop\/wp-content\/uploads\/Anthrazit-NILPHERD.jpeg?fit=1200%2C617&ssl=1&resize=350%2C200 1x, https:\/\/i0.wp.com\/www.titadoregosilva.de\/shop\/wp-content\/uploads\/Anthrazit-NILPHERD.jpeg?fit=1200%2C617&ssl=1&resize=525%2C300 1.5x, https:\/\/i0.wp.com\/www.titadoregosilva.de\/shop\/wp-content\/uploads\/Anthrazit-NILPHERD.jpeg?fit=1200%2C617&ssl=1&resize=700%2C400 2x, https:\/\/i0.wp.com\/www.titadoregosilva.de\/shop\/wp-content\/uploads\/Anthrazit-NILPHERD.jpeg?fit=1200%2C617&ssl=1&resize=1050%2C600 3x"},"classes":[]},{"id":4185,"url":"https:\/\/www.titadoregosilva.de\/shop\/produkt\/klischee-postkarte-hund\/","url_meta":{"origin":4189,"position":5},"title":"Klischee Postkarte &#8211; Hund (gr\u00fcn)","author":"admin","date":"1. M\u00e4rz 2021","format":false,"excerpt":"Klischee-Postkarte - Hund (gr\u00fcn) Signierte Originaldruck Klischee Karte Klischee, Originaldruck, \u00a0Format: 11 x 21 cm, Fotokarton \u00a0 \u00a0","rel":"","context":"\u00c4hnlicher Beitrag","block_context":{"text":"\u00c4hnlicher Beitrag","link":""},"img":{"alt_text":"","src":"https:\/\/i0.wp.com\/www.titadoregosilva.de\/shop\/wp-content\/uploads\/OLIVEN-GRUeN-DACKEL2.jpeg?fit=1200%2C616&ssl=1&resize=350%2C200","width":350,"height":200,"srcset":"https:\/\/i0.wp.com\/www.titadoregosilva.de\/shop\/wp-content\/uploads\/OLIVEN-GRUeN-DACKEL2.jpeg?fit=1200%2C616&ssl=1&resize=350%2C200 1x, https:\/\/i0.wp.com\/www.titadoregosilva.de\/shop\/wp-content\/uploads\/OLIVEN-GRUeN-DACKEL2.jpeg?fit=1200%2C616&ssl=1&resize=525%2C300 1.5x, https:\/\/i0.wp.com\/www.titadoregosilva.de\/shop\/wp-content\/uploads\/OLIVEN-GRUeN-DACKEL2.jpeg?fit=1200%2C616&ssl=1&resize=700%2C400 2x, https:\/\/i0.wp.com\/www.titadoregosilva.de\/shop\/wp-content\/uploads\/OLIVEN-GRUeN-DACKEL2.jpeg?fit=1200%2C616&ssl=1&resize=1050%2C600 3x"},"classes":[]}],"jetpack_likes_enabled":true,"_links":{"self":[{"href":"https:\/\/www.titadoregosilva.de\/shop\/wp-json\/wp\/v2\/product\/4189","targetHints":{"allow":["GET"]}}],"collection":[{"href":"https:\/\/www.titadoregosilva.de\/shop\/wp-json\/wp\/v2\/product"}],"about":[{"href":"https:\/\/www.titadoregosilva.de\/shop\/wp-json\/wp\/v2\/types\/product"}],"replies":[{"embeddable":true,"href":"https:\/\/www.titadoregosilva.de\/shop\/wp-json\/wp\/v2\/comments?post=4189"}],"wp:featuredmedia":[{"embeddable":true,"href":"https:\/\/www.titadoregosilva.de\/shop\/wp-json\/wp\/v2\/media\/4233"}],"wp:attachment":[{"href":"https:\/\/www.titadoregosilva.de\/shop\/wp-json\/wp\/v2\/media?parent=4189"}],"wp:term":[{"taxonomy":"product_brand","embeddable":true,"href":"https:\/\/www.titadoregosilva.de\/shop\/wp-json\/wp\/v2\/product_brand?post=4189"},{"taxonomy":"product_cat","embeddable":true,"href":"https:\/\/www.titadoregosilva.de\/shop\/wp-json\/wp\/v2\/product_cat?post=4189"},{"taxonomy":"product_tag","embeddable":true,"href":"https:\/\/www.titadoregosilva.de\/shop\/wp-json\/wp\/v2\/product_tag?post=4189"}],"curies":[{"name":"wp","href":"https:\/\/api.w.org\/{rel}","templated":true}]}}