{"id":4183,"date":"2021-03-01T19:02:52","date_gmt":"2021-03-01T18:02:52","guid":{"rendered":"https:\/\/www.titadoregosilva.de\/shop\/?post_type=product&#038;p=4183"},"modified":"2023-06-27T21:02:54","modified_gmt":"2023-06-27T19:02:54","slug":"klischee-postkarte-nilpferd","status":"publish","type":"product","link":"https:\/\/www.titadoregosilva.de\/shop\/produkt\/klischee-postkarte-nilpferd\/","title":{"rendered":"Klischee Postkarte &#8211; Nilpferd (anthrazit)"},"content":{"rendered":"<div class=\"page\" title=\"Page 1\">\n<div class=\"section\">\n<div class=\"layoutArea\">\n<div class=\"column\">\n<p>Klischee Postkarte Motiv &#8220;Nilpferd&#8221;<\/p>\n<p>Farbe: Anthrazit<\/p>\n<p>Format: 11 x 21 cm<\/p>\n<p>Papier: Fotokarton<\/p>\n<div>Klischee ist in der Zeitungs- und Buchdrucktechnik eine fotochemisch oder maschinell hergestellte Druckform f\u00fcr das Hochdruckverfahren. Ein Klischee kann aus Zink, Kupfer, Kunststoff oder im modernen Flexodruck aus Photopolymer bestehen.<\/div>\n<\/div>\n<\/div>\n<\/div>\n<\/div>\n","protected":false},"excerpt":{"rendered":"<p><strong>Klischee-Postkarte &#8211; Nilpferd (anthrazit)<\/strong><\/p>\n<p>Signierte Originaldruck Klischee Karte<\/p>\n<p>Klischee, Originaldruck, \u00a0Format: 11 x 21 cm, Fotokarton<\/p>\n<p>&nbsp;<\/p>\n<p>&nbsp;<\/p>\n","protected":false},"featured_media":4226,"comment_status":"closed","ping_status":"closed","template":"","meta":[],"product_brand":[],"product_cat":[89,92],"product_tag":[596,597,598,599,600,601],"class_list":{"0":"post-4183","1":"product","2":"type-product","3":"status-publish","4":"has-post-thumbnail","6":"product_cat-xilos","7":"product_cat-karten","8":"product_tag-nilpferd","9":"product_tag-klischee","10":"product_tag-postkarte","11":"product_tag-anthrazit","12":"product_tag-hippo","13":"product_tag-hippopotamus","14":"product_shipping_class-de1kg","16":"first","17":"instock","18":"taxable","19":"shipping-taxable","20":"purchasable","21":"product-type-simple"},"jetpack_sharing_enabled":true,"jetpack-related-posts":[{"id":4182,"url":"https:\/\/www.titadoregosilva.de\/shop\/produkt\/karte-dackel\/","url_meta":{"origin":4183,"position":0},"title":"Klischee Postkarte &#8211; Dackel (anthrazit)","author":"admin","date":"1. M\u00e4rz 2021","format":false,"excerpt":"Klischee-Postkarte - Dackel (Anthrazit) Signierte Originaldruck Klischee Karte Klischee, Originaldruck, \u00a0Format: 11 x 21 cm, Fotokarton \u00a0 \u00a0","rel":"","context":"\u00c4hnlicher Beitrag","block_context":{"text":"\u00c4hnlicher Beitrag","link":""},"img":{"alt_text":"","src":"https:\/\/i0.wp.com\/www.titadoregosilva.de\/shop\/wp-content\/uploads\/Anthrazit-DACKEL1.jpeg?fit=1200%2C617&ssl=1&resize=350%2C200","width":350,"height":200,"srcset":"https:\/\/i0.wp.com\/www.titadoregosilva.de\/shop\/wp-content\/uploads\/Anthrazit-DACKEL1.jpeg?fit=1200%2C617&ssl=1&resize=350%2C200 1x, https:\/\/i0.wp.com\/www.titadoregosilva.de\/shop\/wp-content\/uploads\/Anthrazit-DACKEL1.jpeg?fit=1200%2C617&ssl=1&resize=525%2C300 1.5x, https:\/\/i0.wp.com\/www.titadoregosilva.de\/shop\/wp-content\/uploads\/Anthrazit-DACKEL1.jpeg?fit=1200%2C617&ssl=1&resize=700%2C400 2x, https:\/\/i0.wp.com\/www.titadoregosilva.de\/shop\/wp-content\/uploads\/Anthrazit-DACKEL1.jpeg?fit=1200%2C617&ssl=1&resize=1050%2C600 3x"},"classes":[]},{"id":4184,"url":"https:\/\/www.titadoregosilva.de\/shop\/produkt\/klischee-postkarte-vogel\/","url_meta":{"origin":4183,"position":1},"title":"Klischee Postkarte &#8211; Vogel (gr\u00fcn)","author":"admin","date":"1. M\u00e4rz 2021","format":false,"excerpt":"Klischee-Postkarte - Vogel (gr\u00fcn) Signierte Originaldruck Klischee Karte Klischee, Originaldruck, \u00a0Format: 11 x 21 cm, Fotokarton \u00a0 \u00a0","rel":"","context":"\u00c4hnlicher Beitrag","block_context":{"text":"\u00c4hnlicher Beitrag","link":""},"img":{"alt_text":"","src":"https:\/\/i0.wp.com\/www.titadoregosilva.de\/shop\/wp-content\/uploads\/OLIVEN-GRUeN-VOeGEL.jpeg?fit=1200%2C612&ssl=1&resize=350%2C200","width":350,"height":200,"srcset":"https:\/\/i0.wp.com\/www.titadoregosilva.de\/shop\/wp-content\/uploads\/OLIVEN-GRUeN-VOeGEL.jpeg?fit=1200%2C612&ssl=1&resize=350%2C200 1x, https:\/\/i0.wp.com\/www.titadoregosilva.de\/shop\/wp-content\/uploads\/OLIVEN-GRUeN-VOeGEL.jpeg?fit=1200%2C612&ssl=1&resize=525%2C300 1.5x, https:\/\/i0.wp.com\/www.titadoregosilva.de\/shop\/wp-content\/uploads\/OLIVEN-GRUeN-VOeGEL.jpeg?fit=1200%2C612&ssl=1&resize=700%2C400 2x, https:\/\/i0.wp.com\/www.titadoregosilva.de\/shop\/wp-content\/uploads\/OLIVEN-GRUeN-VOeGEL.jpeg?fit=1200%2C612&ssl=1&resize=1050%2C600 3x"},"classes":[]},{"id":4185,"url":"https:\/\/www.titadoregosilva.de\/shop\/produkt\/klischee-postkarte-hund\/","url_meta":{"origin":4183,"position":2},"title":"Klischee Postkarte &#8211; Hund (gr\u00fcn)","author":"admin","date":"1. M\u00e4rz 2021","format":false,"excerpt":"Klischee-Postkarte - Hund (gr\u00fcn) Signierte Originaldruck Klischee Karte Klischee, Originaldruck, \u00a0Format: 11 x 21 cm, Fotokarton \u00a0 \u00a0","rel":"","context":"\u00c4hnlicher Beitrag","block_context":{"text":"\u00c4hnlicher Beitrag","link":""},"img":{"alt_text":"","src":"https:\/\/i0.wp.com\/www.titadoregosilva.de\/shop\/wp-content\/uploads\/OLIVEN-GRUeN-DACKEL2.jpeg?fit=1200%2C616&ssl=1&resize=350%2C200","width":350,"height":200,"srcset":"https:\/\/i0.wp.com\/www.titadoregosilva.de\/shop\/wp-content\/uploads\/OLIVEN-GRUeN-DACKEL2.jpeg?fit=1200%2C616&ssl=1&resize=350%2C200 1x, https:\/\/i0.wp.com\/www.titadoregosilva.de\/shop\/wp-content\/uploads\/OLIVEN-GRUeN-DACKEL2.jpeg?fit=1200%2C616&ssl=1&resize=525%2C300 1.5x, https:\/\/i0.wp.com\/www.titadoregosilva.de\/shop\/wp-content\/uploads\/OLIVEN-GRUeN-DACKEL2.jpeg?fit=1200%2C616&ssl=1&resize=700%2C400 2x, https:\/\/i0.wp.com\/www.titadoregosilva.de\/shop\/wp-content\/uploads\/OLIVEN-GRUeN-DACKEL2.jpeg?fit=1200%2C616&ssl=1&resize=1050%2C600 3x"},"classes":[]},{"id":4223,"url":"https:\/\/www.titadoregosilva.de\/shop\/produkt\/klischee-postkarte-tapir\/","url_meta":{"origin":4183,"position":3},"title":"Klischee Postkarte &#8211; Tapir (gelb)","author":"admin","date":"2. M\u00e4rz 2021","format":false,"excerpt":"Klischee-Postkarte - Tapir (gelb) Signierte Originaldruck Klischee Karte Klischee, Originaldruck, \u00a0Format: 11 x 21 cm, Fotokarton \u00a0 \u00a0","rel":"","context":"\u00c4hnlicher Beitrag","block_context":{"text":"\u00c4hnlicher Beitrag","link":""},"img":{"alt_text":"","src":"https:\/\/i0.wp.com\/www.titadoregosilva.de\/shop\/wp-content\/uploads\/SENF-MAUS.jpeg?fit=1200%2C623&ssl=1&resize=350%2C200","width":350,"height":200,"srcset":"https:\/\/i0.wp.com\/www.titadoregosilva.de\/shop\/wp-content\/uploads\/SENF-MAUS.jpeg?fit=1200%2C623&ssl=1&resize=350%2C200 1x, https:\/\/i0.wp.com\/www.titadoregosilva.de\/shop\/wp-content\/uploads\/SENF-MAUS.jpeg?fit=1200%2C623&ssl=1&resize=525%2C300 1.5x, https:\/\/i0.wp.com\/www.titadoregosilva.de\/shop\/wp-content\/uploads\/SENF-MAUS.jpeg?fit=1200%2C623&ssl=1&resize=700%2C400 2x, https:\/\/i0.wp.com\/www.titadoregosilva.de\/shop\/wp-content\/uploads\/SENF-MAUS.jpeg?fit=1200%2C623&ssl=1&resize=1050%2C600 3x"},"classes":[]},{"id":4186,"url":"https:\/\/www.titadoregosilva.de\/shop\/produkt\/klischee-postkarte-fisch\/","url_meta":{"origin":4183,"position":4},"title":"Klischee Postkarte &#8211; Fisch (gelb)","author":"admin","date":"1. M\u00e4rz 2021","format":false,"excerpt":"Klischee-Postkarte - Fisch (gelb) Signierte Originaldruck Klischee Karte Klischee, Originaldruck, \u00a0Format: 11 x 21 cm, Fotokarton \u00a0 \u00a0","rel":"","context":"\u00c4hnlicher Beitrag","block_context":{"text":"\u00c4hnlicher Beitrag","link":""},"img":{"alt_text":"","src":"https:\/\/i0.wp.com\/www.titadoregosilva.de\/shop\/wp-content\/uploads\/SENF-FISCH.jpeg?fit=1200%2C607&ssl=1&resize=350%2C200","width":350,"height":200,"srcset":"https:\/\/i0.wp.com\/www.titadoregosilva.de\/shop\/wp-content\/uploads\/SENF-FISCH.jpeg?fit=1200%2C607&ssl=1&resize=350%2C200 1x, https:\/\/i0.wp.com\/www.titadoregosilva.de\/shop\/wp-content\/uploads\/SENF-FISCH.jpeg?fit=1200%2C607&ssl=1&resize=525%2C300 1.5x, https:\/\/i0.wp.com\/www.titadoregosilva.de\/shop\/wp-content\/uploads\/SENF-FISCH.jpeg?fit=1200%2C607&ssl=1&resize=700%2C400 2x, https:\/\/i0.wp.com\/www.titadoregosilva.de\/shop\/wp-content\/uploads\/SENF-FISCH.jpeg?fit=1200%2C607&ssl=1&resize=1050%2C600 3x"},"classes":[]},{"id":4187,"url":"https:\/\/www.titadoregosilva.de\/shop\/produkt\/klischee-postkarte-chamaeleon\/","url_meta":{"origin":4183,"position":5},"title":"Klischee Postkarte &#8211; Cham\u00e4leon (orange)","author":"admin","date":"1. M\u00e4rz 2021","format":false,"excerpt":"Klischee-Postkarte - Cham\u00e4leon (orange) Signierte Originaldruck Klischee Karte Klischee, Originaldruck, \u00a0Format: 11 x 21 cm, Fotokarton \u00a0 \u00a0","rel":"","context":"\u00c4hnlicher Beitrag","block_context":{"text":"\u00c4hnlicher Beitrag","link":""},"img":{"alt_text":"","src":"https:\/\/i0.wp.com\/www.titadoregosilva.de\/shop\/wp-content\/uploads\/ORANGE-Chamaeleon-.jpeg?fit=1200%2C611&ssl=1&resize=350%2C200","width":350,"height":200,"srcset":"https:\/\/i0.wp.com\/www.titadoregosilva.de\/shop\/wp-content\/uploads\/ORANGE-Chamaeleon-.jpeg?fit=1200%2C611&ssl=1&resize=350%2C200 1x, https:\/\/i0.wp.com\/www.titadoregosilva.de\/shop\/wp-content\/uploads\/ORANGE-Chamaeleon-.jpeg?fit=1200%2C611&ssl=1&resize=525%2C300 1.5x, https:\/\/i0.wp.com\/www.titadoregosilva.de\/shop\/wp-content\/uploads\/ORANGE-Chamaeleon-.jpeg?fit=1200%2C611&ssl=1&resize=700%2C400 2x, https:\/\/i0.wp.com\/www.titadoregosilva.de\/shop\/wp-content\/uploads\/ORANGE-Chamaeleon-.jpeg?fit=1200%2C611&ssl=1&resize=1050%2C600 3x"},"classes":[]}],"jetpack_likes_enabled":true,"_links":{"self":[{"href":"https:\/\/www.titadoregosilva.de\/shop\/wp-json\/wp\/v2\/product\/4183","targetHints":{"allow":["GET"]}}],"collection":[{"href":"https:\/\/www.titadoregosilva.de\/shop\/wp-json\/wp\/v2\/product"}],"about":[{"href":"https:\/\/www.titadoregosilva.de\/shop\/wp-json\/wp\/v2\/types\/product"}],"replies":[{"embeddable":true,"href":"https:\/\/www.titadoregosilva.de\/shop\/wp-json\/wp\/v2\/comments?post=4183"}],"wp:featuredmedia":[{"embeddable":true,"href":"https:\/\/www.titadoregosilva.de\/shop\/wp-json\/wp\/v2\/media\/4226"}],"wp:attachment":[{"href":"https:\/\/www.titadoregosilva.de\/shop\/wp-json\/wp\/v2\/media?parent=4183"}],"wp:term":[{"taxonomy":"product_brand","embeddable":true,"href":"https:\/\/www.titadoregosilva.de\/shop\/wp-json\/wp\/v2\/product_brand?post=4183"},{"taxonomy":"product_cat","embeddable":true,"href":"https:\/\/www.titadoregosilva.de\/shop\/wp-json\/wp\/v2\/product_cat?post=4183"},{"taxonomy":"product_tag","embeddable":true,"href":"https:\/\/www.titadoregosilva.de\/shop\/wp-json\/wp\/v2\/product_tag?post=4183"}],"curies":[{"name":"wp","href":"https:\/\/api.w.org\/{rel}","templated":true}]}}