{"id":4096,"date":"2020-11-20T19:48:26","date_gmt":"2020-11-20T18:48:26","guid":{"rendered":"https:\/\/www.titadoregosilva.de\/shop\/?post_type=product&#038;p=4096"},"modified":"2024-08-03T17:00:01","modified_gmt":"2024-08-03T15:00:01","slug":"kuriosekurzweil-23","status":"publish","type":"product","link":"https:\/\/www.titadoregosilva.de\/shop\/produkt\/kuriosekurzweil-23\/","title":{"rendered":"KurioseKurzweil &#8211; 23"},"content":{"rendered":"","protected":false},"excerpt":{"rendered":"<p><strong>Kuriose Kurzweil &#8211; 23<br \/>\n<\/strong>\u00a02018,\u00a0Farb-Linolschnitt, Werkdruckpapier,\u00a0Format Blatt: 26 x 35 cm,\u00a0Format Bild: 15 x 20 cm<\/p>\n<p>Preis urspr\u00fcnglich \u20ac 130,-<\/p>\n<p>&nbsp;<\/p>\n","protected":false},"featured_media":4104,"comment_status":"closed","ping_status":"closed","template":"","meta":[],"product_brand":[],"product_cat":[89],"product_tag":[567,568,37,569,68,592,593,594,540,595,541,543,546,566],"class_list":{"0":"post-4096","1":"product","2":"type-product","3":"status-publish","4":"has-post-thumbnail","6":"product_cat-xilos","7":"product_tag-kunst","8":"product_tag-verlorene-form","9":"product_tag-holzschnitt","10":"product_tag-farbe","11":"product_tag-buch","12":"product_tag-kuriose-kurzweil","13":"product_tag-kurios","14":"product_tag-kurzweil","15":"product_tag-linolschnitt","16":"product_tag-illustration","17":"product_tag-linol","18":"product_tag-xilo","19":"product_tag-original","20":"product_tag-woodcut","21":"product_shipping_class-de1kg","23":"first","24":"instock","25":"taxable","26":"shipping-taxable","27":"purchasable","28":"product-type-simple"},"jetpack_sharing_enabled":true,"jetpack-related-posts":[{"id":4059,"url":"https:\/\/www.titadoregosilva.de\/shop\/produkt\/lust_auf_marokko\/","url_meta":{"origin":4096,"position":0},"title":"Lust auf Marokko","author":"admin","date":"1. November 2020","format":false,"excerpt":"Lust auf Marokko 1999, Farb-Holzschnitt\u00a0 - Verlorene Form, Werkdruckpapier, Auflage 23, Bildformat: 19 x 23 cm Blattformat: 33 x 40cm","rel":"","context":"\u00c4hnlicher Beitrag","block_context":{"text":"\u00c4hnlicher Beitrag","link":""},"img":{"alt_text":"","src":"https:\/\/i0.wp.com\/www.titadoregosilva.de\/shop\/wp-content\/uploads\/lust_auf_marokko.jpeg?fit=997%2C1200&ssl=1&resize=350%2C200","width":350,"height":200,"srcset":"https:\/\/i0.wp.com\/www.titadoregosilva.de\/shop\/wp-content\/uploads\/lust_auf_marokko.jpeg?fit=997%2C1200&ssl=1&resize=350%2C200 1x, https:\/\/i0.wp.com\/www.titadoregosilva.de\/shop\/wp-content\/uploads\/lust_auf_marokko.jpeg?fit=997%2C1200&ssl=1&resize=525%2C300 1.5x, https:\/\/i0.wp.com\/www.titadoregosilva.de\/shop\/wp-content\/uploads\/lust_auf_marokko.jpeg?fit=997%2C1200&ssl=1&resize=700%2C400 2x"},"classes":[]},{"id":4056,"url":"https:\/\/www.titadoregosilva.de\/shop\/produkt\/fahrradtour\/","url_meta":{"origin":4096,"position":1},"title":"Fahrradtour","author":"admin","date":"1. November 2020","format":false,"excerpt":"Fahrradtour 1999, Farb-Holzschnitt\u00a0 - Verlorene Form, Werkdruckpapier, Auflage 23, Bildformat: 23 x 18,5 Blattformat: 33 x 40cm","rel":"","context":"\u00c4hnlicher Beitrag","block_context":{"text":"\u00c4hnlicher Beitrag","link":""},"img":{"alt_text":"","src":"https:\/\/i0.wp.com\/www.titadoregosilva.de\/shop\/wp-content\/uploads\/IMG_0090-scaled.jpeg?fit=1200%2C1092&ssl=1&resize=350%2C200","width":350,"height":200,"srcset":"https:\/\/i0.wp.com\/www.titadoregosilva.de\/shop\/wp-content\/uploads\/IMG_0090-scaled.jpeg?fit=1200%2C1092&ssl=1&resize=350%2C200 1x, https:\/\/i0.wp.com\/www.titadoregosilva.de\/shop\/wp-content\/uploads\/IMG_0090-scaled.jpeg?fit=1200%2C1092&ssl=1&resize=525%2C300 1.5x, https:\/\/i0.wp.com\/www.titadoregosilva.de\/shop\/wp-content\/uploads\/IMG_0090-scaled.jpeg?fit=1200%2C1092&ssl=1&resize=700%2C400 2x, https:\/\/i0.wp.com\/www.titadoregosilva.de\/shop\/wp-content\/uploads\/IMG_0090-scaled.jpeg?fit=1200%2C1092&ssl=1&resize=1050%2C600 3x"},"classes":[]},{"id":4057,"url":"https:\/\/www.titadoregosilva.de\/shop\/produkt\/phoenix\/","url_meta":{"origin":4096,"position":2},"title":"Phoenix","author":"admin","date":"1. November 2020","format":false,"excerpt":"Phoenix 1999, Farb-Holzschnitt\u00a0 - Verlorene Form, Werkdruckpapier, Auflage 23, Bildformat: 23 x 18,5 Blattformat: 33 x 40cm","rel":"","context":"\u00c4hnlicher Beitrag","block_context":{"text":"\u00c4hnlicher Beitrag","link":""},"img":{"alt_text":"","src":"https:\/\/i0.wp.com\/www.titadoregosilva.de\/shop\/wp-content\/uploads\/phoenix.jpeg?fit=1200%2C986&ssl=1&resize=350%2C200","width":350,"height":200,"srcset":"https:\/\/i0.wp.com\/www.titadoregosilva.de\/shop\/wp-content\/uploads\/phoenix.jpeg?fit=1200%2C986&ssl=1&resize=350%2C200 1x, https:\/\/i0.wp.com\/www.titadoregosilva.de\/shop\/wp-content\/uploads\/phoenix.jpeg?fit=1200%2C986&ssl=1&resize=525%2C300 1.5x, https:\/\/i0.wp.com\/www.titadoregosilva.de\/shop\/wp-content\/uploads\/phoenix.jpeg?fit=1200%2C986&ssl=1&resize=700%2C400 2x, https:\/\/i0.wp.com\/www.titadoregosilva.de\/shop\/wp-content\/uploads\/phoenix.jpeg?fit=1200%2C986&ssl=1&resize=1050%2C600 3x"},"classes":[]},{"id":2658,"url":"https:\/\/www.titadoregosilva.de\/shop\/produkt\/laboratorium-01\/","url_meta":{"origin":4096,"position":3},"title":"Laboratorium &#8211; 01","author":"admin","date":"18. November 2018","format":false,"excerpt":"Serie Laboratorium - 01 2000, Farb-Holzschnitt \u00a0- Verlorene Form, BFK Rives B\u00fcttenpapier , Auflage: 19, Format Blatt 32,5 x 48,5 cm, Format Bild 23 x 28 cm","rel":"","context":"\u00c4hnlicher Beitrag","block_context":{"text":"\u00c4hnlicher Beitrag","link":""},"img":{"alt_text":"","src":"https:\/\/i0.wp.com\/www.titadoregosilva.de\/shop\/wp-content\/uploads\/2018\/11\/Laboratorium-01.jpg?fit=521%2C800&ssl=1&resize=350%2C200","width":350,"height":200},"classes":[]},{"id":2659,"url":"https:\/\/www.titadoregosilva.de\/shop\/produkt\/laboratorium-02\/","url_meta":{"origin":4096,"position":4},"title":"Laboratorium &#8211; 02","author":"admin","date":"18. November 2018","format":false,"excerpt":"Serie Laboratorium - 02 2000, Farb-Holzschnitt \u00a0- Verlorene Form, BFK Rives B\u00fcttenpapier , Auflage: 19, Format Blatt 32,5 x 48,5 cm, Format Bild 23 x 28 cm","rel":"","context":"\u00c4hnlicher Beitrag","block_context":{"text":"\u00c4hnlicher Beitrag","link":""},"img":{"alt_text":"","src":"https:\/\/i0.wp.com\/www.titadoregosilva.de\/shop\/wp-content\/uploads\/2018\/11\/Laboratorium-02.jpg?fit=506%2C800&ssl=1&resize=350%2C200","width":350,"height":200},"classes":[]},{"id":2660,"url":"https:\/\/www.titadoregosilva.de\/shop\/produkt\/laboratorium-03\/","url_meta":{"origin":4096,"position":5},"title":"Laboratorium &#8211; 03","author":"admin","date":"18. November 2018","format":false,"excerpt":"Serie Laboratorium - 03 2000, Farb-Holzschnitt \u00a0- Verlorene Form, BFK Rives B\u00fcttenpapier , Auflage: 19, Format Blatt 32,5 x 48,5 cm, Format Bild 23 x 28 cm","rel":"","context":"\u00c4hnlicher Beitrag","block_context":{"text":"\u00c4hnlicher Beitrag","link":""},"img":{"alt_text":"","src":"https:\/\/i0.wp.com\/www.titadoregosilva.de\/shop\/wp-content\/uploads\/2018\/11\/Laboratorium-03.jpg?fit=521%2C800&ssl=1&resize=350%2C200","width":350,"height":200},"classes":[]}],"jetpack_likes_enabled":true,"_links":{"self":[{"href":"https:\/\/www.titadoregosilva.de\/shop\/wp-json\/wp\/v2\/product\/4096","targetHints":{"allow":["GET"]}}],"collection":[{"href":"https:\/\/www.titadoregosilva.de\/shop\/wp-json\/wp\/v2\/product"}],"about":[{"href":"https:\/\/www.titadoregosilva.de\/shop\/wp-json\/wp\/v2\/types\/product"}],"replies":[{"embeddable":true,"href":"https:\/\/www.titadoregosilva.de\/shop\/wp-json\/wp\/v2\/comments?post=4096"}],"wp:featuredmedia":[{"embeddable":true,"href":"https:\/\/www.titadoregosilva.de\/shop\/wp-json\/wp\/v2\/media\/4104"}],"wp:attachment":[{"href":"https:\/\/www.titadoregosilva.de\/shop\/wp-json\/wp\/v2\/media?parent=4096"}],"wp:term":[{"taxonomy":"product_brand","embeddable":true,"href":"https:\/\/www.titadoregosilva.de\/shop\/wp-json\/wp\/v2\/product_brand?post=4096"},{"taxonomy":"product_cat","embeddable":true,"href":"https:\/\/www.titadoregosilva.de\/shop\/wp-json\/wp\/v2\/product_cat?post=4096"},{"taxonomy":"product_tag","embeddable":true,"href":"https:\/\/www.titadoregosilva.de\/shop\/wp-json\/wp\/v2\/product_tag?post=4096"}],"curies":[{"name":"wp","href":"https:\/\/api.w.org\/{rel}","templated":true}]}}