{"id":4068,"date":"2020-11-20T10:14:12","date_gmt":"2020-11-20T09:14:12","guid":{"rendered":"https:\/\/www.titadoregosilva.de\/shop\/?post_type=product&#038;p=4068"},"modified":"2024-07-16T17:16:49","modified_gmt":"2024-07-16T15:16:49","slug":"kostuem-fuer-die-erde","status":"publish","type":"product","link":"https:\/\/www.titadoregosilva.de\/shop\/produkt\/kostuem-fuer-die-erde\/","title":{"rendered":"Ein Kost\u00fcm f\u00fcr die Erde"},"content":{"rendered":"<div class=\"page\" title=\"Page 2\">\n<div class=\"section\">\n<div class=\"layoutArea\">\n<div class=\"column\">\n<h3>Ein Kost\u00fcm f\u00fcr die Erde &#8211; Kinderbuch<\/h3>\n<p>Das sch\u00f6ne M\u00e4rchen wie ein M\u00e4dchen die Erde rettet.<\/p>\n<p>F\u00fcr Kinder und Erwachsene.<\/p>\n<p>&nbsp;<\/p>\n<p>Format 21 x 15 cm<\/p>\n<p>inkl. Karte &amp; Papiert\u00fcte<\/p>\n<\/div>\n<\/div>\n<\/div>\n<\/div>\n","protected":false},"excerpt":{"rendered":"<h3>Ein Kost\u00fcm f\u00fcr die Erde &#8211; Kinderbuch<\/h3>\n<p>Das sch\u00f6ne M\u00e4rchen wie ein M\u00e4dchen die Erde rettet.<\/p>\n<p>F\u00fcr Kinder und Erwachsene.<\/p>\n<p>2020,\u00a0Offsetdruck, Auflage:\u00a01.000, Format:\u00a021 x 15 cm<\/p>\n<p>inkl. Karte &amp; Papiert\u00fcte<\/p>\n","protected":false},"featured_media":4069,"comment_status":"closed","ping_status":"closed","template":"","meta":[],"product_brand":[],"product_cat":[90],"product_tag":[588,589,37,590,68,591,534,569,585,586,587],"class_list":{"0":"post-4068","1":"product","2":"type-product","3":"status-publish","4":"has-post-thumbnail","6":"product_cat-buchkunst","7":"product_tag-nachhaltigkeit","8":"product_tag-kostuem-fuer-die-erde","9":"product_tag-holzschnitt","10":"product_tag-umwelt","11":"product_tag-buch","12":"product_tag-fridays-for-future","13":"product_tag-bunt","14":"product_tag-farbe","15":"product_tag-kostuem","16":"product_tag-kinderbuch","17":"product_tag-erde","18":"product_shipping_class-de1kg","20":"first","21":"instock","22":"taxable","23":"shipping-taxable","24":"purchasable","25":"product-type-simple"},"jetpack_sharing_enabled":true,"jetpack-related-posts":[{"id":4182,"url":"https:\/\/www.titadoregosilva.de\/shop\/produkt\/karte-dackel\/","url_meta":{"origin":4068,"position":0},"title":"Klischee Postkarte &#8211; Dackel (anthrazit)","author":"admin","date":"1. M\u00e4rz 2021","format":false,"excerpt":"Klischee-Postkarte - Dackel (Anthrazit) Signierte Originaldruck Klischee Karte Klischee, Originaldruck, \u00a0Format: 11 x 21 cm, Fotokarton \u00a0 \u00a0","rel":"","context":"\u00c4hnlicher Beitrag","block_context":{"text":"\u00c4hnlicher Beitrag","link":""},"img":{"alt_text":"","src":"https:\/\/i0.wp.com\/www.titadoregosilva.de\/shop\/wp-content\/uploads\/Anthrazit-DACKEL1.jpeg?fit=1200%2C617&ssl=1&resize=350%2C200","width":350,"height":200,"srcset":"https:\/\/i0.wp.com\/www.titadoregosilva.de\/shop\/wp-content\/uploads\/Anthrazit-DACKEL1.jpeg?fit=1200%2C617&ssl=1&resize=350%2C200 1x, https:\/\/i0.wp.com\/www.titadoregosilva.de\/shop\/wp-content\/uploads\/Anthrazit-DACKEL1.jpeg?fit=1200%2C617&ssl=1&resize=525%2C300 1.5x, https:\/\/i0.wp.com\/www.titadoregosilva.de\/shop\/wp-content\/uploads\/Anthrazit-DACKEL1.jpeg?fit=1200%2C617&ssl=1&resize=700%2C400 2x, https:\/\/i0.wp.com\/www.titadoregosilva.de\/shop\/wp-content\/uploads\/Anthrazit-DACKEL1.jpeg?fit=1200%2C617&ssl=1&resize=1050%2C600 3x"},"classes":[]},{"id":4184,"url":"https:\/\/www.titadoregosilva.de\/shop\/produkt\/klischee-postkarte-vogel\/","url_meta":{"origin":4068,"position":1},"title":"Klischee Postkarte &#8211; Vogel (gr\u00fcn)","author":"admin","date":"1. M\u00e4rz 2021","format":false,"excerpt":"Klischee-Postkarte - Vogel (gr\u00fcn) Signierte Originaldruck Klischee Karte Klischee, Originaldruck, \u00a0Format: 11 x 21 cm, Fotokarton \u00a0 \u00a0","rel":"","context":"\u00c4hnlicher Beitrag","block_context":{"text":"\u00c4hnlicher Beitrag","link":""},"img":{"alt_text":"","src":"https:\/\/i0.wp.com\/www.titadoregosilva.de\/shop\/wp-content\/uploads\/OLIVEN-GRUeN-VOeGEL.jpeg?fit=1200%2C612&ssl=1&resize=350%2C200","width":350,"height":200,"srcset":"https:\/\/i0.wp.com\/www.titadoregosilva.de\/shop\/wp-content\/uploads\/OLIVEN-GRUeN-VOeGEL.jpeg?fit=1200%2C612&ssl=1&resize=350%2C200 1x, https:\/\/i0.wp.com\/www.titadoregosilva.de\/shop\/wp-content\/uploads\/OLIVEN-GRUeN-VOeGEL.jpeg?fit=1200%2C612&ssl=1&resize=525%2C300 1.5x, https:\/\/i0.wp.com\/www.titadoregosilva.de\/shop\/wp-content\/uploads\/OLIVEN-GRUeN-VOeGEL.jpeg?fit=1200%2C612&ssl=1&resize=700%2C400 2x, https:\/\/i0.wp.com\/www.titadoregosilva.de\/shop\/wp-content\/uploads\/OLIVEN-GRUeN-VOeGEL.jpeg?fit=1200%2C612&ssl=1&resize=1050%2C600 3x"},"classes":[]},{"id":4185,"url":"https:\/\/www.titadoregosilva.de\/shop\/produkt\/klischee-postkarte-hund\/","url_meta":{"origin":4068,"position":2},"title":"Klischee Postkarte &#8211; Hund (gr\u00fcn)","author":"admin","date":"1. M\u00e4rz 2021","format":false,"excerpt":"Klischee-Postkarte - Hund (gr\u00fcn) Signierte Originaldruck Klischee Karte Klischee, Originaldruck, \u00a0Format: 11 x 21 cm, Fotokarton \u00a0 \u00a0","rel":"","context":"\u00c4hnlicher Beitrag","block_context":{"text":"\u00c4hnlicher Beitrag","link":""},"img":{"alt_text":"","src":"https:\/\/i0.wp.com\/www.titadoregosilva.de\/shop\/wp-content\/uploads\/OLIVEN-GRUeN-DACKEL2.jpeg?fit=1200%2C616&ssl=1&resize=350%2C200","width":350,"height":200,"srcset":"https:\/\/i0.wp.com\/www.titadoregosilva.de\/shop\/wp-content\/uploads\/OLIVEN-GRUeN-DACKEL2.jpeg?fit=1200%2C616&ssl=1&resize=350%2C200 1x, https:\/\/i0.wp.com\/www.titadoregosilva.de\/shop\/wp-content\/uploads\/OLIVEN-GRUeN-DACKEL2.jpeg?fit=1200%2C616&ssl=1&resize=525%2C300 1.5x, https:\/\/i0.wp.com\/www.titadoregosilva.de\/shop\/wp-content\/uploads\/OLIVEN-GRUeN-DACKEL2.jpeg?fit=1200%2C616&ssl=1&resize=700%2C400 2x, https:\/\/i0.wp.com\/www.titadoregosilva.de\/shop\/wp-content\/uploads\/OLIVEN-GRUeN-DACKEL2.jpeg?fit=1200%2C616&ssl=1&resize=1050%2C600 3x"},"classes":[]},{"id":4223,"url":"https:\/\/www.titadoregosilva.de\/shop\/produkt\/klischee-postkarte-tapir\/","url_meta":{"origin":4068,"position":3},"title":"Klischee Postkarte &#8211; Tapir (gelb)","author":"admin","date":"2. M\u00e4rz 2021","format":false,"excerpt":"Klischee-Postkarte - Tapir (gelb) Signierte Originaldruck Klischee Karte Klischee, Originaldruck, \u00a0Format: 11 x 21 cm, Fotokarton \u00a0 \u00a0","rel":"","context":"\u00c4hnlicher Beitrag","block_context":{"text":"\u00c4hnlicher Beitrag","link":""},"img":{"alt_text":"","src":"https:\/\/i0.wp.com\/www.titadoregosilva.de\/shop\/wp-content\/uploads\/SENF-MAUS.jpeg?fit=1200%2C623&ssl=1&resize=350%2C200","width":350,"height":200,"srcset":"https:\/\/i0.wp.com\/www.titadoregosilva.de\/shop\/wp-content\/uploads\/SENF-MAUS.jpeg?fit=1200%2C623&ssl=1&resize=350%2C200 1x, https:\/\/i0.wp.com\/www.titadoregosilva.de\/shop\/wp-content\/uploads\/SENF-MAUS.jpeg?fit=1200%2C623&ssl=1&resize=525%2C300 1.5x, https:\/\/i0.wp.com\/www.titadoregosilva.de\/shop\/wp-content\/uploads\/SENF-MAUS.jpeg?fit=1200%2C623&ssl=1&resize=700%2C400 2x, https:\/\/i0.wp.com\/www.titadoregosilva.de\/shop\/wp-content\/uploads\/SENF-MAUS.jpeg?fit=1200%2C623&ssl=1&resize=1050%2C600 3x"},"classes":[]},{"id":4186,"url":"https:\/\/www.titadoregosilva.de\/shop\/produkt\/klischee-postkarte-fisch\/","url_meta":{"origin":4068,"position":4},"title":"Klischee Postkarte &#8211; Fisch (gelb)","author":"admin","date":"1. M\u00e4rz 2021","format":false,"excerpt":"Klischee-Postkarte - Fisch (gelb) Signierte Originaldruck Klischee Karte Klischee, Originaldruck, \u00a0Format: 11 x 21 cm, Fotokarton \u00a0 \u00a0","rel":"","context":"\u00c4hnlicher Beitrag","block_context":{"text":"\u00c4hnlicher Beitrag","link":""},"img":{"alt_text":"","src":"https:\/\/i0.wp.com\/www.titadoregosilva.de\/shop\/wp-content\/uploads\/SENF-FISCH.jpeg?fit=1200%2C607&ssl=1&resize=350%2C200","width":350,"height":200,"srcset":"https:\/\/i0.wp.com\/www.titadoregosilva.de\/shop\/wp-content\/uploads\/SENF-FISCH.jpeg?fit=1200%2C607&ssl=1&resize=350%2C200 1x, https:\/\/i0.wp.com\/www.titadoregosilva.de\/shop\/wp-content\/uploads\/SENF-FISCH.jpeg?fit=1200%2C607&ssl=1&resize=525%2C300 1.5x, https:\/\/i0.wp.com\/www.titadoregosilva.de\/shop\/wp-content\/uploads\/SENF-FISCH.jpeg?fit=1200%2C607&ssl=1&resize=700%2C400 2x, https:\/\/i0.wp.com\/www.titadoregosilva.de\/shop\/wp-content\/uploads\/SENF-FISCH.jpeg?fit=1200%2C607&ssl=1&resize=1050%2C600 3x"},"classes":[]},{"id":4187,"url":"https:\/\/www.titadoregosilva.de\/shop\/produkt\/klischee-postkarte-chamaeleon\/","url_meta":{"origin":4068,"position":5},"title":"Klischee Postkarte &#8211; Cham\u00e4leon (orange)","author":"admin","date":"1. M\u00e4rz 2021","format":false,"excerpt":"Klischee-Postkarte - Cham\u00e4leon (orange) Signierte Originaldruck Klischee Karte Klischee, Originaldruck, \u00a0Format: 11 x 21 cm, Fotokarton \u00a0 \u00a0","rel":"","context":"\u00c4hnlicher Beitrag","block_context":{"text":"\u00c4hnlicher Beitrag","link":""},"img":{"alt_text":"","src":"https:\/\/i0.wp.com\/www.titadoregosilva.de\/shop\/wp-content\/uploads\/ORANGE-Chamaeleon-.jpeg?fit=1200%2C611&ssl=1&resize=350%2C200","width":350,"height":200,"srcset":"https:\/\/i0.wp.com\/www.titadoregosilva.de\/shop\/wp-content\/uploads\/ORANGE-Chamaeleon-.jpeg?fit=1200%2C611&ssl=1&resize=350%2C200 1x, https:\/\/i0.wp.com\/www.titadoregosilva.de\/shop\/wp-content\/uploads\/ORANGE-Chamaeleon-.jpeg?fit=1200%2C611&ssl=1&resize=525%2C300 1.5x, https:\/\/i0.wp.com\/www.titadoregosilva.de\/shop\/wp-content\/uploads\/ORANGE-Chamaeleon-.jpeg?fit=1200%2C611&ssl=1&resize=700%2C400 2x, https:\/\/i0.wp.com\/www.titadoregosilva.de\/shop\/wp-content\/uploads\/ORANGE-Chamaeleon-.jpeg?fit=1200%2C611&ssl=1&resize=1050%2C600 3x"},"classes":[]}],"jetpack_likes_enabled":true,"_links":{"self":[{"href":"https:\/\/www.titadoregosilva.de\/shop\/wp-json\/wp\/v2\/product\/4068","targetHints":{"allow":["GET"]}}],"collection":[{"href":"https:\/\/www.titadoregosilva.de\/shop\/wp-json\/wp\/v2\/product"}],"about":[{"href":"https:\/\/www.titadoregosilva.de\/shop\/wp-json\/wp\/v2\/types\/product"}],"replies":[{"embeddable":true,"href":"https:\/\/www.titadoregosilva.de\/shop\/wp-json\/wp\/v2\/comments?post=4068"}],"wp:featuredmedia":[{"embeddable":true,"href":"https:\/\/www.titadoregosilva.de\/shop\/wp-json\/wp\/v2\/media\/4069"}],"wp:attachment":[{"href":"https:\/\/www.titadoregosilva.de\/shop\/wp-json\/wp\/v2\/media?parent=4068"}],"wp:term":[{"taxonomy":"product_brand","embeddable":true,"href":"https:\/\/www.titadoregosilva.de\/shop\/wp-json\/wp\/v2\/product_brand?post=4068"},{"taxonomy":"product_cat","embeddable":true,"href":"https:\/\/www.titadoregosilva.de\/shop\/wp-json\/wp\/v2\/product_cat?post=4068"},{"taxonomy":"product_tag","embeddable":true,"href":"https:\/\/www.titadoregosilva.de\/shop\/wp-json\/wp\/v2\/product_tag?post=4068"}],"curies":[{"name":"wp","href":"https:\/\/api.w.org\/{rel}","templated":true}]}}