{"id":3716,"date":"2020-03-25T12:58:59","date_gmt":"2020-03-25T11:58:59","guid":{"rendered":"https:\/\/www.titadoregosilva.de\/shop\/?post_type=product&#038;p=3716"},"modified":"2023-12-05T12:28:14","modified_gmt":"2023-12-05T11:28:14","slug":"die-fabelhafte-welt-der-tita-jubilaeumskatalog","status":"publish","type":"product","link":"https:\/\/www.titadoregosilva.de\/shop\/produkt\/die-fabelhafte-welt-der-tita-jubilaeumskatalog\/","title":{"rendered":"Die fabelhafte Welt der TITA &#8211; Jubil\u00e4umskatalog"},"content":{"rendered":"","protected":false},"excerpt":{"rendered":"<p>&#8220;Die fabelhafte Welt der TITA&#8221;<\/p>\n<p>Eine Retroperspektive \u00fcber 30 Jahre<\/p>\n<p>Tita do R\u00eago Silva<\/p>\n<p>und ihre tierisch menschliche<\/p>\n<p>Holzschnittkunst<\/p>\n<p>&nbsp;<\/p>\n<p>&nbsp;<\/p>\n<p>Katalog zur Jubil\u00e4umsausstellung im Museum Boppard.<\/p>\n<p>05. Mai &#8211; 25. August 2019<\/p>\n<p>&nbsp;<\/p>\n<p>&nbsp;<\/p>\n<p>17 x 24 cm; Off-Set Druck; Auflage: 1.000; Mai 2019<\/p>\n","protected":false},"featured_media":3728,"comment_status":"closed","ping_status":"closed","template":"","meta":{"jetpack_post_was_ever_published":false},"product_brand":[],"product_cat":[90,524],"product_tag":[61,532,549,550,551],"class_list":{"0":"post-3716","1":"product","2":"type-product","3":"status-publish","4":"has-post-thumbnail","6":"product_cat-buchkunst","7":"product_cat-werkkatalog","8":"product_tag-katalog","9":"product_tag-jubilaeum","10":"product_tag-boppard","11":"product_tag-30-jahre","12":"product_tag-retrospektive","14":"first","15":"instock","16":"taxable","17":"shipping-taxable","18":"purchasable","19":"product-type-simple"},"jetpack_sharing_enabled":true,"jetpack-related-posts":[{"id":3714,"url":"https:\/\/www.titadoregosilva.de\/shop\/produkt\/kindheit-mit-einem-druck-aus-dem-originalbuch\/","url_meta":{"origin":3716,"position":0},"title":"Kindheit mit einem Druck aus dem Originalbuch","author":"admin","date":"25. M\u00e4rz 2020","format":false,"excerpt":"\u00a0 \u201eKindheit - Wie unsere Mutter uns vor den Nazis rettete\u201c Text von Peggy Parnass - Layout & Illustrationen von Tita do R\u00eago Silva Off-Set-Druck - Fischer Verlag, Hardcover, 80 Seiten,\u00a0ISBN:978-3-596-85672-5 2014,\u00a0Format: 24 x 16 cm +\u00a0einen von drei Drucken aus dem Originalbuch. (Original-Druck aus dem Buch:\u00a022x33 cm; Holzschnitt)","rel":"","context":"\u00c4hnlicher Beitrag","block_context":{"text":"\u00c4hnlicher Beitrag","link":""},"img":{"alt_text":"","src":"https:\/\/i0.wp.com\/www.titadoregosilva.de\/shop\/wp-content\/uploads\/2018\/10\/01Kindheit-Cover.jpg?fit=527%2C800&ssl=1&resize=350%2C200","width":350,"height":200,"srcset":"https:\/\/i0.wp.com\/www.titadoregosilva.de\/shop\/wp-content\/uploads\/2018\/10\/01Kindheit-Cover.jpg?fit=527%2C800&ssl=1&resize=350%2C200 1x, https:\/\/i0.wp.com\/www.titadoregosilva.de\/shop\/wp-content\/uploads\/2018\/10\/01Kindheit-Cover.jpg?fit=527%2C800&ssl=1&resize=525%2C300 1.5x"},"classes":[]},{"id":2701,"url":"https:\/\/www.titadoregosilva.de\/shop\/produkt\/ein-fest-im-himmel\/","url_meta":{"origin":3716,"position":1},"title":"Ein Fest im Himmel","author":"admin","date":"19. November 2018","format":false,"excerpt":"Ein Fest im Himmel Brasilianisches M\u00e4rchen; Text und Illustrationen: Tita do Rego Silva - Illustrationen: Holzschnitte und Klischees - Schrift: Klischee Satz - Druck: Korrex Handpresse,\u00a02007, Farb-Holzschnitt \u2013 Verlorene Form, Werkdruckpapier, Auflage 60, Format: 30 x 37 cm","rel":"","context":"\u00c4hnlicher Beitrag","block_context":{"text":"\u00c4hnlicher Beitrag","link":""},"img":{"alt_text":"","src":"https:\/\/i0.wp.com\/www.titadoregosilva.de\/shop\/wp-content\/uploads\/2018\/11\/01EinFestimHimmel-Cover.jpg?fit=664%2C800&ssl=1&resize=350%2C200","width":350,"height":200,"srcset":"https:\/\/i0.wp.com\/www.titadoregosilva.de\/shop\/wp-content\/uploads\/2018\/11\/01EinFestimHimmel-Cover.jpg?fit=664%2C800&ssl=1&resize=350%2C200 1x, https:\/\/i0.wp.com\/www.titadoregosilva.de\/shop\/wp-content\/uploads\/2018\/11\/01EinFestimHimmel-Cover.jpg?fit=664%2C800&ssl=1&resize=525%2C300 1.5x"},"classes":[]},{"id":469,"url":"https:\/\/www.titadoregosilva.de\/shop\/produkt\/kindheit\/","url_meta":{"origin":3716,"position":2},"title":"Kindheit","author":"admin","date":"24. Oktober 2018","format":false,"excerpt":"\u201eKindheit - Wie unsere Mutter uns vor den Nazis rettete\u201c Text von Peggy Parnass - Illustrationen von Tita do R\u00eago Silva Off-Set-Druck - Fischer Verlag, Hardcover, 80 Seiten,\u00a0ISBN:978-3-596-85672-5 2014,\u00a0Format: 24 x 16 cm","rel":"","context":"\u00c4hnlicher Beitrag","block_context":{"text":"\u00c4hnlicher Beitrag","link":""},"img":{"alt_text":"","src":"https:\/\/i0.wp.com\/www.titadoregosilva.de\/shop\/wp-content\/uploads\/2018\/10\/01Kindheit-Cover.jpg?fit=527%2C800&ssl=1&resize=350%2C200","width":350,"height":200,"srcset":"https:\/\/i0.wp.com\/www.titadoregosilva.de\/shop\/wp-content\/uploads\/2018\/10\/01Kindheit-Cover.jpg?fit=527%2C800&ssl=1&resize=350%2C200 1x, https:\/\/i0.wp.com\/www.titadoregosilva.de\/shop\/wp-content\/uploads\/2018\/10\/01Kindheit-Cover.jpg?fit=527%2C800&ssl=1&resize=525%2C300 1.5x"},"classes":[]},{"id":2689,"url":"https:\/\/www.titadoregosilva.de\/shop\/produkt\/stefan-zweig-zitate-2\/","url_meta":{"origin":3716,"position":3},"title":"Stefan Zweig &#8211; Zitate 2","author":"admin","date":"19. November 2018","format":false,"excerpt":"Stefan Zweig - Zitate 2 Text: Stefan Zweig - Illustrationen: Tita do R\u00eago Silva Holz- und Linolschnitt - Schrift: Handsatz, Helvetica 36 und 48 p - Druck: Korrex Handpresse,\u00a02017, Holz- und Linolschnitt; Handsatz, Fotokarton, Format: 25 x 34 cm Fest Einband \"Savana Lein\" in verschiedenen Farben \u00a0(Gr\u00fcn, Himbeer-rosa, Kastanien-rose, Dunkel\u2026","rel":"","context":"\u00c4hnlicher Beitrag","block_context":{"text":"\u00c4hnlicher Beitrag","link":""},"img":{"alt_text":"","src":"https:\/\/i0.wp.com\/www.titadoregosilva.de\/shop\/wp-content\/uploads\/2018\/11\/StefanZweig-Zitate2-Cover.jpg?fit=600%2C800&ssl=1&resize=350%2C200","width":350,"height":200,"srcset":"https:\/\/i0.wp.com\/www.titadoregosilva.de\/shop\/wp-content\/uploads\/2018\/11\/StefanZweig-Zitate2-Cover.jpg?fit=600%2C800&ssl=1&resize=350%2C200 1x, https:\/\/i0.wp.com\/www.titadoregosilva.de\/shop\/wp-content\/uploads\/2018\/11\/StefanZweig-Zitate2-Cover.jpg?fit=600%2C800&ssl=1&resize=525%2C300 1.5x"},"classes":[]},{"id":4255,"url":"https:\/\/www.titadoregosilva.de\/shop\/produkt\/titas-kunstpuzzle\/","url_meta":{"origin":3716,"position":4},"title":"Titas Kunstpuzzle","author":"admin","date":"30. M\u00e4rz 2021","format":false,"excerpt":"Titas Kunstpuzzle 1000 Teile 1. Auflage: 40 Exemplare Ma\u00dfe: 70 x 50 cm Jahr: 2021","rel":"","context":"\u00c4hnlicher Beitrag","block_context":{"text":"\u00c4hnlicher Beitrag","link":""},"img":{"alt_text":"","src":"https:\/\/i0.wp.com\/www.titadoregosilva.de\/shop\/wp-content\/uploads\/IMG_3282-scaled.jpg?fit=1200%2C874&ssl=1&resize=350%2C200","width":350,"height":200,"srcset":"https:\/\/i0.wp.com\/www.titadoregosilva.de\/shop\/wp-content\/uploads\/IMG_3282-scaled.jpg?fit=1200%2C874&ssl=1&resize=350%2C200 1x, https:\/\/i0.wp.com\/www.titadoregosilva.de\/shop\/wp-content\/uploads\/IMG_3282-scaled.jpg?fit=1200%2C874&ssl=1&resize=525%2C300 1.5x, https:\/\/i0.wp.com\/www.titadoregosilva.de\/shop\/wp-content\/uploads\/IMG_3282-scaled.jpg?fit=1200%2C874&ssl=1&resize=700%2C400 2x, https:\/\/i0.wp.com\/www.titadoregosilva.de\/shop\/wp-content\/uploads\/IMG_3282-scaled.jpg?fit=1200%2C874&ssl=1&resize=1050%2C600 3x"},"classes":[]},{"id":4182,"url":"https:\/\/www.titadoregosilva.de\/shop\/produkt\/karte-dackel\/","url_meta":{"origin":3716,"position":5},"title":"Klischee Postkarte &#8211; Dackel (anthrazit)","author":"admin","date":"1. M\u00e4rz 2021","format":false,"excerpt":"Klischee-Postkarte - Dackel (Anthrazit) Signierte Originaldruck Klischee Karte Klischee, Originaldruck, \u00a0Format: 11 x 21 cm, Fotokarton \u00a0 \u00a0","rel":"","context":"\u00c4hnlicher Beitrag","block_context":{"text":"\u00c4hnlicher Beitrag","link":""},"img":{"alt_text":"","src":"https:\/\/i0.wp.com\/www.titadoregosilva.de\/shop\/wp-content\/uploads\/Anthrazit-DACKEL1.jpeg?fit=1200%2C617&ssl=1&resize=350%2C200","width":350,"height":200,"srcset":"https:\/\/i0.wp.com\/www.titadoregosilva.de\/shop\/wp-content\/uploads\/Anthrazit-DACKEL1.jpeg?fit=1200%2C617&ssl=1&resize=350%2C200 1x, https:\/\/i0.wp.com\/www.titadoregosilva.de\/shop\/wp-content\/uploads\/Anthrazit-DACKEL1.jpeg?fit=1200%2C617&ssl=1&resize=525%2C300 1.5x, https:\/\/i0.wp.com\/www.titadoregosilva.de\/shop\/wp-content\/uploads\/Anthrazit-DACKEL1.jpeg?fit=1200%2C617&ssl=1&resize=700%2C400 2x, https:\/\/i0.wp.com\/www.titadoregosilva.de\/shop\/wp-content\/uploads\/Anthrazit-DACKEL1.jpeg?fit=1200%2C617&ssl=1&resize=1050%2C600 3x"},"classes":[]}],"jetpack_likes_enabled":true,"_links":{"self":[{"href":"https:\/\/www.titadoregosilva.de\/shop\/wp-json\/wp\/v2\/product\/3716","targetHints":{"allow":["GET"]}}],"collection":[{"href":"https:\/\/www.titadoregosilva.de\/shop\/wp-json\/wp\/v2\/product"}],"about":[{"href":"https:\/\/www.titadoregosilva.de\/shop\/wp-json\/wp\/v2\/types\/product"}],"replies":[{"embeddable":true,"href":"https:\/\/www.titadoregosilva.de\/shop\/wp-json\/wp\/v2\/comments?post=3716"}],"wp:featuredmedia":[{"embeddable":true,"href":"https:\/\/www.titadoregosilva.de\/shop\/wp-json\/wp\/v2\/media\/3728"}],"wp:attachment":[{"href":"https:\/\/www.titadoregosilva.de\/shop\/wp-json\/wp\/v2\/media?parent=3716"}],"wp:term":[{"taxonomy":"product_brand","embeddable":true,"href":"https:\/\/www.titadoregosilva.de\/shop\/wp-json\/wp\/v2\/product_brand?post=3716"},{"taxonomy":"product_cat","embeddable":true,"href":"https:\/\/www.titadoregosilva.de\/shop\/wp-json\/wp\/v2\/product_cat?post=3716"},{"taxonomy":"product_tag","embeddable":true,"href":"https:\/\/www.titadoregosilva.de\/shop\/wp-json\/wp\/v2\/product_tag?post=3716"}],"curies":[{"name":"wp","href":"https:\/\/api.w.org\/{rel}","templated":true}]}}