{"id":3714,"date":"2020-03-25T12:47:59","date_gmt":"2020-03-25T11:47:59","guid":{"rendered":"https:\/\/www.titadoregosilva.de\/shop\/?post_type=product&#038;p=3714"},"modified":"2025-04-12T20:01:38","modified_gmt":"2025-04-12T18:01:38","slug":"kindheit-mit-einem-druck-aus-dem-originalbuch","status":"publish","type":"product","link":"https:\/\/www.titadoregosilva.de\/shop\/produkt\/kindheit-mit-einem-druck-aus-dem-originalbuch\/","title":{"rendered":"Kindheit mit einem Druck aus dem Originalbuch"},"content":{"rendered":"<h1 class=\"product-info-details-basic-title\">Kindheit<\/h1>\n<h2 class=\"product-info-details-basic-title\">&#8211; Wie unsere Mutter uns vor den Nazis rettete<\/h2>\n<p>Die vergriffene Originalausgabe wurde 2013 als eines der 25 sch\u00f6nsten deutschen B\u00fccher des Jahres pr\u00e4miert.<\/p>\n<p>In diesem Buch f\u00fcr Jugendliche und Erwachsene erz\u00e4hlt Peggy Parnass die Geschichte ihrer Kindheit im Dritten Reich. Peggy Parnass wurde mit ihrem vierj\u00e4hrigen Bruder 1939 mit einem Kindertransport nach Stockholm geschickt. Ihre Eltern sah sie nie wieder. Sie wurden in Treblinka von den Nazis ermordet.<\/p>\n<p>Tita do R\u00eago Silva hat farbenpr\u00e4chtige Holzschnitte daf\u00fcr geschaffen.<\/p>\n<p>In Kooperation mit den Verlagen (Info): Peggy Parnass: Wie unsere Mutter uns vor den Nazis rettete &#8211; Leseprobe bei Fischer Rezensionsnotiz zu S\u00fcddeutsche Zeitung, 17.10.2014<\/p>\n<p><em>Merklich bewegt berichtet Sybil Gr\u00e4fin Sch\u00f6nfeldt von ihrer Lekt\u00fcre der Kindheitserinnerungen von Peggy Parnass. So viel es \u00fcber die Opfer des Holocaust auch zu lesen, das Schicksal der Kinder, die von ihren verzweifelten Eltern ins Ausland geschickt wurden, wo es hoffentlich eine Zukunft f\u00fcr sie gibt, das hat die Rezensentin noch nicht &#8220;so genau, so schmerzhaft, so heftig, so prall&#8221; gelesen wie in diesem Buch.<\/em><\/p>\n<p><em>Die fr\u00fche Kindheit im Hamburg der aufkommenden Nazizeit, dann die Odysse durch Schweden und England und zw\u00f6lf verschiedene Pflegefamilien und Waisenh\u00e4user &#8211; Sch\u00f6nfeldt ist sprachlos ob dieses Schicksals, das angesichts von Parnass&#8217; fast hundert ermordeten Verwandten ja noch zu den gl\u00fccklichen z\u00e4hlt.<\/em><\/p>\n<p><b>Dazu gibt es einen von drei Drucken aus dem Originalbuch.<\/b><\/p>\n<p>Originaldruck: 22&#215;33 cm; Holzschnitt<\/p>\n","protected":false},"excerpt":{"rendered":"<p>&nbsp;<\/p>\n<p>\u201eKindheit &#8211; Wie unsere Mutter uns vor den Nazis rettete\u201c<\/p>\n<p>Text von Peggy Parnass &#8211; Layout &amp; Illustrationen von Tita do R\u00eago Silva<br \/>\nOff-Set-Druck &#8211; Fischer Verlag, Hardcover, 80 Seiten,\u00a0ISBN:978-3-596-85672-5<\/p>\n<p>2014,\u00a0Format: 24 x 16 cm<\/p>\n<p>+\u00a0<b>einen von drei Drucken aus dem Originalbuch. (<\/b>Original-Druck aus dem Buch:\u00a022&#215;33 cm; Holzschnitt)<\/p>\n","protected":false},"featured_media":2694,"comment_status":"closed","ping_status":"closed","template":"","meta":[],"product_brand":[],"product_cat":[90,521],"product_tag":[548,37,64,65,66,543,546,547],"class_list":{"0":"post-3714","1":"product","2":"type-product","3":"status-publish","4":"has-post-thumbnail","6":"product_cat-buchkunst","7":"product_cat-kindheit","8":"product_tag-angebot","9":"product_tag-holzschnitt","10":"product_tag-kindheit","11":"product_tag-peggy","12":"product_tag-peggy-parnass","13":"product_tag-xilo","14":"product_tag-original","15":"product_tag-tita","17":"first","18":"instock","19":"taxable","20":"shipping-taxable","21":"purchasable","22":"product-type-simple"},"jetpack_sharing_enabled":true,"jetpack-related-posts":[{"id":469,"url":"https:\/\/www.titadoregosilva.de\/shop\/produkt\/kindheit\/","url_meta":{"origin":3714,"position":0},"title":"Kindheit","author":"admin","date":"24. Oktober 2018","format":false,"excerpt":"\u201eKindheit - Wie unsere Mutter uns vor den Nazis rettete\u201c Text von Peggy Parnass - Illustrationen von Tita do R\u00eago Silva Off-Set-Druck - Fischer Verlag, Hardcover, 80 Seiten,\u00a0ISBN:978-3-596-85672-5 2014,\u00a0Format: 24 x 16 cm","rel":"","context":"\u00c4hnlicher Beitrag","block_context":{"text":"\u00c4hnlicher Beitrag","link":""},"img":{"alt_text":"","src":"https:\/\/i0.wp.com\/www.titadoregosilva.de\/shop\/wp-content\/uploads\/2018\/10\/01Kindheit-Cover.jpg?fit=527%2C800&ssl=1&resize=350%2C200","width":350,"height":200,"srcset":"https:\/\/i0.wp.com\/www.titadoregosilva.de\/shop\/wp-content\/uploads\/2018\/10\/01Kindheit-Cover.jpg?fit=527%2C800&ssl=1&resize=350%2C200 1x, https:\/\/i0.wp.com\/www.titadoregosilva.de\/shop\/wp-content\/uploads\/2018\/10\/01Kindheit-Cover.jpg?fit=527%2C800&ssl=1&resize=525%2C300 1.5x"},"classes":[]},{"id":2856,"url":"https:\/\/www.titadoregosilva.de\/shop\/produkt\/titas-malbuch\/","url_meta":{"origin":3714,"position":1},"title":"Tita&#8217;s Malbuch","author":"admin","date":"20. November 2018","format":false,"excerpt":"Tita's Malbuch Malbuch zum Kolorieren mit Buntstiften, 2017, Tintenstrahldruck, Werkdruckpapier, Auflage: 100","rel":"","context":"\u00c4hnlicher Beitrag","block_context":{"text":"\u00c4hnlicher Beitrag","link":""},"img":{"alt_text":"","src":"https:\/\/i0.wp.com\/www.titadoregosilva.de\/shop\/wp-content\/uploads\/2018\/11\/01TitasMalbuch-Cover.jpg?fit=1086%2C800&ssl=1&resize=350%2C200","width":350,"height":200,"srcset":"https:\/\/i0.wp.com\/www.titadoregosilva.de\/shop\/wp-content\/uploads\/2018\/11\/01TitasMalbuch-Cover.jpg?fit=1086%2C800&ssl=1&resize=350%2C200 1x, https:\/\/i0.wp.com\/www.titadoregosilva.de\/shop\/wp-content\/uploads\/2018\/11\/01TitasMalbuch-Cover.jpg?fit=1086%2C800&ssl=1&resize=525%2C300 1.5x, https:\/\/i0.wp.com\/www.titadoregosilva.de\/shop\/wp-content\/uploads\/2018\/11\/01TitasMalbuch-Cover.jpg?fit=1086%2C800&ssl=1&resize=700%2C400 2x, https:\/\/i0.wp.com\/www.titadoregosilva.de\/shop\/wp-content\/uploads\/2018\/11\/01TitasMalbuch-Cover.jpg?fit=1086%2C800&ssl=1&resize=1050%2C600 3x"},"classes":[]},{"id":2857,"url":"https:\/\/www.titadoregosilva.de\/shop\/produkt\/werkkatalog\/","url_meta":{"origin":3714,"position":2},"title":"Werkkatalog","author":"admin","date":"20. November 2018","format":false,"excerpt":"Atelier Katalog \u201eVersion 2010\u201c 2010,\u00a0Offsetdruck, Auflage:\u00a03.000, Format:\u00a021 x 21 cm","rel":"","context":"\u00c4hnlicher Beitrag","block_context":{"text":"\u00c4hnlicher Beitrag","link":""},"img":{"alt_text":"","src":"https:\/\/i0.wp.com\/www.titadoregosilva.de\/shop\/wp-content\/uploads\/2018\/11\/01Werkkatalog-Cover.jpg?fit=800%2C800&ssl=1&resize=350%2C200","width":350,"height":200,"srcset":"https:\/\/i0.wp.com\/www.titadoregosilva.de\/shop\/wp-content\/uploads\/2018\/11\/01Werkkatalog-Cover.jpg?fit=800%2C800&ssl=1&resize=350%2C200 1x, https:\/\/i0.wp.com\/www.titadoregosilva.de\/shop\/wp-content\/uploads\/2018\/11\/01Werkkatalog-Cover.jpg?fit=800%2C800&ssl=1&resize=525%2C300 1.5x, https:\/\/i0.wp.com\/www.titadoregosilva.de\/shop\/wp-content\/uploads\/2018\/11\/01Werkkatalog-Cover.jpg?fit=800%2C800&ssl=1&resize=700%2C400 2x"},"classes":[]},{"id":2701,"url":"https:\/\/www.titadoregosilva.de\/shop\/produkt\/ein-fest-im-himmel\/","url_meta":{"origin":3714,"position":3},"title":"Ein Fest im Himmel","author":"admin","date":"19. November 2018","format":false,"excerpt":"Ein Fest im Himmel Brasilianisches M\u00e4rchen; Text und Illustrationen: Tita do Rego Silva - Illustrationen: Holzschnitte und Klischees - Schrift: Klischee Satz - Druck: Korrex Handpresse,\u00a02007, Farb-Holzschnitt \u2013 Verlorene Form, Werkdruckpapier, Auflage 60, Format: 30 x 37 cm","rel":"","context":"\u00c4hnlicher Beitrag","block_context":{"text":"\u00c4hnlicher Beitrag","link":""},"img":{"alt_text":"","src":"https:\/\/i0.wp.com\/www.titadoregosilva.de\/shop\/wp-content\/uploads\/2018\/11\/01EinFestimHimmel-Cover.jpg?fit=664%2C800&ssl=1&resize=350%2C200","width":350,"height":200,"srcset":"https:\/\/i0.wp.com\/www.titadoregosilva.de\/shop\/wp-content\/uploads\/2018\/11\/01EinFestimHimmel-Cover.jpg?fit=664%2C800&ssl=1&resize=350%2C200 1x, https:\/\/i0.wp.com\/www.titadoregosilva.de\/shop\/wp-content\/uploads\/2018\/11\/01EinFestimHimmel-Cover.jpg?fit=664%2C800&ssl=1&resize=525%2C300 1.5x"},"classes":[]},{"id":2667,"url":"https:\/\/www.titadoregosilva.de\/shop\/produkt\/apoll-und-dafne\/","url_meta":{"origin":3714,"position":4},"title":"Apoll und Dafne","author":"admin","date":"18. November 2018","format":false,"excerpt":"Apoll und Dafne Literatur \u2013 Text: Ludwig H. Christoph H\u00f6lty \u2013 Illustrationen: Holzschnitte \u2013 Schrift: Klischee Satz \u2013 Druck: Korrex Handpresse, 2009, Farb-Holzschnitt \u2013 Verlorene Form, Werkdruckpapier, Auflage 50, Format: 26 x 36 cm","rel":"","context":"\u00c4hnlicher Beitrag","block_context":{"text":"\u00c4hnlicher Beitrag","link":""},"img":{"alt_text":"","src":"https:\/\/i0.wp.com\/www.titadoregosilva.de\/shop\/wp-content\/uploads\/2018\/11\/01ApolluDafne-Cover.jpg?fit=613%2C800&ssl=1&resize=350%2C200","width":350,"height":200,"srcset":"https:\/\/i0.wp.com\/www.titadoregosilva.de\/shop\/wp-content\/uploads\/2018\/11\/01ApolluDafne-Cover.jpg?fit=613%2C800&ssl=1&resize=350%2C200 1x, https:\/\/i0.wp.com\/www.titadoregosilva.de\/shop\/wp-content\/uploads\/2018\/11\/01ApolluDafne-Cover.jpg?fit=613%2C800&ssl=1&resize=525%2C300 1.5x"},"classes":[]},{"id":2689,"url":"https:\/\/www.titadoregosilva.de\/shop\/produkt\/stefan-zweig-zitate-2\/","url_meta":{"origin":3714,"position":5},"title":"Stefan Zweig &#8211; Zitate 2","author":"admin","date":"19. November 2018","format":false,"excerpt":"Stefan Zweig - Zitate 2 Text: Stefan Zweig - Illustrationen: Tita do R\u00eago Silva Holz- und Linolschnitt - Schrift: Handsatz, Helvetica 36 und 48 p - Druck: Korrex Handpresse,\u00a02017, Holz- und Linolschnitt; Handsatz, Fotokarton, Format: 25 x 34 cm Fest Einband \"Savana Lein\" in verschiedenen Farben \u00a0(Gr\u00fcn, Himbeer-rosa, Kastanien-rose, Dunkel\u2026","rel":"","context":"\u00c4hnlicher Beitrag","block_context":{"text":"\u00c4hnlicher Beitrag","link":""},"img":{"alt_text":"","src":"https:\/\/i0.wp.com\/www.titadoregosilva.de\/shop\/wp-content\/uploads\/2018\/11\/StefanZweig-Zitate2-Cover.jpg?fit=600%2C800&ssl=1&resize=350%2C200","width":350,"height":200,"srcset":"https:\/\/i0.wp.com\/www.titadoregosilva.de\/shop\/wp-content\/uploads\/2018\/11\/StefanZweig-Zitate2-Cover.jpg?fit=600%2C800&ssl=1&resize=350%2C200 1x, https:\/\/i0.wp.com\/www.titadoregosilva.de\/shop\/wp-content\/uploads\/2018\/11\/StefanZweig-Zitate2-Cover.jpg?fit=600%2C800&ssl=1&resize=525%2C300 1.5x"},"classes":[]}],"jetpack_likes_enabled":true,"_links":{"self":[{"href":"https:\/\/www.titadoregosilva.de\/shop\/wp-json\/wp\/v2\/product\/3714","targetHints":{"allow":["GET"]}}],"collection":[{"href":"https:\/\/www.titadoregosilva.de\/shop\/wp-json\/wp\/v2\/product"}],"about":[{"href":"https:\/\/www.titadoregosilva.de\/shop\/wp-json\/wp\/v2\/types\/product"}],"replies":[{"embeddable":true,"href":"https:\/\/www.titadoregosilva.de\/shop\/wp-json\/wp\/v2\/comments?post=3714"}],"wp:featuredmedia":[{"embeddable":true,"href":"https:\/\/www.titadoregosilva.de\/shop\/wp-json\/wp\/v2\/media\/2694"}],"wp:attachment":[{"href":"https:\/\/www.titadoregosilva.de\/shop\/wp-json\/wp\/v2\/media?parent=3714"}],"wp:term":[{"taxonomy":"product_brand","embeddable":true,"href":"https:\/\/www.titadoregosilva.de\/shop\/wp-json\/wp\/v2\/product_brand?post=3714"},{"taxonomy":"product_cat","embeddable":true,"href":"https:\/\/www.titadoregosilva.de\/shop\/wp-json\/wp\/v2\/product_cat?post=3714"},{"taxonomy":"product_tag","embeddable":true,"href":"https:\/\/www.titadoregosilva.de\/shop\/wp-json\/wp\/v2\/product_tag?post=3714"}],"curies":[{"name":"wp","href":"https:\/\/api.w.org\/{rel}","templated":true}]}}