{"id":3613,"date":"2019-11-27T12:37:37","date_gmt":"2019-11-27T11:37:37","guid":{"rendered":"https:\/\/www.titadoregosilva.de\/shop\/?post_type=product&#038;p=3613"},"modified":"2021-03-31T14:55:48","modified_gmt":"2021-03-31T12:55:48","slug":"willkommen-im-bunt","status":"publish","type":"product","link":"https:\/\/www.titadoregosilva.de\/shop\/produkt\/willkommen-im-bunt\/","title":{"rendered":"Willkommen im Bunt"},"content":{"rendered":"","protected":false},"excerpt":{"rendered":"<p><strong>&#8220;Willkommen im Bunt&#8221;<br \/>\n<\/strong>2019,\u00a0Farb-Holzschnitt, Technik: Verlorene Form, Papier: Hahnem\u00fchle\u00a0Naturleinen,\u00a0Format Blatt: 50 x 35 cm Auflage: 130<\/p>\n","protected":false},"featured_media":3614,"comment_status":"closed","ping_status":"closed","template":"","meta":{"jetpack_post_was_ever_published":false},"product_brand":[],"product_cat":[89],"product_tag":[62,532,533,534,535,536],"class_list":{"0":"post-3613","1":"product","2":"type-product","3":"status-publish","4":"has-post-thumbnail","6":"product_cat-xilos","7":"product_tag-atelier","8":"product_tag-jubilaeum","9":"product_tag-25-jahre","10":"product_tag-bunt","11":"product_tag-willkommen","12":"product_tag-willkommen-im-bunt","14":"first","15":"instock","16":"featured","17":"taxable","18":"shipping-taxable","19":"purchasable","20":"product-type-simple"},"jetpack_sharing_enabled":true,"jetpack-related-posts":[{"id":2856,"url":"https:\/\/www.titadoregosilva.de\/shop\/produkt\/titas-malbuch\/","url_meta":{"origin":3613,"position":0},"title":"Tita&#8217;s Malbuch","author":"admin","date":"20. November 2018","format":false,"excerpt":"Tita's Malbuch Malbuch zum Kolorieren mit Buntstiften, 2017, Tintenstrahldruck, Werkdruckpapier, Auflage: 100","rel":"","context":"\u00c4hnlicher Beitrag","block_context":{"text":"\u00c4hnlicher Beitrag","link":""},"img":{"alt_text":"","src":"https:\/\/i0.wp.com\/www.titadoregosilva.de\/shop\/wp-content\/uploads\/2018\/11\/01TitasMalbuch-Cover.jpg?fit=1086%2C800&ssl=1&resize=350%2C200","width":350,"height":200,"srcset":"https:\/\/i0.wp.com\/www.titadoregosilva.de\/shop\/wp-content\/uploads\/2018\/11\/01TitasMalbuch-Cover.jpg?fit=1086%2C800&ssl=1&resize=350%2C200 1x, https:\/\/i0.wp.com\/www.titadoregosilva.de\/shop\/wp-content\/uploads\/2018\/11\/01TitasMalbuch-Cover.jpg?fit=1086%2C800&ssl=1&resize=525%2C300 1.5x, https:\/\/i0.wp.com\/www.titadoregosilva.de\/shop\/wp-content\/uploads\/2018\/11\/01TitasMalbuch-Cover.jpg?fit=1086%2C800&ssl=1&resize=700%2C400 2x, https:\/\/i0.wp.com\/www.titadoregosilva.de\/shop\/wp-content\/uploads\/2018\/11\/01TitasMalbuch-Cover.jpg?fit=1086%2C800&ssl=1&resize=1050%2C600 3x"},"classes":[]},{"id":3717,"url":"https:\/\/www.titadoregosilva.de\/shop\/produkt\/gluecksschwein-rot\/","url_meta":{"origin":3613,"position":1},"title":"Gl\u00fccksschwein &#8211; Rot","author":"admin","date":"25. M\u00e4rz 2020","format":false,"excerpt":"Gl\u00fccksschwein - Rot \"Ein Schwein, zum Gl\u00fcck!\" Kunstobjekt aus Original-Holzschnitt zum Aufstellen in 4 verschiedenen Farben (Blau\/Gr\u00fcn\/Rot\/Rosa) erh\u00e4ltlich Format: 15 x 25cm; Auflage: 50","rel":"","context":"\u00c4hnlicher Beitrag","block_context":{"text":"\u00c4hnlicher Beitrag","link":""},"img":{"alt_text":"","src":"https:\/\/i0.wp.com\/www.titadoregosilva.de\/shop\/wp-content\/uploads\/IMG_20200325_122016311_HDR-scaled.jpg?fit=778%2C1200&ssl=1&resize=350%2C200","width":350,"height":200,"srcset":"https:\/\/i0.wp.com\/www.titadoregosilva.de\/shop\/wp-content\/uploads\/IMG_20200325_122016311_HDR-scaled.jpg?fit=778%2C1200&ssl=1&resize=350%2C200 1x, https:\/\/i0.wp.com\/www.titadoregosilva.de\/shop\/wp-content\/uploads\/IMG_20200325_122016311_HDR-scaled.jpg?fit=778%2C1200&ssl=1&resize=525%2C300 1.5x, https:\/\/i0.wp.com\/www.titadoregosilva.de\/shop\/wp-content\/uploads\/IMG_20200325_122016311_HDR-scaled.jpg?fit=778%2C1200&ssl=1&resize=700%2C400 2x"},"classes":[]},{"id":3719,"url":"https:\/\/www.titadoregosilva.de\/shop\/produkt\/gluecksschwein-gruen\/","url_meta":{"origin":3613,"position":2},"title":"Gl\u00fccksschwein &#8211; Gr\u00fcn","author":"admin","date":"25. M\u00e4rz 2020","format":false,"excerpt":"Gl\u00fccksschwein - Gr\u00fcn \"Ein Schwein, zum Gl\u00fcck!\" Kunstobjekt aus Original-Holzschnitt zum Aufstellen in 4 verschiedenen Farben (Blau\/Gr\u00fcn\/Rot\/Rosa) erh\u00e4ltlich Format: 15 x 25cm; Auflage: 50","rel":"","context":"\u00c4hnlicher Beitrag","block_context":{"text":"\u00c4hnlicher Beitrag","link":""},"img":{"alt_text":"","src":"https:\/\/i0.wp.com\/www.titadoregosilva.de\/shop\/wp-content\/uploads\/IMG_20200325_122037974_HDR-scaled.jpg?fit=773%2C1200&ssl=1&resize=350%2C200","width":350,"height":200,"srcset":"https:\/\/i0.wp.com\/www.titadoregosilva.de\/shop\/wp-content\/uploads\/IMG_20200325_122037974_HDR-scaled.jpg?fit=773%2C1200&ssl=1&resize=350%2C200 1x, https:\/\/i0.wp.com\/www.titadoregosilva.de\/shop\/wp-content\/uploads\/IMG_20200325_122037974_HDR-scaled.jpg?fit=773%2C1200&ssl=1&resize=525%2C300 1.5x, https:\/\/i0.wp.com\/www.titadoregosilva.de\/shop\/wp-content\/uploads\/IMG_20200325_122037974_HDR-scaled.jpg?fit=773%2C1200&ssl=1&resize=700%2C400 2x"},"classes":[]},{"id":3943,"url":"https:\/\/www.titadoregosilva.de\/shop\/produkt\/gluecksschwein-rosa\/","url_meta":{"origin":3613,"position":3},"title":"Gl\u00fccksschwein &#8211; Rosa","author":"admin","date":"10. Juli 2020","format":false,"excerpt":"Gl\u00fccksschwein - Rosa \"Ein Schwein, zum Gl\u00fcck!\" Kunstobjekt aus Original-Holzschnitt zum Aufstellen in 4 verschiedenen Farben (Blau\/Gr\u00fcn\/Rot\/Rosa) erh\u00e4ltlich Format: 15 x 25cm; Auflage: 50","rel":"","context":"\u00c4hnlicher Beitrag","block_context":{"text":"\u00c4hnlicher Beitrag","link":""},"img":{"alt_text":"","src":"https:\/\/i0.wp.com\/www.titadoregosilva.de\/shop\/wp-content\/uploads\/IMG_7388.jpg?fit=900%2C1200&ssl=1&resize=350%2C200","width":350,"height":200,"srcset":"https:\/\/i0.wp.com\/www.titadoregosilva.de\/shop\/wp-content\/uploads\/IMG_7388.jpg?fit=900%2C1200&ssl=1&resize=350%2C200 1x, https:\/\/i0.wp.com\/www.titadoregosilva.de\/shop\/wp-content\/uploads\/IMG_7388.jpg?fit=900%2C1200&ssl=1&resize=525%2C300 1.5x, https:\/\/i0.wp.com\/www.titadoregosilva.de\/shop\/wp-content\/uploads\/IMG_7388.jpg?fit=900%2C1200&ssl=1&resize=700%2C400 2x"},"classes":[]},{"id":3718,"url":"https:\/\/www.titadoregosilva.de\/shop\/produkt\/gluecksschwein-blau-kopie\/","url_meta":{"origin":3613,"position":4},"title":"Gl\u00fccksschwein &#8211; Blau","author":"admin","date":"25. M\u00e4rz 2020","format":false,"excerpt":"Gl\u00fccksschwein - Blau \"Ein Schwein, zum Gl\u00fcck!\" Kunstobjekt aus Original-Holzschnitt zum Aufstellen in 3 verschiedenen Farben (Blau\/Gr\u00fcn\/Rot\/Rosa) erh\u00e4ltlich Format: 15 x 25cm; Auflage: 50","rel":"","context":"\u00c4hnlicher Beitrag","block_context":{"text":"\u00c4hnlicher Beitrag","link":""},"img":{"alt_text":"","src":"https:\/\/i0.wp.com\/www.titadoregosilva.de\/shop\/wp-content\/uploads\/IMG_20200325_122026359_HDR-scaled.jpg?fit=755%2C1200&ssl=1&resize=350%2C200","width":350,"height":200,"srcset":"https:\/\/i0.wp.com\/www.titadoregosilva.de\/shop\/wp-content\/uploads\/IMG_20200325_122026359_HDR-scaled.jpg?fit=755%2C1200&ssl=1&resize=350%2C200 1x, https:\/\/i0.wp.com\/www.titadoregosilva.de\/shop\/wp-content\/uploads\/IMG_20200325_122026359_HDR-scaled.jpg?fit=755%2C1200&ssl=1&resize=525%2C300 1.5x, https:\/\/i0.wp.com\/www.titadoregosilva.de\/shop\/wp-content\/uploads\/IMG_20200325_122026359_HDR-scaled.jpg?fit=755%2C1200&ssl=1&resize=700%2C400 2x"},"classes":[]},{"id":4068,"url":"https:\/\/www.titadoregosilva.de\/shop\/produkt\/kostuem-fuer-die-erde\/","url_meta":{"origin":3613,"position":5},"title":"Ein Kost\u00fcm f\u00fcr die Erde","author":"admin","date":"20. November 2020","format":false,"excerpt":"Ein Kost\u00fcm f\u00fcr die Erde - Kinderbuch Das sch\u00f6ne M\u00e4rchen wie ein M\u00e4dchen die Erde rettet. F\u00fcr Kinder und Erwachsene. 2020,\u00a0Offsetdruck, Auflage:\u00a01.000, Format:\u00a021 x 15 cm inkl. Karte & Papiert\u00fcte","rel":"","context":"\u00c4hnlicher Beitrag","block_context":{"text":"\u00c4hnlicher Beitrag","link":""},"img":{"alt_text":"","src":"https:\/\/i0.wp.com\/www.titadoregosilva.de\/shop\/wp-content\/uploads\/EKE_capa.png?fit=640%2C450&ssl=1&resize=350%2C200","width":350,"height":200,"srcset":"https:\/\/i0.wp.com\/www.titadoregosilva.de\/shop\/wp-content\/uploads\/EKE_capa.png?fit=640%2C450&ssl=1&resize=350%2C200 1x, https:\/\/i0.wp.com\/www.titadoregosilva.de\/shop\/wp-content\/uploads\/EKE_capa.png?fit=640%2C450&ssl=1&resize=525%2C300 1.5x"},"classes":[]}],"jetpack_likes_enabled":true,"_links":{"self":[{"href":"https:\/\/www.titadoregosilva.de\/shop\/wp-json\/wp\/v2\/product\/3613","targetHints":{"allow":["GET"]}}],"collection":[{"href":"https:\/\/www.titadoregosilva.de\/shop\/wp-json\/wp\/v2\/product"}],"about":[{"href":"https:\/\/www.titadoregosilva.de\/shop\/wp-json\/wp\/v2\/types\/product"}],"replies":[{"embeddable":true,"href":"https:\/\/www.titadoregosilva.de\/shop\/wp-json\/wp\/v2\/comments?post=3613"}],"wp:featuredmedia":[{"embeddable":true,"href":"https:\/\/www.titadoregosilva.de\/shop\/wp-json\/wp\/v2\/media\/3614"}],"wp:attachment":[{"href":"https:\/\/www.titadoregosilva.de\/shop\/wp-json\/wp\/v2\/media?parent=3613"}],"wp:term":[{"taxonomy":"product_brand","embeddable":true,"href":"https:\/\/www.titadoregosilva.de\/shop\/wp-json\/wp\/v2\/product_brand?post=3613"},{"taxonomy":"product_cat","embeddable":true,"href":"https:\/\/www.titadoregosilva.de\/shop\/wp-json\/wp\/v2\/product_cat?post=3613"},{"taxonomy":"product_tag","embeddable":true,"href":"https:\/\/www.titadoregosilva.de\/shop\/wp-json\/wp\/v2\/product_tag?post=3613"}],"curies":[{"name":"wp","href":"https:\/\/api.w.org\/{rel}","templated":true}]}}