{"id":3436,"date":"2019-01-12T12:21:09","date_gmt":"2019-01-12T11:21:09","guid":{"rendered":"https:\/\/www.titadoregosilva.de\/shop\/?post_type=product&#038;p=3436"},"modified":"2022-12-30T13:12:27","modified_gmt":"2022-12-30T12:12:27","slug":"wundertuete","status":"publish","type":"product","link":"https:\/\/www.titadoregosilva.de\/shop\/produkt\/wundertuete\/","title":{"rendered":"Wundert\u00fcte"},"content":{"rendered":"<p><em>Eine unwiderstehliche T\u00fcte voller Kunst und \u00dcberraschungen. Mehrere signierte original Holz-und Linolschnitte, Kunstkarten, Lesezeichen sowie Button oder Gl\u00fccksb\u00e4ndchen. Die T\u00fcte ist ein echtes Schn\u00e4ppchen und beinhaltet immer etwas anderes. W\u00fcrden Sie den Inhalt einzeln zusammen stellen, m\u00fcssten Sie deutlich mehr bezahlen.<\/em><\/p>\n<p>&nbsp;<\/p>\n<p>&nbsp;<\/p>\n<p>Format: 42 x 40 x 2 cm<\/p>\n","protected":false},"excerpt":{"rendered":"<p><em>Eine unwiderstehliche T\u00fcte voller Kunst und \u00dcberraschungen. Mehrere signierte original Holz-und Linolschnitte, Kunstkarten, Lesezeichen sowie Button oder Gl\u00fccksb\u00e4ndchen.<\/em><\/p>\n","protected":false},"featured_media":3250,"comment_status":"closed","ping_status":"closed","template":"","meta":{"jetpack_post_was_ever_published":false},"product_brand":[],"product_cat":[91],"product_tag":[576,577,543,567,571,572,573,574,575],"class_list":{"0":"post-3436","1":"product","2":"type-product","3":"status-publish","4":"has-post-thumbnail","6":"product_cat-objekte-sonstiges","7":"product_tag-geschenk","8":"product_tag-handmade","9":"product_tag-xilo","10":"product_tag-kunst","11":"product_tag-wundertuete","12":"product_tag-ueberraschung","13":"product_tag-wunder","14":"product_tag-tuete","15":"product_tag-spass","17":"first","18":"outofstock","19":"taxable","20":"shipping-taxable","21":"purchasable","22":"product-type-simple"},"jetpack_sharing_enabled":true,"jetpack-related-posts":[{"id":4184,"url":"https:\/\/www.titadoregosilva.de\/shop\/produkt\/klischee-postkarte-vogel\/","url_meta":{"origin":3436,"position":0},"title":"Klischee Postkarte &#8211; Vogel (gr\u00fcn)","author":"admin","date":"1. M\u00e4rz 2021","format":false,"excerpt":"Klischee-Postkarte - Vogel (gr\u00fcn) Signierte Originaldruck Klischee Karte Klischee, Originaldruck, \u00a0Format: 11 x 21 cm, Fotokarton \u00a0 \u00a0","rel":"","context":"\u00c4hnlicher Beitrag","block_context":{"text":"\u00c4hnlicher Beitrag","link":""},"img":{"alt_text":"","src":"https:\/\/i0.wp.com\/www.titadoregosilva.de\/shop\/wp-content\/uploads\/OLIVEN-GRUeN-VOeGEL.jpeg?fit=1200%2C612&ssl=1&resize=350%2C200","width":350,"height":200,"srcset":"https:\/\/i0.wp.com\/www.titadoregosilva.de\/shop\/wp-content\/uploads\/OLIVEN-GRUeN-VOeGEL.jpeg?fit=1200%2C612&ssl=1&resize=350%2C200 1x, https:\/\/i0.wp.com\/www.titadoregosilva.de\/shop\/wp-content\/uploads\/OLIVEN-GRUeN-VOeGEL.jpeg?fit=1200%2C612&ssl=1&resize=525%2C300 1.5x, https:\/\/i0.wp.com\/www.titadoregosilva.de\/shop\/wp-content\/uploads\/OLIVEN-GRUeN-VOeGEL.jpeg?fit=1200%2C612&ssl=1&resize=700%2C400 2x, https:\/\/i0.wp.com\/www.titadoregosilva.de\/shop\/wp-content\/uploads\/OLIVEN-GRUeN-VOeGEL.jpeg?fit=1200%2C612&ssl=1&resize=1050%2C600 3x"},"classes":[]},{"id":4182,"url":"https:\/\/www.titadoregosilva.de\/shop\/produkt\/karte-dackel\/","url_meta":{"origin":3436,"position":1},"title":"Klischee Postkarte &#8211; Dackel (anthrazit)","author":"admin","date":"1. M\u00e4rz 2021","format":false,"excerpt":"Klischee-Postkarte - Dackel (Anthrazit) Signierte Originaldruck Klischee Karte Klischee, Originaldruck, \u00a0Format: 11 x 21 cm, Fotokarton \u00a0 \u00a0","rel":"","context":"\u00c4hnlicher Beitrag","block_context":{"text":"\u00c4hnlicher Beitrag","link":""},"img":{"alt_text":"","src":"https:\/\/i0.wp.com\/www.titadoregosilva.de\/shop\/wp-content\/uploads\/Anthrazit-DACKEL1.jpeg?fit=1200%2C617&ssl=1&resize=350%2C200","width":350,"height":200,"srcset":"https:\/\/i0.wp.com\/www.titadoregosilva.de\/shop\/wp-content\/uploads\/Anthrazit-DACKEL1.jpeg?fit=1200%2C617&ssl=1&resize=350%2C200 1x, https:\/\/i0.wp.com\/www.titadoregosilva.de\/shop\/wp-content\/uploads\/Anthrazit-DACKEL1.jpeg?fit=1200%2C617&ssl=1&resize=525%2C300 1.5x, https:\/\/i0.wp.com\/www.titadoregosilva.de\/shop\/wp-content\/uploads\/Anthrazit-DACKEL1.jpeg?fit=1200%2C617&ssl=1&resize=700%2C400 2x, https:\/\/i0.wp.com\/www.titadoregosilva.de\/shop\/wp-content\/uploads\/Anthrazit-DACKEL1.jpeg?fit=1200%2C617&ssl=1&resize=1050%2C600 3x"},"classes":[]},{"id":4183,"url":"https:\/\/www.titadoregosilva.de\/shop\/produkt\/klischee-postkarte-nilpferd\/","url_meta":{"origin":3436,"position":2},"title":"Klischee Postkarte &#8211; Nilpferd (anthrazit)","author":"admin","date":"1. M\u00e4rz 2021","format":false,"excerpt":"Klischee-Postkarte - Nilpferd (anthrazit) Signierte Originaldruck Klischee Karte Klischee, Originaldruck, \u00a0Format: 11 x 21 cm, Fotokarton \u00a0 \u00a0","rel":"","context":"\u00c4hnlicher Beitrag","block_context":{"text":"\u00c4hnlicher Beitrag","link":""},"img":{"alt_text":"","src":"https:\/\/i0.wp.com\/www.titadoregosilva.de\/shop\/wp-content\/uploads\/Anthrazit-NILPHERD.jpeg?fit=1200%2C617&ssl=1&resize=350%2C200","width":350,"height":200,"srcset":"https:\/\/i0.wp.com\/www.titadoregosilva.de\/shop\/wp-content\/uploads\/Anthrazit-NILPHERD.jpeg?fit=1200%2C617&ssl=1&resize=350%2C200 1x, https:\/\/i0.wp.com\/www.titadoregosilva.de\/shop\/wp-content\/uploads\/Anthrazit-NILPHERD.jpeg?fit=1200%2C617&ssl=1&resize=525%2C300 1.5x, https:\/\/i0.wp.com\/www.titadoregosilva.de\/shop\/wp-content\/uploads\/Anthrazit-NILPHERD.jpeg?fit=1200%2C617&ssl=1&resize=700%2C400 2x, https:\/\/i0.wp.com\/www.titadoregosilva.de\/shop\/wp-content\/uploads\/Anthrazit-NILPHERD.jpeg?fit=1200%2C617&ssl=1&resize=1050%2C600 3x"},"classes":[]},{"id":4185,"url":"https:\/\/www.titadoregosilva.de\/shop\/produkt\/klischee-postkarte-hund\/","url_meta":{"origin":3436,"position":3},"title":"Klischee Postkarte &#8211; Hund (gr\u00fcn)","author":"admin","date":"1. M\u00e4rz 2021","format":false,"excerpt":"Klischee-Postkarte - Hund (gr\u00fcn) Signierte Originaldruck Klischee Karte Klischee, Originaldruck, \u00a0Format: 11 x 21 cm, Fotokarton \u00a0 \u00a0","rel":"","context":"\u00c4hnlicher Beitrag","block_context":{"text":"\u00c4hnlicher Beitrag","link":""},"img":{"alt_text":"","src":"https:\/\/i0.wp.com\/www.titadoregosilva.de\/shop\/wp-content\/uploads\/OLIVEN-GRUeN-DACKEL2.jpeg?fit=1200%2C616&ssl=1&resize=350%2C200","width":350,"height":200,"srcset":"https:\/\/i0.wp.com\/www.titadoregosilva.de\/shop\/wp-content\/uploads\/OLIVEN-GRUeN-DACKEL2.jpeg?fit=1200%2C616&ssl=1&resize=350%2C200 1x, https:\/\/i0.wp.com\/www.titadoregosilva.de\/shop\/wp-content\/uploads\/OLIVEN-GRUeN-DACKEL2.jpeg?fit=1200%2C616&ssl=1&resize=525%2C300 1.5x, https:\/\/i0.wp.com\/www.titadoregosilva.de\/shop\/wp-content\/uploads\/OLIVEN-GRUeN-DACKEL2.jpeg?fit=1200%2C616&ssl=1&resize=700%2C400 2x, https:\/\/i0.wp.com\/www.titadoregosilva.de\/shop\/wp-content\/uploads\/OLIVEN-GRUeN-DACKEL2.jpeg?fit=1200%2C616&ssl=1&resize=1050%2C600 3x"},"classes":[]},{"id":4223,"url":"https:\/\/www.titadoregosilva.de\/shop\/produkt\/klischee-postkarte-tapir\/","url_meta":{"origin":3436,"position":4},"title":"Klischee Postkarte &#8211; Tapir (gelb)","author":"admin","date":"2. M\u00e4rz 2021","format":false,"excerpt":"Klischee-Postkarte - Tapir (gelb) Signierte Originaldruck Klischee Karte Klischee, Originaldruck, \u00a0Format: 11 x 21 cm, Fotokarton \u00a0 \u00a0","rel":"","context":"\u00c4hnlicher Beitrag","block_context":{"text":"\u00c4hnlicher Beitrag","link":""},"img":{"alt_text":"","src":"https:\/\/i0.wp.com\/www.titadoregosilva.de\/shop\/wp-content\/uploads\/SENF-MAUS.jpeg?fit=1200%2C623&ssl=1&resize=350%2C200","width":350,"height":200,"srcset":"https:\/\/i0.wp.com\/www.titadoregosilva.de\/shop\/wp-content\/uploads\/SENF-MAUS.jpeg?fit=1200%2C623&ssl=1&resize=350%2C200 1x, https:\/\/i0.wp.com\/www.titadoregosilva.de\/shop\/wp-content\/uploads\/SENF-MAUS.jpeg?fit=1200%2C623&ssl=1&resize=525%2C300 1.5x, https:\/\/i0.wp.com\/www.titadoregosilva.de\/shop\/wp-content\/uploads\/SENF-MAUS.jpeg?fit=1200%2C623&ssl=1&resize=700%2C400 2x, https:\/\/i0.wp.com\/www.titadoregosilva.de\/shop\/wp-content\/uploads\/SENF-MAUS.jpeg?fit=1200%2C623&ssl=1&resize=1050%2C600 3x"},"classes":[]},{"id":4186,"url":"https:\/\/www.titadoregosilva.de\/shop\/produkt\/klischee-postkarte-fisch\/","url_meta":{"origin":3436,"position":5},"title":"Klischee Postkarte &#8211; Fisch (gelb)","author":"admin","date":"1. M\u00e4rz 2021","format":false,"excerpt":"Klischee-Postkarte - Fisch (gelb) Signierte Originaldruck Klischee Karte Klischee, Originaldruck, \u00a0Format: 11 x 21 cm, Fotokarton \u00a0 \u00a0","rel":"","context":"\u00c4hnlicher Beitrag","block_context":{"text":"\u00c4hnlicher Beitrag","link":""},"img":{"alt_text":"","src":"https:\/\/i0.wp.com\/www.titadoregosilva.de\/shop\/wp-content\/uploads\/SENF-FISCH.jpeg?fit=1200%2C607&ssl=1&resize=350%2C200","width":350,"height":200,"srcset":"https:\/\/i0.wp.com\/www.titadoregosilva.de\/shop\/wp-content\/uploads\/SENF-FISCH.jpeg?fit=1200%2C607&ssl=1&resize=350%2C200 1x, https:\/\/i0.wp.com\/www.titadoregosilva.de\/shop\/wp-content\/uploads\/SENF-FISCH.jpeg?fit=1200%2C607&ssl=1&resize=525%2C300 1.5x, https:\/\/i0.wp.com\/www.titadoregosilva.de\/shop\/wp-content\/uploads\/SENF-FISCH.jpeg?fit=1200%2C607&ssl=1&resize=700%2C400 2x, https:\/\/i0.wp.com\/www.titadoregosilva.de\/shop\/wp-content\/uploads\/SENF-FISCH.jpeg?fit=1200%2C607&ssl=1&resize=1050%2C600 3x"},"classes":[]}],"jetpack_likes_enabled":true,"_links":{"self":[{"href":"https:\/\/www.titadoregosilva.de\/shop\/wp-json\/wp\/v2\/product\/3436","targetHints":{"allow":["GET"]}}],"collection":[{"href":"https:\/\/www.titadoregosilva.de\/shop\/wp-json\/wp\/v2\/product"}],"about":[{"href":"https:\/\/www.titadoregosilva.de\/shop\/wp-json\/wp\/v2\/types\/product"}],"replies":[{"embeddable":true,"href":"https:\/\/www.titadoregosilva.de\/shop\/wp-json\/wp\/v2\/comments?post=3436"}],"wp:featuredmedia":[{"embeddable":true,"href":"https:\/\/www.titadoregosilva.de\/shop\/wp-json\/wp\/v2\/media\/3250"}],"wp:attachment":[{"href":"https:\/\/www.titadoregosilva.de\/shop\/wp-json\/wp\/v2\/media?parent=3436"}],"wp:term":[{"taxonomy":"product_brand","embeddable":true,"href":"https:\/\/www.titadoregosilva.de\/shop\/wp-json\/wp\/v2\/product_brand?post=3436"},{"taxonomy":"product_cat","embeddable":true,"href":"https:\/\/www.titadoregosilva.de\/shop\/wp-json\/wp\/v2\/product_cat?post=3436"},{"taxonomy":"product_tag","embeddable":true,"href":"https:\/\/www.titadoregosilva.de\/shop\/wp-json\/wp\/v2\/product_tag?post=3436"}],"curies":[{"name":"wp","href":"https:\/\/api.w.org\/{rel}","templated":true}]}}