{"id":2914,"date":"2018-11-20T21:57:12","date_gmt":"2018-11-20T20:57:12","guid":{"rendered":"https:\/\/www.titadoregosilva.de\/shop\/?post_type=product&#038;p=2914"},"modified":"2024-08-03T17:02:21","modified_gmt":"2024-08-03T15:02:21","slug":"serie-a-casa-amarela-01","status":"publish","type":"product","link":"https:\/\/www.titadoregosilva.de\/shop\/produkt\/serie-a-casa-amarela-01\/","title":{"rendered":"Serie A casa amarela &#8211; 01"},"content":{"rendered":"","protected":false},"excerpt":{"rendered":"<p><strong>&#8220;Serie A casa amarela &#8211; 01&#8221;<br \/>\n<\/strong>\u00a01995,\u00a0Farb-Holzschnitt<span class=\"Apple-converted-space\">\u00a0 <\/span>&#8211; Verlorene Form,\u00a0BFK Rives B\u00fcttenpapier,\u00a0Format Blatt: 60,5 x 80 cm,\u00a0Format Bild: 48 x 65 cm<\/p>\n<p>&nbsp;<\/p>\n<p>&nbsp;<\/p>\n","protected":false},"featured_media":2913,"comment_status":"closed","ping_status":"closed","template":"","meta":{"jetpack_post_was_ever_published":false},"product_brand":[],"product_cat":[89,528],"product_tag":[],"class_list":{"0":"post-2914","1":"product","2":"type-product","3":"status-publish","4":"has-post-thumbnail","6":"product_cat-xilos","7":"product_cat-serieacasaamarela","8":"product_shipping_class-de1kg","10":"first","11":"instock","12":"taxable","13":"shipping-taxable","14":"purchasable","15":"product-type-simple"},"jetpack_sharing_enabled":true,"jetpack-related-posts":[{"id":2915,"url":"https:\/\/www.titadoregosilva.de\/shop\/produkt\/serie-a-casa-amarela-02\/","url_meta":{"origin":2914,"position":0},"title":"Serie A casa amarela &#8211; 02","author":"admin","date":"20. November 2018","format":false,"excerpt":"\"Serie A casa amarela - 02\" \u00a01995,\u00a0Farb-Holzschnitt\u00a0 - Verlorene Form,\u00a0BFK Rives B\u00fcttenpapier,\u00a0Format Blatt: 60,5 x 80 cm,\u00a0Format Bild: 48 x 65 cm \u00a0 \u00a0","rel":"","context":"\u00c4hnlicher Beitrag","block_context":{"text":"\u00c4hnlicher Beitrag","link":""},"img":{"alt_text":"","src":"https:\/\/i0.wp.com\/www.titadoregosilva.de\/shop\/wp-content\/uploads\/2018\/11\/ACasaAmarela-02.jpg?fit=611%2C800&ssl=1&resize=350%2C200","width":350,"height":200,"srcset":"https:\/\/i0.wp.com\/www.titadoregosilva.de\/shop\/wp-content\/uploads\/2018\/11\/ACasaAmarela-02.jpg?fit=611%2C800&ssl=1&resize=350%2C200 1x, https:\/\/i0.wp.com\/www.titadoregosilva.de\/shop\/wp-content\/uploads\/2018\/11\/ACasaAmarela-02.jpg?fit=611%2C800&ssl=1&resize=525%2C300 1.5x"},"classes":[]},{"id":2916,"url":"https:\/\/www.titadoregosilva.de\/shop\/produkt\/serie-a-casa-amarela-03\/","url_meta":{"origin":2914,"position":1},"title":"Serie A casa amarela &#8211; 03","author":"admin","date":"20. November 2018","format":false,"excerpt":"\"Serie A casa amarela - 03\" \u00a01995,\u00a0Farb-Holzschnitt\u00a0 - Verlorene Form,\u00a0BFK Rives B\u00fcttenpapier,\u00a0Format Blatt: 60,5 x 80 cm,\u00a0Format Bild: 48 x 65 cm \u00a0 \u00a0","rel":"","context":"\u00c4hnlicher Beitrag","block_context":{"text":"\u00c4hnlicher Beitrag","link":""},"img":{"alt_text":"","src":"https:\/\/i0.wp.com\/www.titadoregosilva.de\/shop\/wp-content\/uploads\/2018\/11\/ACasaAmarela-03.jpg?fit=611%2C800&ssl=1&resize=350%2C200","width":350,"height":200,"srcset":"https:\/\/i0.wp.com\/www.titadoregosilva.de\/shop\/wp-content\/uploads\/2018\/11\/ACasaAmarela-03.jpg?fit=611%2C800&ssl=1&resize=350%2C200 1x, https:\/\/i0.wp.com\/www.titadoregosilva.de\/shop\/wp-content\/uploads\/2018\/11\/ACasaAmarela-03.jpg?fit=611%2C800&ssl=1&resize=525%2C300 1.5x"},"classes":[]},{"id":2917,"url":"https:\/\/www.titadoregosilva.de\/shop\/produkt\/serie-a-casa-amarela-04\/","url_meta":{"origin":2914,"position":2},"title":"Serie A casa amarela &#8211; 04","author":"admin","date":"20. November 2018","format":false,"excerpt":"\"Serie A casa amarela - 04\" \u00a01995,\u00a0Farb-Holzschnitt\u00a0 - Verlorene Form,\u00a0BFK Rives B\u00fcttenpapier,\u00a0Format Blatt: 60,5 x 80 cm,\u00a0Format Bild: 48 x 65 cm \u00a0 \u00a0","rel":"","context":"\u00c4hnlicher Beitrag","block_context":{"text":"\u00c4hnlicher Beitrag","link":""},"img":{"alt_text":"","src":"https:\/\/i0.wp.com\/www.titadoregosilva.de\/shop\/wp-content\/uploads\/2018\/11\/ACasaAmarela-04.jpg?fit=611%2C800&ssl=1&resize=350%2C200","width":350,"height":200,"srcset":"https:\/\/i0.wp.com\/www.titadoregosilva.de\/shop\/wp-content\/uploads\/2018\/11\/ACasaAmarela-04.jpg?fit=611%2C800&ssl=1&resize=350%2C200 1x, https:\/\/i0.wp.com\/www.titadoregosilva.de\/shop\/wp-content\/uploads\/2018\/11\/ACasaAmarela-04.jpg?fit=611%2C800&ssl=1&resize=525%2C300 1.5x"},"classes":[]},{"id":2918,"url":"https:\/\/www.titadoregosilva.de\/shop\/produkt\/serie-a-casa-amarela-05\/","url_meta":{"origin":2914,"position":3},"title":"Serie A casa amarela &#8211; 05","author":"admin","date":"20. November 2018","format":false,"excerpt":"\"Serie A casa amarela - 05\" \u00a01995,\u00a0Farb-Holzschnitt\u00a0 - Verlorene Form,\u00a0BFK Rives B\u00fcttenpapier,\u00a0Format Blatt: 60,5 x 80 cm,\u00a0Format Bild: 48 x 65 cm \u00a0 \u00a0","rel":"","context":"\u00c4hnlicher Beitrag","block_context":{"text":"\u00c4hnlicher Beitrag","link":""},"img":{"alt_text":"","src":"https:\/\/i0.wp.com\/www.titadoregosilva.de\/shop\/wp-content\/uploads\/2018\/11\/ACasaAmarela-05.jpg?fit=611%2C800&ssl=1&resize=350%2C200","width":350,"height":200,"srcset":"https:\/\/i0.wp.com\/www.titadoregosilva.de\/shop\/wp-content\/uploads\/2018\/11\/ACasaAmarela-05.jpg?fit=611%2C800&ssl=1&resize=350%2C200 1x, https:\/\/i0.wp.com\/www.titadoregosilva.de\/shop\/wp-content\/uploads\/2018\/11\/ACasaAmarela-05.jpg?fit=611%2C800&ssl=1&resize=525%2C300 1.5x"},"classes":[]},{"id":2642,"url":"https:\/\/www.titadoregosilva.de\/shop\/produkt\/prozession-01\/","url_meta":{"origin":2914,"position":4},"title":"&#8220;Prozession &#8211; 01&#8221;","author":"admin","date":"18. November 2018","format":false,"excerpt":"\"Serie Prozession - 01\" Jahr: 1999, Auflage: 21 Farb-Holzschnitt\u00a0 - Verlorene Form,\u00a0BFK Rives B\u00fcttenpapier Format Blatt: 59 x 65 cm,\u00a0Format Bild: 50 x 40 cm \u00a0 \u00a0","rel":"","context":"\u00c4hnlicher Beitrag","block_context":{"text":"\u00c4hnlicher Beitrag","link":""},"img":{"alt_text":"","src":"https:\/\/i0.wp.com\/www.titadoregosilva.de\/shop\/wp-content\/uploads\/2018\/11\/Prozession-01.jpg?fit=1064%2C800&ssl=1&resize=350%2C200","width":350,"height":200,"srcset":"https:\/\/i0.wp.com\/www.titadoregosilva.de\/shop\/wp-content\/uploads\/2018\/11\/Prozession-01.jpg?fit=1064%2C800&ssl=1&resize=350%2C200 1x, https:\/\/i0.wp.com\/www.titadoregosilva.de\/shop\/wp-content\/uploads\/2018\/11\/Prozession-01.jpg?fit=1064%2C800&ssl=1&resize=525%2C300 1.5x, https:\/\/i0.wp.com\/www.titadoregosilva.de\/shop\/wp-content\/uploads\/2018\/11\/Prozession-01.jpg?fit=1064%2C800&ssl=1&resize=700%2C400 2x, https:\/\/i0.wp.com\/www.titadoregosilva.de\/shop\/wp-content\/uploads\/2018\/11\/Prozession-01.jpg?fit=1064%2C800&ssl=1&resize=1050%2C600 3x"},"classes":[]},{"id":2658,"url":"https:\/\/www.titadoregosilva.de\/shop\/produkt\/laboratorium-01\/","url_meta":{"origin":2914,"position":5},"title":"Laboratorium &#8211; 01","author":"admin","date":"18. November 2018","format":false,"excerpt":"Serie Laboratorium - 01 2000, Farb-Holzschnitt \u00a0- Verlorene Form, BFK Rives B\u00fcttenpapier , Auflage: 19, Format Blatt 32,5 x 48,5 cm, Format Bild 23 x 28 cm","rel":"","context":"\u00c4hnlicher Beitrag","block_context":{"text":"\u00c4hnlicher Beitrag","link":""},"img":{"alt_text":"","src":"https:\/\/i0.wp.com\/www.titadoregosilva.de\/shop\/wp-content\/uploads\/2018\/11\/Laboratorium-01.jpg?fit=521%2C800&ssl=1&resize=350%2C200","width":350,"height":200},"classes":[]}],"jetpack_likes_enabled":true,"_links":{"self":[{"href":"https:\/\/www.titadoregosilva.de\/shop\/wp-json\/wp\/v2\/product\/2914","targetHints":{"allow":["GET"]}}],"collection":[{"href":"https:\/\/www.titadoregosilva.de\/shop\/wp-json\/wp\/v2\/product"}],"about":[{"href":"https:\/\/www.titadoregosilva.de\/shop\/wp-json\/wp\/v2\/types\/product"}],"replies":[{"embeddable":true,"href":"https:\/\/www.titadoregosilva.de\/shop\/wp-json\/wp\/v2\/comments?post=2914"}],"wp:featuredmedia":[{"embeddable":true,"href":"https:\/\/www.titadoregosilva.de\/shop\/wp-json\/wp\/v2\/media\/2913"}],"wp:attachment":[{"href":"https:\/\/www.titadoregosilva.de\/shop\/wp-json\/wp\/v2\/media?parent=2914"}],"wp:term":[{"taxonomy":"product_brand","embeddable":true,"href":"https:\/\/www.titadoregosilva.de\/shop\/wp-json\/wp\/v2\/product_brand?post=2914"},{"taxonomy":"product_cat","embeddable":true,"href":"https:\/\/www.titadoregosilva.de\/shop\/wp-json\/wp\/v2\/product_cat?post=2914"},{"taxonomy":"product_tag","embeddable":true,"href":"https:\/\/www.titadoregosilva.de\/shop\/wp-json\/wp\/v2\/product_tag?post=2914"}],"curies":[{"name":"wp","href":"https:\/\/api.w.org\/{rel}","templated":true}]}}