{"id":2856,"date":"2018-11-20T19:33:06","date_gmt":"2018-11-20T18:33:06","guid":{"rendered":"https:\/\/www.titadoregosilva.de\/shop\/?post_type=product&#038;p=2856"},"modified":"2021-03-31T14:55:55","modified_gmt":"2021-03-31T12:55:55","slug":"titas-malbuch","status":"publish","type":"product","link":"https:\/\/www.titadoregosilva.de\/shop\/produkt\/titas-malbuch\/","title":{"rendered":"Tita&#8217;s Malbuch"},"content":{"rendered":"","protected":false},"excerpt":{"rendered":"<h3>Tita&#8217;s Malbuch<\/h3>\n<p>Malbuch zum Kolorieren mit Buntstiften, 2017, Tintenstrahldruck, Werkdruckpapier, Auflage: 100<\/p>\n","protected":false},"featured_media":2855,"comment_status":"closed","ping_status":"closed","template":"","meta":{"jetpack_post_was_ever_published":false},"product_brand":[],"product_cat":[90,522],"product_tag":[64,66],"class_list":{"0":"post-2856","1":"product","2":"type-product","3":"status-publish","4":"has-post-thumbnail","6":"product_cat-buchkunst","7":"product_cat-titasmalbuch","8":"product_tag-kindheit","9":"product_tag-peggy-parnass","10":"product_shipping_class-de1kg","12":"first","13":"outofstock","14":"sold-individually","15":"taxable","16":"shipping-taxable","17":"purchasable","18":"product-type-simple"},"jetpack_sharing_enabled":true,"jetpack-related-posts":[{"id":4068,"url":"https:\/\/www.titadoregosilva.de\/shop\/produkt\/kostuem-fuer-die-erde\/","url_meta":{"origin":2856,"position":0},"title":"Ein Kost\u00fcm f\u00fcr die Erde","author":"admin","date":"20. November 2020","format":false,"excerpt":"Ein Kost\u00fcm f\u00fcr die Erde - Kinderbuch Das sch\u00f6ne M\u00e4rchen wie ein M\u00e4dchen die Erde rettet. F\u00fcr Kinder und Erwachsene. 2020,\u00a0Offsetdruck, Auflage:\u00a01.000, Format:\u00a021 x 15 cm inkl. Karte & Papiert\u00fcte","rel":"","context":"\u00c4hnlicher Beitrag","block_context":{"text":"\u00c4hnlicher Beitrag","link":""},"img":{"alt_text":"","src":"https:\/\/i0.wp.com\/www.titadoregosilva.de\/shop\/wp-content\/uploads\/EKE_capa.png?fit=640%2C450&ssl=1&resize=350%2C200","width":350,"height":200,"srcset":"https:\/\/i0.wp.com\/www.titadoregosilva.de\/shop\/wp-content\/uploads\/EKE_capa.png?fit=640%2C450&ssl=1&resize=350%2C200 1x, https:\/\/i0.wp.com\/www.titadoregosilva.de\/shop\/wp-content\/uploads\/EKE_capa.png?fit=640%2C450&ssl=1&resize=525%2C300 1.5x"},"classes":[]},{"id":4056,"url":"https:\/\/www.titadoregosilva.de\/shop\/produkt\/fahrradtour\/","url_meta":{"origin":2856,"position":1},"title":"Fahrradtour","author":"admin","date":"1. November 2020","format":false,"excerpt":"Fahrradtour 1999, Farb-Holzschnitt\u00a0 - Verlorene Form, Werkdruckpapier, Auflage 23, Bildformat: 23 x 18,5 Blattformat: 33 x 40cm","rel":"","context":"\u00c4hnlicher Beitrag","block_context":{"text":"\u00c4hnlicher Beitrag","link":""},"img":{"alt_text":"","src":"https:\/\/i0.wp.com\/www.titadoregosilva.de\/shop\/wp-content\/uploads\/IMG_0090-scaled.jpeg?fit=1200%2C1092&ssl=1&resize=350%2C200","width":350,"height":200,"srcset":"https:\/\/i0.wp.com\/www.titadoregosilva.de\/shop\/wp-content\/uploads\/IMG_0090-scaled.jpeg?fit=1200%2C1092&ssl=1&resize=350%2C200 1x, https:\/\/i0.wp.com\/www.titadoregosilva.de\/shop\/wp-content\/uploads\/IMG_0090-scaled.jpeg?fit=1200%2C1092&ssl=1&resize=525%2C300 1.5x, https:\/\/i0.wp.com\/www.titadoregosilva.de\/shop\/wp-content\/uploads\/IMG_0090-scaled.jpeg?fit=1200%2C1092&ssl=1&resize=700%2C400 2x, https:\/\/i0.wp.com\/www.titadoregosilva.de\/shop\/wp-content\/uploads\/IMG_0090-scaled.jpeg?fit=1200%2C1092&ssl=1&resize=1050%2C600 3x"},"classes":[]},{"id":4052,"url":"https:\/\/www.titadoregosilva.de\/shop\/produkt\/kuh_mit_freund\/","url_meta":{"origin":2856,"position":2},"title":"Kuh auf Rollen","author":"admin","date":"1. November 2020","format":false,"excerpt":"Kuh auf Rollen 1999, Farb-Holzschnitt\u00a0 - Verlorene Form, Werkdruckpapier, Auflage 23, Bildformat: 23 x 18,5 Blattformat: 33 x 40cm","rel":"","context":"\u00c4hnlicher Beitrag","block_context":{"text":"\u00c4hnlicher Beitrag","link":""},"img":{"alt_text":"","src":"https:\/\/i0.wp.com\/www.titadoregosilva.de\/shop\/wp-content\/uploads\/kuhfreund.jpeg?fit=1200%2C980&ssl=1&resize=350%2C200","width":350,"height":200,"srcset":"https:\/\/i0.wp.com\/www.titadoregosilva.de\/shop\/wp-content\/uploads\/kuhfreund.jpeg?fit=1200%2C980&ssl=1&resize=350%2C200 1x, https:\/\/i0.wp.com\/www.titadoregosilva.de\/shop\/wp-content\/uploads\/kuhfreund.jpeg?fit=1200%2C980&ssl=1&resize=525%2C300 1.5x, https:\/\/i0.wp.com\/www.titadoregosilva.de\/shop\/wp-content\/uploads\/kuhfreund.jpeg?fit=1200%2C980&ssl=1&resize=700%2C400 2x, https:\/\/i0.wp.com\/www.titadoregosilva.de\/shop\/wp-content\/uploads\/kuhfreund.jpeg?fit=1200%2C980&ssl=1&resize=1050%2C600 3x"},"classes":[]},{"id":4057,"url":"https:\/\/www.titadoregosilva.de\/shop\/produkt\/phoenix\/","url_meta":{"origin":2856,"position":3},"title":"Phoenix","author":"admin","date":"1. November 2020","format":false,"excerpt":"Phoenix 1999, Farb-Holzschnitt\u00a0 - Verlorene Form, Werkdruckpapier, Auflage 23, Bildformat: 23 x 18,5 Blattformat: 33 x 40cm","rel":"","context":"\u00c4hnlicher Beitrag","block_context":{"text":"\u00c4hnlicher Beitrag","link":""},"img":{"alt_text":"","src":"https:\/\/i0.wp.com\/www.titadoregosilva.de\/shop\/wp-content\/uploads\/phoenix.jpeg?fit=1200%2C986&ssl=1&resize=350%2C200","width":350,"height":200,"srcset":"https:\/\/i0.wp.com\/www.titadoregosilva.de\/shop\/wp-content\/uploads\/phoenix.jpeg?fit=1200%2C986&ssl=1&resize=350%2C200 1x, https:\/\/i0.wp.com\/www.titadoregosilva.de\/shop\/wp-content\/uploads\/phoenix.jpeg?fit=1200%2C986&ssl=1&resize=525%2C300 1.5x, https:\/\/i0.wp.com\/www.titadoregosilva.de\/shop\/wp-content\/uploads\/phoenix.jpeg?fit=1200%2C986&ssl=1&resize=700%2C400 2x, https:\/\/i0.wp.com\/www.titadoregosilva.de\/shop\/wp-content\/uploads\/phoenix.jpeg?fit=1200%2C986&ssl=1&resize=1050%2C600 3x"},"classes":[]},{"id":4059,"url":"https:\/\/www.titadoregosilva.de\/shop\/produkt\/lust_auf_marokko\/","url_meta":{"origin":2856,"position":4},"title":"Lust auf Marokko","author":"admin","date":"1. November 2020","format":false,"excerpt":"Lust auf Marokko 1999, Farb-Holzschnitt\u00a0 - Verlorene Form, Werkdruckpapier, Auflage 23, Bildformat: 19 x 23 cm Blattformat: 33 x 40cm","rel":"","context":"\u00c4hnlicher Beitrag","block_context":{"text":"\u00c4hnlicher Beitrag","link":""},"img":{"alt_text":"","src":"https:\/\/i0.wp.com\/www.titadoregosilva.de\/shop\/wp-content\/uploads\/lust_auf_marokko.jpeg?fit=997%2C1200&ssl=1&resize=350%2C200","width":350,"height":200,"srcset":"https:\/\/i0.wp.com\/www.titadoregosilva.de\/shop\/wp-content\/uploads\/lust_auf_marokko.jpeg?fit=997%2C1200&ssl=1&resize=350%2C200 1x, https:\/\/i0.wp.com\/www.titadoregosilva.de\/shop\/wp-content\/uploads\/lust_auf_marokko.jpeg?fit=997%2C1200&ssl=1&resize=525%2C300 1.5x, https:\/\/i0.wp.com\/www.titadoregosilva.de\/shop\/wp-content\/uploads\/lust_auf_marokko.jpeg?fit=997%2C1200&ssl=1&resize=700%2C400 2x"},"classes":[]},{"id":2857,"url":"https:\/\/www.titadoregosilva.de\/shop\/produkt\/werkkatalog\/","url_meta":{"origin":2856,"position":5},"title":"Werkkatalog","author":"admin","date":"20. November 2018","format":false,"excerpt":"Atelier Katalog \u201eVersion 2010\u201c 2010,\u00a0Offsetdruck, Auflage:\u00a03.000, Format:\u00a021 x 21 cm","rel":"","context":"\u00c4hnlicher Beitrag","block_context":{"text":"\u00c4hnlicher Beitrag","link":""},"img":{"alt_text":"","src":"https:\/\/i0.wp.com\/www.titadoregosilva.de\/shop\/wp-content\/uploads\/2018\/11\/01Werkkatalog-Cover.jpg?fit=800%2C800&ssl=1&resize=350%2C200","width":350,"height":200,"srcset":"https:\/\/i0.wp.com\/www.titadoregosilva.de\/shop\/wp-content\/uploads\/2018\/11\/01Werkkatalog-Cover.jpg?fit=800%2C800&ssl=1&resize=350%2C200 1x, https:\/\/i0.wp.com\/www.titadoregosilva.de\/shop\/wp-content\/uploads\/2018\/11\/01Werkkatalog-Cover.jpg?fit=800%2C800&ssl=1&resize=525%2C300 1.5x, https:\/\/i0.wp.com\/www.titadoregosilva.de\/shop\/wp-content\/uploads\/2018\/11\/01Werkkatalog-Cover.jpg?fit=800%2C800&ssl=1&resize=700%2C400 2x"},"classes":[]}],"jetpack_likes_enabled":true,"_links":{"self":[{"href":"https:\/\/www.titadoregosilva.de\/shop\/wp-json\/wp\/v2\/product\/2856","targetHints":{"allow":["GET"]}}],"collection":[{"href":"https:\/\/www.titadoregosilva.de\/shop\/wp-json\/wp\/v2\/product"}],"about":[{"href":"https:\/\/www.titadoregosilva.de\/shop\/wp-json\/wp\/v2\/types\/product"}],"replies":[{"embeddable":true,"href":"https:\/\/www.titadoregosilva.de\/shop\/wp-json\/wp\/v2\/comments?post=2856"}],"wp:featuredmedia":[{"embeddable":true,"href":"https:\/\/www.titadoregosilva.de\/shop\/wp-json\/wp\/v2\/media\/2855"}],"wp:attachment":[{"href":"https:\/\/www.titadoregosilva.de\/shop\/wp-json\/wp\/v2\/media?parent=2856"}],"wp:term":[{"taxonomy":"product_brand","embeddable":true,"href":"https:\/\/www.titadoregosilva.de\/shop\/wp-json\/wp\/v2\/product_brand?post=2856"},{"taxonomy":"product_cat","embeddable":true,"href":"https:\/\/www.titadoregosilva.de\/shop\/wp-json\/wp\/v2\/product_cat?post=2856"},{"taxonomy":"product_tag","embeddable":true,"href":"https:\/\/www.titadoregosilva.de\/shop\/wp-json\/wp\/v2\/product_tag?post=2856"}],"curies":[{"name":"wp","href":"https:\/\/api.w.org\/{rel}","templated":true}]}}