{"id":2661,"date":"2018-11-18T22:04:18","date_gmt":"2018-11-18T21:04:18","guid":{"rendered":"https:\/\/www.titadoregosilva.de\/shop\/?post_type=product&#038;p=2661"},"modified":"2024-07-22T01:47:07","modified_gmt":"2024-07-21T23:47:07","slug":"laboratorium-04","status":"publish","type":"product","link":"https:\/\/www.titadoregosilva.de\/shop\/produkt\/laboratorium-04\/","title":{"rendered":"Laboratorium &#8211; 04"},"content":{"rendered":"","protected":false},"excerpt":{"rendered":"<div class=\"row\">\n<h3 class=\"col-xs-12 ep-seopreview-title\">Serie Laboratorium &#8211; 04<\/h3>\n<\/div>\n<div class=\"row\">\n<div class=\"col-xs-12 ep-seopreview-metadescription\">\n<div>2000, Farb-Holzschnitt \u00a0&#8211; Verlorene Form, BFK Rives B\u00fcttenpapier , Auflage: 19, Format Blatt 32,5 x 48,5 cm, Format Bild 23 x 28 cm<\/div>\n<\/div>\n<\/div>\n","protected":false},"featured_media":2654,"comment_status":"closed","ping_status":"closed","template":"","meta":{"jetpack_post_was_ever_published":false},"product_brand":[],"product_cat":[89,519],"product_tag":[],"class_list":{"0":"post-2661","1":"product","2":"type-product","3":"status-publish","4":"has-post-thumbnail","6":"product_cat-xilos","7":"product_cat-laboratorium","8":"product_shipping_class-de1kg","10":"first","11":"instock","12":"taxable","13":"shipping-taxable","14":"purchasable","15":"product-type-simple"},"jetpack_sharing_enabled":false,"jetpack-related-posts":[{"id":2658,"url":"https:\/\/www.titadoregosilva.de\/shop\/produkt\/laboratorium-01\/","url_meta":{"origin":2661,"position":0},"title":"Laboratorium &#8211; 01","author":"admin","date":"18. November 2018","format":false,"excerpt":"Serie Laboratorium - 01 2000, Farb-Holzschnitt \u00a0- Verlorene Form, BFK Rives B\u00fcttenpapier , Auflage: 19, Format Blatt 32,5 x 48,5 cm, Format Bild 23 x 28 cm","rel":"","context":"\u00c4hnlicher Beitrag","block_context":{"text":"\u00c4hnlicher Beitrag","link":""},"img":{"alt_text":"","src":"https:\/\/i0.wp.com\/www.titadoregosilva.de\/shop\/wp-content\/uploads\/2018\/11\/Laboratorium-01.jpg?fit=521%2C800&ssl=1&resize=350%2C200","width":350,"height":200},"classes":[]},{"id":2659,"url":"https:\/\/www.titadoregosilva.de\/shop\/produkt\/laboratorium-02\/","url_meta":{"origin":2661,"position":1},"title":"Laboratorium &#8211; 02","author":"admin","date":"18. November 2018","format":false,"excerpt":"Serie Laboratorium - 02 2000, Farb-Holzschnitt \u00a0- Verlorene Form, BFK Rives B\u00fcttenpapier , Auflage: 19, Format Blatt 32,5 x 48,5 cm, Format Bild 23 x 28 cm","rel":"","context":"\u00c4hnlicher Beitrag","block_context":{"text":"\u00c4hnlicher Beitrag","link":""},"img":{"alt_text":"","src":"https:\/\/i0.wp.com\/www.titadoregosilva.de\/shop\/wp-content\/uploads\/2018\/11\/Laboratorium-02.jpg?fit=506%2C800&ssl=1&resize=350%2C200","width":350,"height":200},"classes":[]},{"id":2660,"url":"https:\/\/www.titadoregosilva.de\/shop\/produkt\/laboratorium-03\/","url_meta":{"origin":2661,"position":2},"title":"Laboratorium &#8211; 03","author":"admin","date":"18. November 2018","format":false,"excerpt":"Serie Laboratorium - 03 2000, Farb-Holzschnitt \u00a0- Verlorene Form, BFK Rives B\u00fcttenpapier , Auflage: 19, Format Blatt 32,5 x 48,5 cm, Format Bild 23 x 28 cm","rel":"","context":"\u00c4hnlicher Beitrag","block_context":{"text":"\u00c4hnlicher Beitrag","link":""},"img":{"alt_text":"","src":"https:\/\/i0.wp.com\/www.titadoregosilva.de\/shop\/wp-content\/uploads\/2018\/11\/Laboratorium-03.jpg?fit=521%2C800&ssl=1&resize=350%2C200","width":350,"height":200},"classes":[]},{"id":2662,"url":"https:\/\/www.titadoregosilva.de\/shop\/produkt\/laboratorium-05\/","url_meta":{"origin":2661,"position":3},"title":"Laboratorium &#8211; 05","author":"admin","date":"18. November 2018","format":false,"excerpt":"Serie Laboratorium - 05 2000,\u00a0Farb-Holzschnitt\u00a0- Verlorene Form,\u00a0BFK Rives B\u00fcttenpapier,\u00a0Auflage: 19,\u00a0Format Blatt 32,5 x 48,5 cm,\u00a0Format Bild 23 x 28 cm","rel":"","context":"\u00c4hnlicher Beitrag","block_context":{"text":"\u00c4hnlicher Beitrag","link":""},"img":{"alt_text":"","src":"https:\/\/i0.wp.com\/www.titadoregosilva.de\/shop\/wp-content\/uploads\/2018\/11\/Laboratorium-05.jpg?fit=521%2C800&ssl=1&resize=350%2C200","width":350,"height":200},"classes":[]},{"id":4077,"url":"https:\/\/www.titadoregosilva.de\/shop\/produkt\/kuriosekurzweil-04\/","url_meta":{"origin":2661,"position":4},"title":"KurioseKurzweil &#8211; 04","author":"admin","date":"20. November 2020","format":false,"excerpt":"Kuriose Kurzweil - 04 \u00a02018,\u00a0Farb-Linolschnitt, Werkdruckpapier,\u00a0Format Blatt: 26 x 35 cm,\u00a0Format Bild: 15 x 20 cm Preis urspr\u00fcnglich \u20ac 130,- \u00a0","rel":"","context":"\u00c4hnlicher Beitrag","block_context":{"text":"\u00c4hnlicher Beitrag","link":""},"img":{"alt_text":"","src":"https:\/\/i0.wp.com\/www.titadoregosilva.de\/shop\/wp-content\/uploads\/KurioseKurzweil_04-scaled.jpg?fit=895%2C1200&ssl=1&resize=350%2C200","width":350,"height":200,"srcset":"https:\/\/i0.wp.com\/www.titadoregosilva.de\/shop\/wp-content\/uploads\/KurioseKurzweil_04-scaled.jpg?fit=895%2C1200&ssl=1&resize=350%2C200 1x, https:\/\/i0.wp.com\/www.titadoregosilva.de\/shop\/wp-content\/uploads\/KurioseKurzweil_04-scaled.jpg?fit=895%2C1200&ssl=1&resize=525%2C300 1.5x, https:\/\/i0.wp.com\/www.titadoregosilva.de\/shop\/wp-content\/uploads\/KurioseKurzweil_04-scaled.jpg?fit=895%2C1200&ssl=1&resize=700%2C400 2x"},"classes":[]},{"id":2917,"url":"https:\/\/www.titadoregosilva.de\/shop\/produkt\/serie-a-casa-amarela-04\/","url_meta":{"origin":2661,"position":5},"title":"Serie A casa amarela &#8211; 04","author":"admin","date":"20. November 2018","format":false,"excerpt":"\"Serie A casa amarela - 04\" \u00a01995,\u00a0Farb-Holzschnitt\u00a0 - Verlorene Form,\u00a0BFK Rives B\u00fcttenpapier,\u00a0Format Blatt: 60,5 x 80 cm,\u00a0Format Bild: 48 x 65 cm \u00a0 \u00a0","rel":"","context":"\u00c4hnlicher Beitrag","block_context":{"text":"\u00c4hnlicher Beitrag","link":""},"img":{"alt_text":"","src":"https:\/\/i0.wp.com\/www.titadoregosilva.de\/shop\/wp-content\/uploads\/2018\/11\/ACasaAmarela-04.jpg?fit=611%2C800&ssl=1&resize=350%2C200","width":350,"height":200,"srcset":"https:\/\/i0.wp.com\/www.titadoregosilva.de\/shop\/wp-content\/uploads\/2018\/11\/ACasaAmarela-04.jpg?fit=611%2C800&ssl=1&resize=350%2C200 1x, https:\/\/i0.wp.com\/www.titadoregosilva.de\/shop\/wp-content\/uploads\/2018\/11\/ACasaAmarela-04.jpg?fit=611%2C800&ssl=1&resize=525%2C300 1.5x"},"classes":[]}],"jetpack_likes_enabled":false,"_links":{"self":[{"href":"https:\/\/www.titadoregosilva.de\/shop\/wp-json\/wp\/v2\/product\/2661","targetHints":{"allow":["GET"]}}],"collection":[{"href":"https:\/\/www.titadoregosilva.de\/shop\/wp-json\/wp\/v2\/product"}],"about":[{"href":"https:\/\/www.titadoregosilva.de\/shop\/wp-json\/wp\/v2\/types\/product"}],"replies":[{"embeddable":true,"href":"https:\/\/www.titadoregosilva.de\/shop\/wp-json\/wp\/v2\/comments?post=2661"}],"wp:featuredmedia":[{"embeddable":true,"href":"https:\/\/www.titadoregosilva.de\/shop\/wp-json\/wp\/v2\/media\/2654"}],"wp:attachment":[{"href":"https:\/\/www.titadoregosilva.de\/shop\/wp-json\/wp\/v2\/media?parent=2661"}],"wp:term":[{"taxonomy":"product_brand","embeddable":true,"href":"https:\/\/www.titadoregosilva.de\/shop\/wp-json\/wp\/v2\/product_brand?post=2661"},{"taxonomy":"product_cat","embeddable":true,"href":"https:\/\/www.titadoregosilva.de\/shop\/wp-json\/wp\/v2\/product_cat?post=2661"},{"taxonomy":"product_tag","embeddable":true,"href":"https:\/\/www.titadoregosilva.de\/shop\/wp-json\/wp\/v2\/product_tag?post=2661"}],"curies":[{"name":"wp","href":"https:\/\/api.w.org\/{rel}","templated":true}]}}