{"id":2658,"date":"2018-11-18T21:58:20","date_gmt":"2018-11-18T20:58:20","guid":{"rendered":"https:\/\/www.titadoregosilva.de\/shop\/?post_type=product&#038;p=2658"},"modified":"2024-07-18T12:55:17","modified_gmt":"2024-07-18T10:55:17","slug":"laboratorium-01","status":"publish","type":"product","link":"https:\/\/www.titadoregosilva.de\/shop\/produkt\/laboratorium-01\/","title":{"rendered":"Laboratorium &#8211; 01"},"content":{"rendered":"","protected":false},"excerpt":{"rendered":"<div class=\"row\">\n<h3 class=\"col-xs-12 ep-seopreview-title\">Serie Laboratorium &#8211; 01<\/h3>\n<\/div>\n<div class=\"row\">\n<div class=\"col-xs-12 ep-seopreview-metadescription\">\n<div>2000, Farb-Holzschnitt \u00a0&#8211; Verlorene Form, BFK Rives B\u00fcttenpapier , Auflage: 19, Format Blatt 32,5 x 48,5 cm, Format Bild 23 x 28 cm<\/div>\n<\/div>\n<\/div>\n","protected":false},"featured_media":2657,"comment_status":"closed","ping_status":"closed","template":"","meta":[],"product_brand":[],"product_cat":[89,519],"product_tag":[],"class_list":{"0":"post-2658","1":"product","2":"type-product","3":"status-publish","4":"has-post-thumbnail","6":"product_cat-xilos","7":"product_cat-laboratorium","8":"product_shipping_class-de1kg","10":"first","11":"instock","12":"taxable","13":"shipping-taxable","14":"purchasable","15":"product-type-simple"},"jetpack_sharing_enabled":false,"jetpack-related-posts":[{"id":2659,"url":"https:\/\/www.titadoregosilva.de\/shop\/produkt\/laboratorium-02\/","url_meta":{"origin":2658,"position":0},"title":"Laboratorium &#8211; 02","author":"admin","date":"18. November 2018","format":false,"excerpt":"Serie Laboratorium - 02 2000, Farb-Holzschnitt \u00a0- Verlorene Form, BFK Rives B\u00fcttenpapier , Auflage: 19, Format Blatt 32,5 x 48,5 cm, Format Bild 23 x 28 cm","rel":"","context":"\u00c4hnlicher Beitrag","block_context":{"text":"\u00c4hnlicher Beitrag","link":""},"img":{"alt_text":"","src":"https:\/\/i0.wp.com\/www.titadoregosilva.de\/shop\/wp-content\/uploads\/2018\/11\/Laboratorium-02.jpg?fit=506%2C800&ssl=1&resize=350%2C200","width":350,"height":200},"classes":[]},{"id":2660,"url":"https:\/\/www.titadoregosilva.de\/shop\/produkt\/laboratorium-03\/","url_meta":{"origin":2658,"position":1},"title":"Laboratorium &#8211; 03","author":"admin","date":"18. November 2018","format":false,"excerpt":"Serie Laboratorium - 03 2000, Farb-Holzschnitt \u00a0- Verlorene Form, BFK Rives B\u00fcttenpapier , Auflage: 19, Format Blatt 32,5 x 48,5 cm, Format Bild 23 x 28 cm","rel":"","context":"\u00c4hnlicher Beitrag","block_context":{"text":"\u00c4hnlicher Beitrag","link":""},"img":{"alt_text":"","src":"https:\/\/i0.wp.com\/www.titadoregosilva.de\/shop\/wp-content\/uploads\/2018\/11\/Laboratorium-03.jpg?fit=521%2C800&ssl=1&resize=350%2C200","width":350,"height":200},"classes":[]},{"id":2661,"url":"https:\/\/www.titadoregosilva.de\/shop\/produkt\/laboratorium-04\/","url_meta":{"origin":2658,"position":2},"title":"Laboratorium &#8211; 04","author":"admin","date":"18. November 2018","format":false,"excerpt":"Serie Laboratorium - 04 2000, Farb-Holzschnitt \u00a0- Verlorene Form, BFK Rives B\u00fcttenpapier , Auflage: 19, Format Blatt 32,5 x 48,5 cm, Format Bild 23 x 28 cm","rel":"","context":"\u00c4hnlicher Beitrag","block_context":{"text":"\u00c4hnlicher Beitrag","link":""},"img":{"alt_text":"","src":"https:\/\/i0.wp.com\/www.titadoregosilva.de\/shop\/wp-content\/uploads\/2018\/11\/Laboratorium-04.jpg?fit=521%2C800&ssl=1&resize=350%2C200","width":350,"height":200},"classes":[]},{"id":2662,"url":"https:\/\/www.titadoregosilva.de\/shop\/produkt\/laboratorium-05\/","url_meta":{"origin":2658,"position":3},"title":"Laboratorium &#8211; 05","author":"admin","date":"18. November 2018","format":false,"excerpt":"Serie Laboratorium - 05 2000,\u00a0Farb-Holzschnitt\u00a0- Verlorene Form,\u00a0BFK Rives B\u00fcttenpapier,\u00a0Auflage: 19,\u00a0Format Blatt 32,5 x 48,5 cm,\u00a0Format Bild 23 x 28 cm","rel":"","context":"\u00c4hnlicher Beitrag","block_context":{"text":"\u00c4hnlicher Beitrag","link":""},"img":{"alt_text":"","src":"https:\/\/i0.wp.com\/www.titadoregosilva.de\/shop\/wp-content\/uploads\/2018\/11\/Laboratorium-05.jpg?fit=521%2C800&ssl=1&resize=350%2C200","width":350,"height":200},"classes":[]},{"id":2642,"url":"https:\/\/www.titadoregosilva.de\/shop\/produkt\/prozession-01\/","url_meta":{"origin":2658,"position":4},"title":"&#8220;Prozession &#8211; 01&#8221;","author":"admin","date":"18. November 2018","format":false,"excerpt":"\"Serie Prozession - 01\" Jahr: 1999, Auflage: 21 Farb-Holzschnitt\u00a0 - Verlorene Form,\u00a0BFK Rives B\u00fcttenpapier Format Blatt: 59 x 65 cm,\u00a0Format Bild: 50 x 40 cm \u00a0 \u00a0","rel":"","context":"\u00c4hnlicher Beitrag","block_context":{"text":"\u00c4hnlicher Beitrag","link":""},"img":{"alt_text":"","src":"https:\/\/i0.wp.com\/www.titadoregosilva.de\/shop\/wp-content\/uploads\/2018\/11\/Prozession-01.jpg?fit=1064%2C800&ssl=1&resize=350%2C200","width":350,"height":200,"srcset":"https:\/\/i0.wp.com\/www.titadoregosilva.de\/shop\/wp-content\/uploads\/2018\/11\/Prozession-01.jpg?fit=1064%2C800&ssl=1&resize=350%2C200 1x, https:\/\/i0.wp.com\/www.titadoregosilva.de\/shop\/wp-content\/uploads\/2018\/11\/Prozession-01.jpg?fit=1064%2C800&ssl=1&resize=525%2C300 1.5x, https:\/\/i0.wp.com\/www.titadoregosilva.de\/shop\/wp-content\/uploads\/2018\/11\/Prozession-01.jpg?fit=1064%2C800&ssl=1&resize=700%2C400 2x, https:\/\/i0.wp.com\/www.titadoregosilva.de\/shop\/wp-content\/uploads\/2018\/11\/Prozession-01.jpg?fit=1064%2C800&ssl=1&resize=1050%2C600 3x"},"classes":[]},{"id":2914,"url":"https:\/\/www.titadoregosilva.de\/shop\/produkt\/serie-a-casa-amarela-01\/","url_meta":{"origin":2658,"position":5},"title":"Serie A casa amarela &#8211; 01","author":"admin","date":"20. November 2018","format":false,"excerpt":"\"Serie A casa amarela - 01\" \u00a01995,\u00a0Farb-Holzschnitt\u00a0 - Verlorene Form,\u00a0BFK Rives B\u00fcttenpapier,\u00a0Format Blatt: 60,5 x 80 cm,\u00a0Format Bild: 48 x 65 cm \u00a0 \u00a0","rel":"","context":"\u00c4hnlicher Beitrag","block_context":{"text":"\u00c4hnlicher Beitrag","link":""},"img":{"alt_text":"","src":"https:\/\/i0.wp.com\/www.titadoregosilva.de\/shop\/wp-content\/uploads\/2018\/11\/ACasaAmarela-01.jpg?fit=611%2C800&ssl=1&resize=350%2C200","width":350,"height":200,"srcset":"https:\/\/i0.wp.com\/www.titadoregosilva.de\/shop\/wp-content\/uploads\/2018\/11\/ACasaAmarela-01.jpg?fit=611%2C800&ssl=1&resize=350%2C200 1x, https:\/\/i0.wp.com\/www.titadoregosilva.de\/shop\/wp-content\/uploads\/2018\/11\/ACasaAmarela-01.jpg?fit=611%2C800&ssl=1&resize=525%2C300 1.5x"},"classes":[]}],"jetpack_likes_enabled":false,"_links":{"self":[{"href":"https:\/\/www.titadoregosilva.de\/shop\/wp-json\/wp\/v2\/product\/2658","targetHints":{"allow":["GET"]}}],"collection":[{"href":"https:\/\/www.titadoregosilva.de\/shop\/wp-json\/wp\/v2\/product"}],"about":[{"href":"https:\/\/www.titadoregosilva.de\/shop\/wp-json\/wp\/v2\/types\/product"}],"replies":[{"embeddable":true,"href":"https:\/\/www.titadoregosilva.de\/shop\/wp-json\/wp\/v2\/comments?post=2658"}],"wp:featuredmedia":[{"embeddable":true,"href":"https:\/\/www.titadoregosilva.de\/shop\/wp-json\/wp\/v2\/media\/2657"}],"wp:attachment":[{"href":"https:\/\/www.titadoregosilva.de\/shop\/wp-json\/wp\/v2\/media?parent=2658"}],"wp:term":[{"taxonomy":"product_brand","embeddable":true,"href":"https:\/\/www.titadoregosilva.de\/shop\/wp-json\/wp\/v2\/product_brand?post=2658"},{"taxonomy":"product_cat","embeddable":true,"href":"https:\/\/www.titadoregosilva.de\/shop\/wp-json\/wp\/v2\/product_cat?post=2658"},{"taxonomy":"product_tag","embeddable":true,"href":"https:\/\/www.titadoregosilva.de\/shop\/wp-json\/wp\/v2\/product_tag?post=2658"}],"curies":[{"name":"wp","href":"https:\/\/api.w.org\/{rel}","templated":true}]}}