{"id":528,"date":"2018-10-24T20:22:55","date_gmt":"2018-10-24T18:22:55","guid":{"rendered":"http:\/\/www.titadoregosilva.de\/wordpress\/?page_id=528"},"modified":"2022-01-12T12:01:52","modified_gmt":"2022-01-12T11:01:52","slug":"kontakt","status":"publish","type":"page","link":"https:\/\/www.titadoregosilva.de\/shop\/kontakt\/","title":{"rendered":"KONTAKT"},"content":{"rendered":"<p><img data-recalc-dims=\"1\" loading=\"lazy\" decoding=\"async\" data-attachment-id=\"3146\" data-permalink=\"https:\/\/www.titadoregosilva.de\/shop\/kontakt\/kontaktbild\/\" data-orig-file=\"https:\/\/i0.wp.com\/www.titadoregosilva.de\/shop\/wp-content\/uploads\/Kontaktbild.jpg?fit=372%2C800&amp;ssl=1\" data-orig-size=\"372,800\" data-comments-opened=\"0\" data-image-meta=\"{&quot;aperture&quot;:&quot;0&quot;,&quot;credit&quot;:&quot;&quot;,&quot;camera&quot;:&quot;&quot;,&quot;caption&quot;:&quot;&quot;,&quot;created_timestamp&quot;:&quot;0&quot;,&quot;copyright&quot;:&quot;&quot;,&quot;focal_length&quot;:&quot;0&quot;,&quot;iso&quot;:&quot;0&quot;,&quot;shutter_speed&quot;:&quot;0&quot;,&quot;title&quot;:&quot;&quot;,&quot;orientation&quot;:&quot;0&quot;}\" data-image-title=\"Tita Do Rego Silva Kontakt\" data-image-description=\"\" data-image-caption=\"\" data-large-file=\"https:\/\/i0.wp.com\/www.titadoregosilva.de\/shop\/wp-content\/uploads\/Kontaktbild.jpg?fit=372%2C800&amp;ssl=1\" class=\"wp-image-3146 alignleft\" src=\"https:\/\/i0.wp.com\/www.titadoregosilva.de\/shop\/wp-content\/uploads\/Kontaktbild.jpg?resize=158%2C339&#038;ssl=1\" alt=\"\" width=\"158\" height=\"339\" srcset=\"https:\/\/i0.wp.com\/www.titadoregosilva.de\/shop\/wp-content\/uploads\/Kontaktbild.jpg?resize=140%2C300&amp;ssl=1 140w, https:\/\/i0.wp.com\/www.titadoregosilva.de\/shop\/wp-content\/uploads\/Kontaktbild.jpg?resize=324%2C697&amp;ssl=1 324w, https:\/\/i0.wp.com\/www.titadoregosilva.de\/shop\/wp-content\/uploads\/Kontaktbild.jpg?w=372&amp;ssl=1 372w\" sizes=\"auto, (max-width: 158px) 100vw, 158px\" \/>\n<div class=\"wpcf7 no-js\" id=\"wpcf7-f527-o1\" lang=\"de-DE\" dir=\"ltr\" data-wpcf7-id=\"527\">\n<div class=\"screen-reader-response\"><p role=\"status\" aria-live=\"polite\" aria-atomic=\"true\"><\/p> <ul><\/ul><\/div>\n<form action=\"\/shop\/wp-json\/wp\/v2\/pages\/528#wpcf7-f527-o1\" method=\"post\" class=\"wpcf7-form init\" aria-label=\"Kontaktformular\" novalidate=\"novalidate\" data-status=\"init\">\n<fieldset class=\"hidden-fields-container\"><input type=\"hidden\" name=\"_wpcf7\" value=\"527\" \/><input type=\"hidden\" name=\"_wpcf7_version\" value=\"6.1.5\" \/><input type=\"hidden\" name=\"_wpcf7_locale\" value=\"de_DE\" \/><input type=\"hidden\" name=\"_wpcf7_unit_tag\" value=\"wpcf7-f527-o1\" \/><input type=\"hidden\" name=\"_wpcf7_container_post\" value=\"0\" \/><input type=\"hidden\" name=\"_wpcf7_posted_data_hash\" value=\"\" \/>\n<\/fieldset>\n<p><label> Dein\/Your Name *<br \/>\n<span class=\"wpcf7-form-control-wrap\" data-name=\"your-name\"><input size=\"40\" maxlength=\"400\" class=\"wpcf7-form-control wpcf7-text wpcf7-validates-as-required\" aria-required=\"true\" aria-invalid=\"false\" value=\"\" type=\"text\" name=\"your-name\" \/><\/span> <\/label>\n<\/p>\n<p><label> Deine\/Your E-Mail *<br \/>\n<span class=\"wpcf7-form-control-wrap\" data-name=\"your-email\"><input size=\"40\" maxlength=\"400\" class=\"wpcf7-form-control wpcf7-email wpcf7-validates-as-required wpcf7-text wpcf7-validates-as-email\" aria-required=\"true\" aria-invalid=\"false\" value=\"\" type=\"email\" name=\"your-email\" \/><\/span> <\/label>\n<\/p>\n<p><label> Betreff\/Subject *<br \/>\n<span class=\"wpcf7-form-control-wrap\" data-name=\"your-subject\"><input size=\"40\" maxlength=\"400\" class=\"wpcf7-form-control wpcf7-text wpcf7-validates-as-required\" aria-required=\"true\" aria-invalid=\"false\" value=\"\" type=\"text\" name=\"your-subject\" \/><\/span> <\/label>\n<\/p>\n<p><label> Deine Nachricht \/ Your message:<br \/>\n<span class=\"wpcf7-form-control-wrap\" data-name=\"your-message\"><textarea cols=\"40\" rows=\"10\" maxlength=\"2000\" class=\"wpcf7-form-control wpcf7-textarea\" aria-invalid=\"false\" name=\"your-message\"><\/textarea><\/span> <\/label>\n<\/p>\n<p><span class=\"wpcf7-form-control-wrap kc_captcha\" data-name=\"kc_captcha\"><span class=\"wpcf7-form-control wpcf7-radio\"><span class=\"captcha-image\" ><span class=\"cf7ic_instructions\">Bitte beweise, dass du kein Spambot bist und w\u00e4hle das Symbol<span> Baum<\/span>.<\/span><label><input aria-label=\"1\" type=\"radio\" name=\"kc_captcha\" value=\"bot\" \/><svg aria-hidden=\"true\" role=\"img\" xmlns=\"http:\/\/www.w3.org\/2000\/svg\" viewBox=\"0 0 512 512\"><path fill=\"currentColor\" d=\"M512 176a176 176 0 01-209 173l-24 27a24 24 0 01-18 8h-37v40c0 13-11 24-24 24h-40v40c0 13-11 24-24 24H24c-13 0-24-11-24-24v-78c0-6 3-13 7-17l162-162a176 176 0 11343-55zm-176-48a48 48 0 1096 0 48 48 0 00-96 0z\"\/><\/svg><\/label><label><input aria-label=\"2\" type=\"radio\" name=\"kc_captcha\" value=\"bot\" \/><svg aria-hidden=\"true\" role=\"img\" xmlns=\"http:\/\/www.w3.org\/2000\/svg\" viewBox=\"0 0 640 512\"><path fill=\"currentColor\" d=\"M624 352h-16V244c0-13-5-25-14-34L494 110c-9-9-21-14-34-14h-44V48c0-26-21-48-48-48H48C22 0 0 22 0 48v320c0 27 22 48 48 48h16a96 96 0 00192 0h128a96 96 0 00192 0h48c9 0 16-7 16-16v-32c0-9-7-16-16-16zM160 464a48 48 0 110-96 48 48 0 010 96zm320 0a48 48 0 110-96 48 48 0 010 96zm80-208H416V144h44l100 100v12z\"\/><\/svg><\/label><label><input aria-label=\"3\" type=\"radio\" name=\"kc_captcha\" value=\"kc_human\" \/><svg aria-hidden=\"true\" role=\"img\" xmlns=\"http:\/\/www.w3.org\/2000\/svg\" viewBox=\"0 0 384 512\"><path fill=\"currentColor\" d=\"M377 375l-83-87h34c21 0 32-25 17-40l-82-88h33c21 0 32-25 18-40L210 8c-10-11-26-11-36 0L70 120c-14 15-3 40 18 40h33l-82 88c-15 15-4 40 17 40h34L7 375c-15 16-4 41 17 41h120c0 33-11 49-34 68-12 9-5 28 10 28h144c15 0 22-19 10-28-20-16-34-32-34-68h120c21 0 32-25 17-41z\"\/><\/svg><\/label>\r\n    <\/span>\r\n    <span style=\"display:none\">\r\n        <input type=\"text\" name=\"kc_honeypot\">\r\n    <\/span><\/span><\/span>\n<\/p>\n<p><input class=\"wpcf7-form-control wpcf7-submit has-spinner\" type=\"submit\" value=\"Senden\" \/>\n<\/p>\n<p>* = Pflichtfeld \/ Required\n<\/p><div class=\"wpcf7-response-output\" aria-hidden=\"true\"><\/div>\n<\/form>\n<\/div>\n<\/p>\n<hr \/>\n<p>Atelier Tita do R\u00eago Silva &#8211;\u00a0Koppel 66 &#8211;\u00a020099 Hamburg<\/p>\n<p><strong>\u00d6ffnungs\u00adzeiten:<\/strong><br \/>\nMO &#8211; MI &#8211; DO &#8211; FR:<br \/>\n12:00 &#8211; 18:00 Uhr<br \/>\nSA : 12:00 &#8211; 16:00 Uhr<br \/>\noder nach Vereinbarung<\/p>\n<p><iframe loading=\"lazy\" style=\"border: 0;\" src=\"https:\/\/www.google.com\/maps\/embed?pb=!1m18!1m12!1m3!1d2369.962483193628!2d10.00915401584645!3d53.558437180024015!2m3!1f0!2f0!3f0!3m2!1i1024!2i768!4f13.1!3m3!1m2!1s0x47b18eddc3720755%3A0x34992d4d99e8379f!2sKoppel+66%2C+20099+Hamburg!5e0!3m2!1sde!2sde!4v1542568493219\" width=\"1200\" height=\"420\" frameborder=\"0\" allowfullscreen=\"allowfullscreen\"><\/iframe><\/p>\n","protected":false},"excerpt":{"rendered":"<p>Atelier Tita do R\u00eago Silva &#8211;\u00a0Koppel 66 &#8211;\u00a020099 Hamburg \u00d6ffnungs\u00adzeiten: MO &#8211; MI &#8211; DO &#8211; FR: 12:00 &#8211; 18:00 Uhr SA : 12:00 &#8211; 16:00 Uhr oder nach Vereinbarung<\/p>\n","protected":false},"author":1,"featured_media":0,"parent":0,"menu_order":0,"comment_status":"closed","ping_status":"closed","template":"template-fullwidth.php","meta":{"jetpack_post_was_ever_published":false,"footnotes":""},"class_list":["post-528","page","type-page","status-publish","hentry"],"jetpack_sharing_enabled":true,"jetpack_shortlink":"https:\/\/wp.me\/P8nqQM-8w","jetpack-related-posts":[{"id":2934,"url":"https:\/\/www.titadoregosilva.de\/shop\/video\/","url_meta":{"origin":528,"position":0},"title":"VIDEO","author":"admin","date":"21. November 2018","format":false,"excerpt":"Portrait - Xilogravura from Tita do R\u00eago Silva. K\u00fcnstlerportrait \u00fcber die K\u00fcnstlerin Tita do R\u00eago Silva Hamburg\/2013 ARTE Maranh\u00e3o - Tita do R\u00eago Silva from Tita do R\u00eago Silva. Dokumentarfilm\/2016 TITA ist ein Dokumentarfilm \u00fcber die aus dem nord\u00f6stlichen brasilianischen Bundesstaat Maranh\u00e3o stammende\u00a0Holzschnittk\u00fcnstlerin Tita do R\u00eago Silva. Der Film begibt\u2026","rel":"","context":"\u00c4hnlicher Beitrag","block_context":{"text":"\u00c4hnlicher Beitrag","link":""},"img":{"alt_text":"","src":"","width":0,"height":0},"classes":[]},{"id":508,"url":"https:\/\/www.titadoregosilva.de\/shop\/workshops\/","url_meta":{"origin":528,"position":1},"title":"WORKSHOPS","author":"admin","date":"24. Oktober 2018","format":false,"excerpt":"Holzschnittkurse Ich w\u00fcrde mich freuen wenn Sie sich f\u00fcr einen meiner Kurse interessieren.\u00a0Wir werden mit verschiedenen Techniken der Holzschnittkunst arbeiten,\u00a0Holzplatten schneiden und mit einer professionellen Druckmaschine oder per Hand die Auflage drucken.\u00a0Es wird viel gelernt und viel produziert. Egal ob f\u00fcr Anf\u00e4nger oder Fortgeschrittene.\u00a0Zum Schluss nimmt jeder Teilnehmer mindestens zwei\u2026","rel":"","context":"\u00c4hnlicher Beitrag","block_context":{"text":"\u00c4hnlicher Beitrag","link":""},"img":{"alt_text":"","src":"https:\/\/i0.wp.com\/www.titadoregosilva.de\/shop\/wp-content\/uploads\/workshop-01.jpg?resize=350%2C200","width":350,"height":200,"srcset":"https:\/\/i0.wp.com\/www.titadoregosilva.de\/shop\/wp-content\/uploads\/workshop-01.jpg?resize=350%2C200 1x, https:\/\/i0.wp.com\/www.titadoregosilva.de\/shop\/wp-content\/uploads\/workshop-01.jpg?resize=525%2C300 1.5x, https:\/\/i0.wp.com\/www.titadoregosilva.de\/shop\/wp-content\/uploads\/workshop-01.jpg?resize=700%2C400 2x, https:\/\/i0.wp.com\/www.titadoregosilva.de\/shop\/wp-content\/uploads\/workshop-01.jpg?resize=1050%2C600 3x"},"classes":[]},{"id":3359,"url":"https:\/\/www.titadoregosilva.de\/shop\/gallery\/buchkunst\/","url_meta":{"origin":528,"position":2},"title":"BUCHKUNST","author":"admin","date":"29. Dezember 2018","format":false,"excerpt":"\"APOLL UND DAFNE\" Literatur \u2013 Text: Ludwig H. Christoph H\u00f6lty \u2013 Illustrationen: Tita do R\u00eago Silva Das Buch \"APOLL UND DAFNE\" online kaufen - hier! \u00a0 \"EIN FEST IM HIMMEL\" Brasilianisches M\u00e4rchen; Text und Illustrationen: Tita do R\u00eago Silva Das Buch \"EIN FEST IM HIMMEL\" online kaufen - hier! \u00a0\u2026","rel":"","context":"\u00c4hnlicher Beitrag","block_context":{"text":"\u00c4hnlicher Beitrag","link":""},"img":{"alt_text":"","src":"https:\/\/i0.wp.com\/www.titadoregosilva.de\/shop\/wp-content\/uploads\/2018\/11\/01ApolluDafne-Cover.jpg?resize=350%2C200","width":350,"height":200,"srcset":"https:\/\/i0.wp.com\/www.titadoregosilva.de\/shop\/wp-content\/uploads\/2018\/11\/01ApolluDafne-Cover.jpg?resize=350%2C200 1x, https:\/\/i0.wp.com\/www.titadoregosilva.de\/shop\/wp-content\/uploads\/2018\/11\/01ApolluDafne-Cover.jpg?resize=525%2C300 1.5x"},"classes":[]},{"id":432,"url":"https:\/\/www.titadoregosilva.de\/shop\/info\/","url_meta":{"origin":528,"position":3},"title":"INFO","author":"admin","date":"22. Oktober 2018","format":false,"excerpt":"Tita do R\u00eago Silva ist Brasilianerin. Schon mit ihrer Geburt im Jahre 1959 in Caxias - MA, begann eine Odysse, die sie \u00fcber ein Kunststudium an der Universit\u00e4t von Bras\u00edlia 1989 nach Hamburg f\u00fchrte. Die Arbeit als freie K\u00fcnstlerin im k\u00fchlen Norden weckte in ihr die warme Farbpalette Brasiliens: Kindheitserinnerungen\u2026","rel":"","context":"\u00c4hnlicher Beitrag","block_context":{"text":"\u00c4hnlicher Beitrag","link":""},"img":{"alt_text":"","src":"https:\/\/i0.wp.com\/www.titadoregosilva.de\/shop\/wp-content\/uploads\/PortraitTita-300x300.jpg?resize=350%2C200&ssl=1","width":350,"height":200},"classes":[]},{"id":219,"url":"https:\/\/www.titadoregosilva.de\/shop\/imprint\/","url_meta":{"origin":528,"position":4},"title":"IMPRESSUM","author":"admin","date":"9. Februar 2017","format":false,"excerpt":"Tita Do Rego Silva Atelier Tita do Rego Silva Koppel 66 20099 Hamburg Deutschland Tel.: 04028050599 E-Mail: tita@doregosilva.de Umsatzsteuer-Identifikationsnummer gem\u00e4\u00df \u00a7 27 a Umsatzsteuergesetz: DE 166428833 webdesign: jojacobs.de webproduction: ic-multimedia.de","rel":"","context":"\u00c4hnlicher Beitrag","block_context":{"text":"\u00c4hnlicher Beitrag","link":""},"img":{"alt_text":"","src":"","width":0,"height":0},"classes":[]},{"id":455,"url":"https:\/\/www.titadoregosilva.de\/shop\/widerrufsbelehrung\/","url_meta":{"origin":528,"position":5},"title":"WIDERRUFSBELEHRUNG","author":"admin","date":"24. Oktober 2018","format":false,"excerpt":"Widerrufsrecht f\u00fcr Verbraucher (Verbraucher ist jede nat\u00fcrliche Person, die ein Rechtsgesch\u00e4ft zu Zwecken abschlie\u00dft, die \u00fcberwiegend weder ihrer gewerblichen noch ihrer selbstst\u00e4ndigen beruflichen T\u00e4tigkeit zugerechnet werden kann.) Widerrufsbelehrung Widerrufsrecht Sie haben das Recht, binnen vierzehn Tagen ohne Angabe von Gr\u00fcnden diesen Vertrag zu widerrufen. Die Widerrufsfrist betr\u00e4gt vierzehn Tage ab\u2026","rel":"","context":"\u00c4hnlicher Beitrag","block_context":{"text":"\u00c4hnlicher Beitrag","link":""},"img":{"alt_text":"","src":"","width":0,"height":0},"classes":[]}],"jetpack_likes_enabled":true,"_links":{"self":[{"href":"https:\/\/www.titadoregosilva.de\/shop\/wp-json\/wp\/v2\/pages\/528","targetHints":{"allow":["GET"]}}],"collection":[{"href":"https:\/\/www.titadoregosilva.de\/shop\/wp-json\/wp\/v2\/pages"}],"about":[{"href":"https:\/\/www.titadoregosilva.de\/shop\/wp-json\/wp\/v2\/types\/page"}],"author":[{"embeddable":true,"href":"https:\/\/www.titadoregosilva.de\/shop\/wp-json\/wp\/v2\/users\/1"}],"replies":[{"embeddable":true,"href":"https:\/\/www.titadoregosilva.de\/shop\/wp-json\/wp\/v2\/comments?post=528"}],"version-history":[{"count":11,"href":"https:\/\/www.titadoregosilva.de\/shop\/wp-json\/wp\/v2\/pages\/528\/revisions"}],"predecessor-version":[{"id":4367,"href":"https:\/\/www.titadoregosilva.de\/shop\/wp-json\/wp\/v2\/pages\/528\/revisions\/4367"}],"wp:attachment":[{"href":"https:\/\/www.titadoregosilva.de\/shop\/wp-json\/wp\/v2\/media?parent=528"}],"curies":[{"name":"wp","href":"https:\/\/api.w.org\/{rel}","templated":true}]}}