{"id":456,"date":"2018-10-24T15:50:26","date_gmt":"2018-10-24T13:50:26","guid":{"rendered":"http:\/\/www.titadoregosilva.de\/wordpress\/versandarten\/"},"modified":"2018-11-19T17:28:50","modified_gmt":"2018-11-19T16:28:50","slug":"versandarten","status":"publish","type":"page","link":"https:\/\/www.titadoregosilva.de\/shop\/versandarten\/","title":{"rendered":"VERSANDARTEN"},"content":{"rendered":"","protected":false},"excerpt":{"rendered":"","protected":false},"author":1,"featured_media":0,"parent":0,"menu_order":0,"comment_status":"closed","ping_status":"closed","template":"","meta":{"jetpack_post_was_ever_published":false,"footnotes":""},"class_list":["post-456","page","type-page","status-publish","hentry"],"jetpack_sharing_enabled":true,"jetpack_shortlink":"https:\/\/wp.me\/P8nqQM-7m","jetpack-related-posts":[{"id":454,"url":"https:\/\/www.titadoregosilva.de\/shop\/agb\/","url_meta":{"origin":456,"position":0},"title":"AGB","author":"admin","date":"24. Oktober 2018","format":false,"excerpt":"Allgemeine Gesch\u00e4ftsbedingungen \u00a7 1 Geltung, Begriffsdefinitionen (1) Tita Do Rego Silva, Atelier Tita do Rego Silva, Koppel 66, 20099 Hamburg, Deutschland, Deutschland (im Folgenden: \u201ewir\u201c oder \u201eAtelier Tita do Rego Silva - Online Art Shop\u201c) betreibt unter der Webseite https:\/\/www.titadoregosilva.de\/shop einen Online-Shop f\u00fcr Waren. Die nachfolgenden allgemeinen Gesch\u00e4ftsbedingungen gelten f\u00fcr\u2026","rel":"","context":"\u00c4hnlicher Beitrag","block_context":{"text":"\u00c4hnlicher Beitrag","link":""},"img":{"alt_text":"","src":"","width":0,"height":0},"classes":[]},{"id":455,"url":"https:\/\/www.titadoregosilva.de\/shop\/widerrufsbelehrung\/","url_meta":{"origin":456,"position":1},"title":"WIDERRUFSBELEHRUNG","author":"admin","date":"24. Oktober 2018","format":false,"excerpt":"Widerrufsrecht f\u00fcr Verbraucher (Verbraucher ist jede nat\u00fcrliche Person, die ein Rechtsgesch\u00e4ft zu Zwecken abschlie\u00dft, die \u00fcberwiegend weder ihrer gewerblichen noch ihrer selbstst\u00e4ndigen beruflichen T\u00e4tigkeit zugerechnet werden kann.) Widerrufsbelehrung Widerrufsrecht Sie haben das Recht, binnen vierzehn Tagen ohne Angabe von Gr\u00fcnden diesen Vertrag zu widerrufen. Die Widerrufsfrist betr\u00e4gt vierzehn Tage ab\u2026","rel":"","context":"\u00c4hnlicher Beitrag","block_context":{"text":"\u00c4hnlicher Beitrag","link":""},"img":{"alt_text":"","src":"","width":0,"height":0},"classes":[]}],"jetpack_likes_enabled":true,"_links":{"self":[{"href":"https:\/\/www.titadoregosilva.de\/shop\/wp-json\/wp\/v2\/pages\/456","targetHints":{"allow":["GET"]}}],"collection":[{"href":"https:\/\/www.titadoregosilva.de\/shop\/wp-json\/wp\/v2\/pages"}],"about":[{"href":"https:\/\/www.titadoregosilva.de\/shop\/wp-json\/wp\/v2\/types\/page"}],"author":[{"embeddable":true,"href":"https:\/\/www.titadoregosilva.de\/shop\/wp-json\/wp\/v2\/users\/1"}],"replies":[{"embeddable":true,"href":"https:\/\/www.titadoregosilva.de\/shop\/wp-json\/wp\/v2\/comments?post=456"}],"version-history":[{"count":1,"href":"https:\/\/www.titadoregosilva.de\/shop\/wp-json\/wp\/v2\/pages\/456\/revisions"}],"predecessor-version":[{"id":2673,"href":"https:\/\/www.titadoregosilva.de\/shop\/wp-json\/wp\/v2\/pages\/456\/revisions\/2673"}],"wp:attachment":[{"href":"https:\/\/www.titadoregosilva.de\/shop\/wp-json\/wp\/v2\/media?parent=456"}],"curies":[{"name":"wp","href":"https:\/\/api.w.org\/{rel}","templated":true}]}}