{"id":331,"date":"2018-08-29T21:55:33","date_gmt":"2018-08-29T19:55:33","guid":{"rendered":"http:\/\/www.titadoregosilva.de\/wordpress\/mein-konto\/"},"modified":"2018-11-19T17:28:38","modified_gmt":"2018-11-19T16:28:38","slug":"mein-konto","status":"publish","type":"page","link":"https:\/\/www.titadoregosilva.de\/shop\/mein-konto\/","title":{"rendered":"MEIN KONTO"},"content":{"rendered":"<div class=\"woocommerce\"><\/div>\n","protected":false},"excerpt":{"rendered":"","protected":false},"author":1,"featured_media":0,"parent":0,"menu_order":0,"comment_status":"closed","ping_status":"closed","template":"","meta":{"jetpack_post_was_ever_published":false,"footnotes":""},"class_list":["post-331","page","type-page","status-publish","hentry"],"jetpack_sharing_enabled":true,"jetpack_shortlink":"https:\/\/wp.me\/P8nqQM-5l","jetpack-related-posts":[{"id":377,"url":"https:\/\/www.titadoregosilva.de\/shop\/datenschutz\/","url_meta":{"origin":331,"position":0},"title":"DATENSCHUTZERKL\u00c4RUNG","author":"admin","date":"5. Oktober 2018","format":false,"excerpt":"Wir freuen uns, dass Sie unsere Website besuchen und bedanken uns f\u00fcr Ihr Interesse! Der Schutz Ihrer Privatsph\u00e4re bei der Nutzung unserer Website ist uns wichtig, bitte nehmen Sie daher die nachstehenden Informationen \u00fcber den Umgang mit Ihren Daten zur Kenntnis: 1) Grunds\u00e4tzliches zum Umgang mit personenbezogenen Daten Sie k\u00f6nnen\u2026","rel":"","context":"\u00c4hnlicher Beitrag","block_context":{"text":"\u00c4hnlicher Beitrag","link":""},"img":{"alt_text":"","src":"","width":0,"height":0},"classes":[]}],"jetpack_likes_enabled":true,"_links":{"self":[{"href":"https:\/\/www.titadoregosilva.de\/shop\/wp-json\/wp\/v2\/pages\/331","targetHints":{"allow":["GET"]}}],"collection":[{"href":"https:\/\/www.titadoregosilva.de\/shop\/wp-json\/wp\/v2\/pages"}],"about":[{"href":"https:\/\/www.titadoregosilva.de\/shop\/wp-json\/wp\/v2\/types\/page"}],"author":[{"embeddable":true,"href":"https:\/\/www.titadoregosilva.de\/shop\/wp-json\/wp\/v2\/users\/1"}],"replies":[{"embeddable":true,"href":"https:\/\/www.titadoregosilva.de\/shop\/wp-json\/wp\/v2\/comments?post=331"}],"version-history":[{"count":1,"href":"https:\/\/www.titadoregosilva.de\/shop\/wp-json\/wp\/v2\/pages\/331\/revisions"}],"predecessor-version":[{"id":2672,"href":"https:\/\/www.titadoregosilva.de\/shop\/wp-json\/wp\/v2\/pages\/331\/revisions\/2672"}],"wp:attachment":[{"href":"https:\/\/www.titadoregosilva.de\/shop\/wp-json\/wp\/v2\/media?parent=331"}],"curies":[{"name":"wp","href":"https:\/\/api.w.org\/{rel}","templated":true}]}}