{"id":3296,"date":"2018-12-28T17:32:13","date_gmt":"2018-12-28T16:32:13","guid":{"rendered":"https:\/\/www.titadoregosilva.de\/shop\/?page_id=3296"},"modified":"2018-12-28T17:32:50","modified_gmt":"2018-12-28T16:32:50","slug":"expositions","status":"publish","type":"page","link":"https:\/\/www.titadoregosilva.de\/shop\/gallery\/expositions\/","title":{"rendered":"AUSSTELLUNGEN"},"content":{"rendered":"<p>Eine kleine Auswahl, verschiedener Ausstellungen von Tita do R\u00eago Silva.<\/p>\n<div class=\"tiled-gallery type-rectangular tiled-gallery-unresized\" data-original-width=\"980\" data-carousel-extra='{&quot;blog_id&quot;:1,&quot;permalink&quot;:&quot;https:\\\/\\\/www.titadoregosilva.de\\\/shop\\\/gallery\\\/expositions\\\/&quot;,&quot;likes_blog_id&quot;:123795448}' itemscope itemtype=\"http:\/\/schema.org\/ImageGallery\" > <div class=\"gallery-row\" style=\"width: 980px; height: 844px;\" data-original-width=\"980\" data-original-height=\"844\" > <div class=\"gallery-group images-3\" style=\"width: 388px; height: 844px;\" data-original-width=\"388\" data-original-height=\"844\" > <div class=\"tiled-gallery-item tiled-gallery-item-large\" itemprop=\"associatedMedia\" itemscope itemtype=\"http:\/\/schema.org\/ImageObject\"> <a href=\"https:\/\/www.titadoregosilva.de\/shop\/gallery\/expositions\/ausstellungen-03\/\" border=\"0\" itemprop=\"url\"> <meta itemprop=\"width\" content=\"384\"> <meta itemprop=\"height\" content=\"243\"> <img decoding=\"async\" class=\"\" data-attachment-id=\"3297\" data-orig-file=\"https:\/\/www.titadoregosilva.de\/shop\/wp-content\/uploads\/Ausstellungen-03.jpg\" data-orig-size=\"1899,1200\" data-comments-opened=\"\" data-image-meta=\"{&quot;aperture&quot;:&quot;0&quot;,&quot;credit&quot;:&quot;&quot;,&quot;camera&quot;:&quot;&quot;,&quot;caption&quot;:&quot;&quot;,&quot;created_timestamp&quot;:&quot;0&quot;,&quot;copyright&quot;:&quot;&quot;,&quot;focal_length&quot;:&quot;0&quot;,&quot;iso&quot;:&quot;0&quot;,&quot;shutter_speed&quot;:&quot;0&quot;,&quot;title&quot;:&quot;&quot;,&quot;orientation&quot;:&quot;0&quot;}\" data-image-title=\"Ausstellungen-03\" data-image-description=\"\" data-medium-file=\"https:\/\/i0.wp.com\/www.titadoregosilva.de\/shop\/wp-content\/uploads\/Ausstellungen-03.jpg?fit=300%2C190&#038;ssl=1\" data-large-file=\"https:\/\/i0.wp.com\/www.titadoregosilva.de\/shop\/wp-content\/uploads\/Ausstellungen-03.jpg?fit=980%2C619&#038;ssl=1\" src=\"https:\/\/i0.wp.com\/www.titadoregosilva.de\/shop\/wp-content\/uploads\/Ausstellungen-03.jpg?w=384&#038;h=243&#038;ssl=1\" srcset=\"https:\/\/i0.wp.com\/www.titadoregosilva.de\/shop\/wp-content\/uploads\/Ausstellungen-03.jpg?w=1899&amp;ssl=1 1899w, https:\/\/i0.wp.com\/www.titadoregosilva.de\/shop\/wp-content\/uploads\/Ausstellungen-03.jpg?resize=300%2C190&amp;ssl=1 300w, https:\/\/i0.wp.com\/www.titadoregosilva.de\/shop\/wp-content\/uploads\/Ausstellungen-03.jpg?resize=768%2C485&amp;ssl=1 768w, https:\/\/i0.wp.com\/www.titadoregosilva.de\/shop\/wp-content\/uploads\/Ausstellungen-03.jpg?resize=1024%2C647&amp;ssl=1 1024w, https:\/\/i0.wp.com\/www.titadoregosilva.de\/shop\/wp-content\/uploads\/Ausstellungen-03.jpg?resize=324%2C205&amp;ssl=1 324w, https:\/\/i0.wp.com\/www.titadoregosilva.de\/shop\/wp-content\/uploads\/Ausstellungen-03.jpg?resize=416%2C263&amp;ssl=1 416w\" width=\"384\" height=\"243\" loading=\"lazy\" data-original-width=\"384\" data-original-height=\"243\" itemprop=\"http:\/\/schema.org\/image\" title=\"Ausstellungen-03\" alt=\"Ausstellungen-03\" style=\"width: 384px; height: 243px;\" \/> <\/a> <\/div> <div class=\"tiled-gallery-item tiled-gallery-item-large\" itemprop=\"associatedMedia\" itemscope itemtype=\"http:\/\/schema.org\/ImageObject\"> <a href=\"https:\/\/www.titadoregosilva.de\/shop\/gallery\/expositions\/ausstellungen-04\/\" border=\"0\" itemprop=\"url\"> <meta itemprop=\"width\" content=\"384\"> <meta itemprop=\"height\" content=\"288\"> <img decoding=\"async\" class=\"\" data-attachment-id=\"3298\" data-orig-file=\"https:\/\/www.titadoregosilva.de\/shop\/wp-content\/uploads\/Ausstellungen-04.jpg\" data-orig-size=\"1600,1200\" data-comments-opened=\"\" data-image-meta=\"{&quot;aperture&quot;:&quot;0&quot;,&quot;credit&quot;:&quot;&quot;,&quot;camera&quot;:&quot;&quot;,&quot;caption&quot;:&quot;&quot;,&quot;created_timestamp&quot;:&quot;0&quot;,&quot;copyright&quot;:&quot;&quot;,&quot;focal_length&quot;:&quot;0&quot;,&quot;iso&quot;:&quot;0&quot;,&quot;shutter_speed&quot;:&quot;0&quot;,&quot;title&quot;:&quot;&quot;,&quot;orientation&quot;:&quot;0&quot;}\" data-image-title=\"Ausstellungen-04\" data-image-description=\"\" data-medium-file=\"https:\/\/i0.wp.com\/www.titadoregosilva.de\/shop\/wp-content\/uploads\/Ausstellungen-04.jpg?fit=300%2C225&#038;ssl=1\" data-large-file=\"https:\/\/i0.wp.com\/www.titadoregosilva.de\/shop\/wp-content\/uploads\/Ausstellungen-04.jpg?fit=980%2C735&#038;ssl=1\" src=\"https:\/\/i0.wp.com\/www.titadoregosilva.de\/shop\/wp-content\/uploads\/Ausstellungen-04.jpg?w=384&#038;h=288&#038;ssl=1\" srcset=\"https:\/\/i0.wp.com\/www.titadoregosilva.de\/shop\/wp-content\/uploads\/Ausstellungen-04.jpg?w=1600&amp;ssl=1 1600w, https:\/\/i0.wp.com\/www.titadoregosilva.de\/shop\/wp-content\/uploads\/Ausstellungen-04.jpg?resize=300%2C225&amp;ssl=1 300w, https:\/\/i0.wp.com\/www.titadoregosilva.de\/shop\/wp-content\/uploads\/Ausstellungen-04.jpg?resize=768%2C576&amp;ssl=1 768w, https:\/\/i0.wp.com\/www.titadoregosilva.de\/shop\/wp-content\/uploads\/Ausstellungen-04.jpg?resize=1024%2C768&amp;ssl=1 1024w, https:\/\/i0.wp.com\/www.titadoregosilva.de\/shop\/wp-content\/uploads\/Ausstellungen-04.jpg?resize=324%2C243&amp;ssl=1 324w, https:\/\/i0.wp.com\/www.titadoregosilva.de\/shop\/wp-content\/uploads\/Ausstellungen-04.jpg?resize=416%2C312&amp;ssl=1 416w\" width=\"384\" height=\"288\" loading=\"lazy\" data-original-width=\"384\" data-original-height=\"288\" itemprop=\"http:\/\/schema.org\/image\" title=\"Ausstellungen-04\" alt=\"Ausstellungen-04\" style=\"width: 384px; height: 288px;\" \/> <\/a> <\/div> <div class=\"tiled-gallery-item tiled-gallery-item-large\" itemprop=\"associatedMedia\" itemscope itemtype=\"http:\/\/schema.org\/ImageObject\"> <a href=\"https:\/\/www.titadoregosilva.de\/shop\/gallery\/expositions\/ausstellungen-05\/\" border=\"0\" itemprop=\"url\"> <meta itemprop=\"width\" content=\"384\"> <meta itemprop=\"height\" content=\"301\"> <img decoding=\"async\" class=\"\" data-attachment-id=\"3299\" data-orig-file=\"https:\/\/www.titadoregosilva.de\/shop\/wp-content\/uploads\/Ausstellungen-05.jpg\" data-orig-size=\"1534,1200\" data-comments-opened=\"\" data-image-meta=\"{&quot;aperture&quot;:&quot;0&quot;,&quot;credit&quot;:&quot;&quot;,&quot;camera&quot;:&quot;&quot;,&quot;caption&quot;:&quot;&quot;,&quot;created_timestamp&quot;:&quot;0&quot;,&quot;copyright&quot;:&quot;&quot;,&quot;focal_length&quot;:&quot;0&quot;,&quot;iso&quot;:&quot;0&quot;,&quot;shutter_speed&quot;:&quot;0&quot;,&quot;title&quot;:&quot;&quot;,&quot;orientation&quot;:&quot;0&quot;}\" data-image-title=\"Ausstellungen-05\" data-image-description=\"\" data-medium-file=\"https:\/\/i0.wp.com\/www.titadoregosilva.de\/shop\/wp-content\/uploads\/Ausstellungen-05.jpg?fit=300%2C235&#038;ssl=1\" data-large-file=\"https:\/\/i0.wp.com\/www.titadoregosilva.de\/shop\/wp-content\/uploads\/Ausstellungen-05.jpg?fit=980%2C767&#038;ssl=1\" src=\"https:\/\/i0.wp.com\/www.titadoregosilva.de\/shop\/wp-content\/uploads\/Ausstellungen-05.jpg?w=384&#038;h=301&#038;ssl=1\" srcset=\"https:\/\/i0.wp.com\/www.titadoregosilva.de\/shop\/wp-content\/uploads\/Ausstellungen-05.jpg?w=1534&amp;ssl=1 1534w, https:\/\/i0.wp.com\/www.titadoregosilva.de\/shop\/wp-content\/uploads\/Ausstellungen-05.jpg?resize=300%2C235&amp;ssl=1 300w, https:\/\/i0.wp.com\/www.titadoregosilva.de\/shop\/wp-content\/uploads\/Ausstellungen-05.jpg?resize=768%2C601&amp;ssl=1 768w, https:\/\/i0.wp.com\/www.titadoregosilva.de\/shop\/wp-content\/uploads\/Ausstellungen-05.jpg?resize=1024%2C801&amp;ssl=1 1024w, https:\/\/i0.wp.com\/www.titadoregosilva.de\/shop\/wp-content\/uploads\/Ausstellungen-05.jpg?resize=324%2C253&amp;ssl=1 324w, https:\/\/i0.wp.com\/www.titadoregosilva.de\/shop\/wp-content\/uploads\/Ausstellungen-05.jpg?resize=416%2C325&amp;ssl=1 416w\" width=\"384\" height=\"301\" loading=\"lazy\" data-original-width=\"384\" data-original-height=\"301\" itemprop=\"http:\/\/schema.org\/image\" title=\"Ausstellungen-05\" alt=\"Ausstellungen-05\" style=\"width: 384px; height: 301px;\" \/> <\/a> <\/div> <\/div> <!-- close group --> <div class=\"gallery-group images-1\" style=\"width: 592px; height: 844px;\" data-original-width=\"592\" data-original-height=\"844\" > <div class=\"tiled-gallery-item tiled-gallery-item-large\" itemprop=\"associatedMedia\" itemscope itemtype=\"http:\/\/schema.org\/ImageObject\"> <a href=\"https:\/\/www.titadoregosilva.de\/shop\/gallery\/expositions\/ausstellungen-02\/\" border=\"0\" itemprop=\"url\"> <meta itemprop=\"width\" content=\"588\"> <meta itemprop=\"height\" content=\"840\"> <img decoding=\"async\" class=\"\" data-attachment-id=\"3300\" data-orig-file=\"https:\/\/www.titadoregosilva.de\/shop\/wp-content\/uploads\/Ausstellungen-02.jpg\" data-orig-size=\"840,1200\" data-comments-opened=\"\" data-image-meta=\"{&quot;aperture&quot;:&quot;0&quot;,&quot;credit&quot;:&quot;&quot;,&quot;camera&quot;:&quot;&quot;,&quot;caption&quot;:&quot;&quot;,&quot;created_timestamp&quot;:&quot;0&quot;,&quot;copyright&quot;:&quot;&quot;,&quot;focal_length&quot;:&quot;0&quot;,&quot;iso&quot;:&quot;0&quot;,&quot;shutter_speed&quot;:&quot;0&quot;,&quot;title&quot;:&quot;&quot;,&quot;orientation&quot;:&quot;0&quot;}\" data-image-title=\"Ausstellungen-02\" data-image-description=\"\" data-medium-file=\"https:\/\/i0.wp.com\/www.titadoregosilva.de\/shop\/wp-content\/uploads\/Ausstellungen-02.jpg?fit=210%2C300&#038;ssl=1\" data-large-file=\"https:\/\/i0.wp.com\/www.titadoregosilva.de\/shop\/wp-content\/uploads\/Ausstellungen-02.jpg?fit=717%2C1024&#038;ssl=1\" src=\"https:\/\/i0.wp.com\/www.titadoregosilva.de\/shop\/wp-content\/uploads\/Ausstellungen-02.jpg?w=588&#038;h=840&#038;ssl=1\" srcset=\"https:\/\/i0.wp.com\/www.titadoregosilva.de\/shop\/wp-content\/uploads\/Ausstellungen-02.jpg?w=840&amp;ssl=1 840w, https:\/\/i0.wp.com\/www.titadoregosilva.de\/shop\/wp-content\/uploads\/Ausstellungen-02.jpg?resize=210%2C300&amp;ssl=1 210w, https:\/\/i0.wp.com\/www.titadoregosilva.de\/shop\/wp-content\/uploads\/Ausstellungen-02.jpg?resize=768%2C1097&amp;ssl=1 768w, https:\/\/i0.wp.com\/www.titadoregosilva.de\/shop\/wp-content\/uploads\/Ausstellungen-02.jpg?resize=717%2C1024&amp;ssl=1 717w, https:\/\/i0.wp.com\/www.titadoregosilva.de\/shop\/wp-content\/uploads\/Ausstellungen-02.jpg?resize=324%2C463&amp;ssl=1 324w, https:\/\/i0.wp.com\/www.titadoregosilva.de\/shop\/wp-content\/uploads\/Ausstellungen-02.jpg?resize=416%2C594&amp;ssl=1 416w\" width=\"588\" height=\"840\" loading=\"lazy\" data-original-width=\"588\" data-original-height=\"840\" itemprop=\"http:\/\/schema.org\/image\" title=\"Ausstellungen-02\" alt=\"Ausstellungen-02\" style=\"width: 588px; height: 840px;\" \/> <\/a> <\/div> <\/div> <!-- close group --> <\/div> <!-- close row --> <div class=\"gallery-row\" style=\"width: 980px; height: 655px;\" data-original-width=\"980\" data-original-height=\"655\" > <div class=\"gallery-group images-1\" style=\"width: 980px; height: 655px;\" data-original-width=\"980\" data-original-height=\"655\" > <div class=\"tiled-gallery-item tiled-gallery-item-large\" itemprop=\"associatedMedia\" itemscope itemtype=\"http:\/\/schema.org\/ImageObject\"> <a href=\"https:\/\/www.titadoregosilva.de\/shop\/gallery\/expositions\/ausstellungen-01\/\" border=\"0\" itemprop=\"url\"> <meta itemprop=\"width\" content=\"976\"> <meta itemprop=\"height\" content=\"651\"> <img decoding=\"async\" class=\"\" data-attachment-id=\"3301\" data-orig-file=\"https:\/\/www.titadoregosilva.de\/shop\/wp-content\/uploads\/Ausstellungen-01.jpg\" data-orig-size=\"1800,1200\" data-comments-opened=\"\" data-image-meta=\"{&quot;aperture&quot;:&quot;0&quot;,&quot;credit&quot;:&quot;&quot;,&quot;camera&quot;:&quot;&quot;,&quot;caption&quot;:&quot;&quot;,&quot;created_timestamp&quot;:&quot;0&quot;,&quot;copyright&quot;:&quot;&quot;,&quot;focal_length&quot;:&quot;0&quot;,&quot;iso&quot;:&quot;0&quot;,&quot;shutter_speed&quot;:&quot;0&quot;,&quot;title&quot;:&quot;&quot;,&quot;orientation&quot;:&quot;0&quot;}\" data-image-title=\"Ausstellungen-01\" data-image-description=\"\" data-medium-file=\"https:\/\/i0.wp.com\/www.titadoregosilva.de\/shop\/wp-content\/uploads\/Ausstellungen-01.jpg?fit=300%2C200&#038;ssl=1\" data-large-file=\"https:\/\/i0.wp.com\/www.titadoregosilva.de\/shop\/wp-content\/uploads\/Ausstellungen-01.jpg?fit=980%2C654&#038;ssl=1\" src=\"https:\/\/i0.wp.com\/www.titadoregosilva.de\/shop\/wp-content\/uploads\/Ausstellungen-01.jpg?w=976&#038;h=651&#038;ssl=1\" srcset=\"https:\/\/i0.wp.com\/www.titadoregosilva.de\/shop\/wp-content\/uploads\/Ausstellungen-01.jpg?w=1800&amp;ssl=1 1800w, https:\/\/i0.wp.com\/www.titadoregosilva.de\/shop\/wp-content\/uploads\/Ausstellungen-01.jpg?resize=300%2C200&amp;ssl=1 300w, https:\/\/i0.wp.com\/www.titadoregosilva.de\/shop\/wp-content\/uploads\/Ausstellungen-01.jpg?resize=768%2C512&amp;ssl=1 768w, https:\/\/i0.wp.com\/www.titadoregosilva.de\/shop\/wp-content\/uploads\/Ausstellungen-01.jpg?resize=1024%2C683&amp;ssl=1 1024w, https:\/\/i0.wp.com\/www.titadoregosilva.de\/shop\/wp-content\/uploads\/Ausstellungen-01.jpg?resize=324%2C216&amp;ssl=1 324w, https:\/\/i0.wp.com\/www.titadoregosilva.de\/shop\/wp-content\/uploads\/Ausstellungen-01.jpg?resize=416%2C277&amp;ssl=1 416w\" width=\"976\" height=\"651\" loading=\"lazy\" data-original-width=\"976\" data-original-height=\"651\" itemprop=\"http:\/\/schema.org\/image\" title=\"Ausstellungen-01\" alt=\"Ausstellungen-01\" style=\"width: 976px; height: 651px;\" \/> <\/a> <\/div> <\/div> <!-- close group --> <\/div> <!-- close row --> <\/div>\n","protected":false},"excerpt":{"rendered":"<p>Eine kleine Auswahl, verschiedener Ausstellungen von Tita do R\u00eago Silva.<\/p>\n","protected":false},"author":1,"featured_media":0,"parent":215,"menu_order":0,"comment_status":"closed","ping_status":"closed","template":"","meta":{"jetpack_post_was_ever_published":false,"footnotes":""},"class_list":["post-3296","page","type-page","status-publish","hentry"],"jetpack_sharing_enabled":true,"jetpack_shortlink":"https:\/\/wp.me\/P8nqQM-Ra","jetpack-related-posts":[{"id":3359,"url":"https:\/\/www.titadoregosilva.de\/shop\/gallery\/buchkunst\/","url_meta":{"origin":3296,"position":0},"title":"BUCHKUNST","author":"admin","date":"29. Dezember 2018","format":false,"excerpt":"\"APOLL UND DAFNE\" Literatur \u2013 Text: Ludwig H. Christoph H\u00f6lty \u2013 Illustrationen: Tita do R\u00eago Silva Das Buch \"APOLL UND DAFNE\" online kaufen - hier! \u00a0 \"EIN FEST IM HIMMEL\" Brasilianisches M\u00e4rchen; Text und Illustrationen: Tita do R\u00eago Silva Das Buch \"EIN FEST IM HIMMEL\" online kaufen - hier! \u00a0\u2026","rel":"","context":"\u00c4hnlicher Beitrag","block_context":{"text":"\u00c4hnlicher Beitrag","link":""},"img":{"alt_text":"","src":"https:\/\/i0.wp.com\/www.titadoregosilva.de\/shop\/wp-content\/uploads\/2018\/11\/01ApolluDafne-Cover.jpg?resize=350%2C200","width":350,"height":200,"srcset":"https:\/\/i0.wp.com\/www.titadoregosilva.de\/shop\/wp-content\/uploads\/2018\/11\/01ApolluDafne-Cover.jpg?resize=350%2C200 1x, https:\/\/i0.wp.com\/www.titadoregosilva.de\/shop\/wp-content\/uploads\/2018\/11\/01ApolluDafne-Cover.jpg?resize=525%2C300 1.5x"},"classes":[]},{"id":432,"url":"https:\/\/www.titadoregosilva.de\/shop\/info\/","url_meta":{"origin":3296,"position":1},"title":"INFO","author":"admin","date":"22. Oktober 2018","format":false,"excerpt":"Tita do R\u00eago Silva ist Brasilianerin. Schon mit ihrer Geburt im Jahre 1959 in Caxias - MA, begann eine Odysse, die sie \u00fcber ein Kunststudium an der Universit\u00e4t von Bras\u00edlia 1989 nach Hamburg f\u00fchrte. Die Arbeit als freie K\u00fcnstlerin im k\u00fchlen Norden weckte in ihr die warme Farbpalette Brasiliens: Kindheitserinnerungen\u2026","rel":"","context":"\u00c4hnlicher Beitrag","block_context":{"text":"\u00c4hnlicher Beitrag","link":""},"img":{"alt_text":"","src":"https:\/\/i0.wp.com\/www.titadoregosilva.de\/shop\/wp-content\/uploads\/PortraitTita-300x300.jpg?resize=350%2C200&ssl=1","width":350,"height":200},"classes":[]},{"id":3154,"url":"https:\/\/www.titadoregosilva.de\/shop\/gallery\/werke\/","url_meta":{"origin":3296,"position":2},"title":"WERKE","author":"admin","date":"12. Dezember 2018","format":false,"excerpt":"Hier eine Auswahl aus Einzelwerken von Tita do R\u00eago Silva.","rel":"","context":"\u00c4hnlicher Beitrag","block_context":{"text":"\u00c4hnlicher Beitrag","link":""},"img":{"alt_text":"","src":"https:\/\/i0.wp.com\/www.titadoregosilva.de\/shop\/wp-content\/uploads\/Werke-01.jpg?resize=350%2C200","width":350,"height":200,"srcset":"https:\/\/i0.wp.com\/www.titadoregosilva.de\/shop\/wp-content\/uploads\/Werke-01.jpg?resize=350%2C200 1x, https:\/\/i0.wp.com\/www.titadoregosilva.de\/shop\/wp-content\/uploads\/Werke-01.jpg?resize=525%2C300 1.5x, https:\/\/i0.wp.com\/www.titadoregosilva.de\/shop\/wp-content\/uploads\/Werke-01.jpg?resize=700%2C400 2x, https:\/\/i0.wp.com\/www.titadoregosilva.de\/shop\/wp-content\/uploads\/Werke-01.jpg?resize=1050%2C600 3x"},"classes":[]},{"id":3161,"url":"https:\/\/www.titadoregosilva.de\/shop\/gallery\/serien\/","url_meta":{"origin":3296,"position":3},"title":"SERIEN","author":"admin","date":"12. Dezember 2018","format":false,"excerpt":"Auswahl einiger Holz- \/ Linolschnitt-Serien von Tita do R\u00eago Silva. Serie \"Tr\u00e4ume und Erinnerungen\" Serie \"Empfangskomitee\" 2014, Holzschnitt, 60 x 250 cm","rel":"","context":"\u00c4hnlicher Beitrag","block_context":{"text":"\u00c4hnlicher Beitrag","link":""},"img":{"alt_text":"","src":"https:\/\/i0.wp.com\/www.titadoregosilva.de\/shop\/wp-content\/uploads\/Traeume_Erinnerungen-10.jpg?resize=350%2C200","width":350,"height":200,"srcset":"https:\/\/i0.wp.com\/www.titadoregosilva.de\/shop\/wp-content\/uploads\/Traeume_Erinnerungen-10.jpg?resize=350%2C200 1x, https:\/\/i0.wp.com\/www.titadoregosilva.de\/shop\/wp-content\/uploads\/Traeume_Erinnerungen-10.jpg?resize=525%2C300 1.5x, https:\/\/i0.wp.com\/www.titadoregosilva.de\/shop\/wp-content\/uploads\/Traeume_Erinnerungen-10.jpg?resize=700%2C400 2x"},"classes":[]},{"id":2934,"url":"https:\/\/www.titadoregosilva.de\/shop\/video\/","url_meta":{"origin":3296,"position":4},"title":"VIDEO","author":"admin","date":"21. November 2018","format":false,"excerpt":"Portrait - Xilogravura from Tita do R\u00eago Silva. K\u00fcnstlerportrait \u00fcber die K\u00fcnstlerin Tita do R\u00eago Silva Hamburg\/2013 ARTE Maranh\u00e3o - Tita do R\u00eago Silva from Tita do R\u00eago Silva. Dokumentarfilm\/2016 TITA ist ein Dokumentarfilm \u00fcber die aus dem nord\u00f6stlichen brasilianischen Bundesstaat Maranh\u00e3o stammende\u00a0Holzschnittk\u00fcnstlerin Tita do R\u00eago Silva. Der Film begibt\u2026","rel":"","context":"\u00c4hnlicher Beitrag","block_context":{"text":"\u00c4hnlicher Beitrag","link":""},"img":{"alt_text":"","src":"","width":0,"height":0},"classes":[]},{"id":3303,"url":"https:\/\/www.titadoregosilva.de\/shop\/gallery\/atelier\/","url_meta":{"origin":3296,"position":5},"title":"Atelier","author":"admin","date":"28. Dezember 2018","format":false,"excerpt":"Alltag im Atelier Tita do R\u00eago Silva in der Koppel 66, dem Haus f\u00fcr Kunst und Handwerk","rel":"","context":"\u00c4hnlicher Beitrag","block_context":{"text":"\u00c4hnlicher Beitrag","link":""},"img":{"alt_text":"","src":"https:\/\/i0.wp.com\/www.titadoregosilva.de\/shop\/wp-content\/uploads\/2018\/10\/atelierpano.jpg?resize=350%2C200","width":350,"height":200,"srcset":"https:\/\/i0.wp.com\/www.titadoregosilva.de\/shop\/wp-content\/uploads\/2018\/10\/atelierpano.jpg?resize=350%2C200 1x, https:\/\/i0.wp.com\/www.titadoregosilva.de\/shop\/wp-content\/uploads\/2018\/10\/atelierpano.jpg?resize=525%2C300 1.5x, https:\/\/i0.wp.com\/www.titadoregosilva.de\/shop\/wp-content\/uploads\/2018\/10\/atelierpano.jpg?resize=700%2C400 2x, https:\/\/i0.wp.com\/www.titadoregosilva.de\/shop\/wp-content\/uploads\/2018\/10\/atelierpano.jpg?resize=1050%2C600 3x"},"classes":[]}],"jetpack_likes_enabled":true,"_links":{"self":[{"href":"https:\/\/www.titadoregosilva.de\/shop\/wp-json\/wp\/v2\/pages\/3296","targetHints":{"allow":["GET"]}}],"collection":[{"href":"https:\/\/www.titadoregosilva.de\/shop\/wp-json\/wp\/v2\/pages"}],"about":[{"href":"https:\/\/www.titadoregosilva.de\/shop\/wp-json\/wp\/v2\/types\/page"}],"author":[{"embeddable":true,"href":"https:\/\/www.titadoregosilva.de\/shop\/wp-json\/wp\/v2\/users\/1"}],"replies":[{"embeddable":true,"href":"https:\/\/www.titadoregosilva.de\/shop\/wp-json\/wp\/v2\/comments?post=3296"}],"version-history":[{"count":1,"href":"https:\/\/www.titadoregosilva.de\/shop\/wp-json\/wp\/v2\/pages\/3296\/revisions"}],"predecessor-version":[{"id":3302,"href":"https:\/\/www.titadoregosilva.de\/shop\/wp-json\/wp\/v2\/pages\/3296\/revisions\/3302"}],"up":[{"embeddable":true,"href":"https:\/\/www.titadoregosilva.de\/shop\/wp-json\/wp\/v2\/pages\/215"}],"wp:attachment":[{"href":"https:\/\/www.titadoregosilva.de\/shop\/wp-json\/wp\/v2\/media?parent=3296"}],"curies":[{"name":"wp","href":"https:\/\/api.w.org\/{rel}","templated":true}]}}