{"id":3229,"date":"2018-12-12T17:47:30","date_gmt":"2018-12-12T16:47:30","guid":{"rendered":"https:\/\/www.titadoregosilva.de\/shop\/?page_id=3229"},"modified":"2019-01-12T12:15:27","modified_gmt":"2019-01-12T11:15:27","slug":"installationen","status":"publish","type":"page","link":"https:\/\/www.titadoregosilva.de\/shop\/gallery\/installationen\/","title":{"rendered":"INSTALLATIONEN"},"content":{"rendered":"<p>Bilder von Installationen, wie den Alt\u00e4ren oder auch Scherenschnitt-Installationen.<\/p>\n<div class=\"tiled-gallery type-rectangular tiled-gallery-unresized\" data-original-width=\"980\" data-carousel-extra='{&quot;blog_id&quot;:1,&quot;permalink&quot;:&quot;https:\\\/\\\/www.titadoregosilva.de\\\/shop\\\/gallery\\\/installationen\\\/&quot;,&quot;likes_blog_id&quot;:123795448}' itemscope itemtype=\"http:\/\/schema.org\/ImageGallery\" > <div class=\"gallery-row\" style=\"width: 980px; height: 244px;\" data-original-width=\"980\" data-original-height=\"244\" > <div class=\"gallery-group images-1\" style=\"width: 115px; height: 244px;\" data-original-width=\"115\" data-original-height=\"244\" > <div class=\"tiled-gallery-item tiled-gallery-item-small\" itemprop=\"associatedMedia\" itemscope itemtype=\"http:\/\/schema.org\/ImageObject\"> <a href=\"https:\/\/www.titadoregosilva.de\/shop\/gallery\/installationen\/install-6-a-sala-dos-milagres-westwerk\/\" border=\"0\" itemprop=\"url\"> <meta itemprop=\"width\" content=\"111\"> <meta itemprop=\"height\" content=\"240\"> <img decoding=\"async\" class=\"\" data-attachment-id=\"3230\" data-orig-file=\"https:\/\/www.titadoregosilva.de\/shop\/wp-content\/uploads\/install-6-A-Sala-dos-Milagres-Westwerk.jpg\" data-orig-size=\"474,1024\" data-comments-opened=\"\" data-image-meta=\"{&quot;aperture&quot;:&quot;0&quot;,&quot;credit&quot;:&quot;&quot;,&quot;camera&quot;:&quot;&quot;,&quot;caption&quot;:&quot;&quot;,&quot;created_timestamp&quot;:&quot;0&quot;,&quot;copyright&quot;:&quot;&quot;,&quot;focal_length&quot;:&quot;0&quot;,&quot;iso&quot;:&quot;0&quot;,&quot;shutter_speed&quot;:&quot;0&quot;,&quot;title&quot;:&quot;&quot;,&quot;orientation&quot;:&quot;0&quot;}\" data-image-title=\"A Sala dos Milagres\" data-image-description=\"&lt;p&gt;Westwerk, Hamburg, Installation von Tita Do R\u00eago Silva&lt;\/p&gt; \" data-medium-file=\"https:\/\/i0.wp.com\/www.titadoregosilva.de\/shop\/wp-content\/uploads\/install-6-A-Sala-dos-Milagres-Westwerk.jpg?fit=139%2C300&#038;ssl=1\" data-large-file=\"https:\/\/i0.wp.com\/www.titadoregosilva.de\/shop\/wp-content\/uploads\/install-6-A-Sala-dos-Milagres-Westwerk.jpg?fit=474%2C1024&#038;ssl=1\" src=\"https:\/\/i0.wp.com\/www.titadoregosilva.de\/shop\/wp-content\/uploads\/install-6-A-Sala-dos-Milagres-Westwerk.jpg?w=111&#038;h=240&#038;ssl=1\" srcset=\"https:\/\/i0.wp.com\/www.titadoregosilva.de\/shop\/wp-content\/uploads\/install-6-A-Sala-dos-Milagres-Westwerk.jpg?w=474&amp;ssl=1 474w, https:\/\/i0.wp.com\/www.titadoregosilva.de\/shop\/wp-content\/uploads\/install-6-A-Sala-dos-Milagres-Westwerk.jpg?resize=139%2C300&amp;ssl=1 139w, https:\/\/i0.wp.com\/www.titadoregosilva.de\/shop\/wp-content\/uploads\/install-6-A-Sala-dos-Milagres-Westwerk.jpg?resize=324%2C700&amp;ssl=1 324w, https:\/\/i0.wp.com\/www.titadoregosilva.de\/shop\/wp-content\/uploads\/install-6-A-Sala-dos-Milagres-Westwerk.jpg?resize=416%2C899&amp;ssl=1 416w\" width=\"111\" height=\"240\" loading=\"lazy\" data-original-width=\"111\" data-original-height=\"240\" itemprop=\"http:\/\/schema.org\/image\" title=\"A Sala dos Milagres\" alt=\"A Sala dos Milagres\" style=\"width: 111px; height: 240px;\" \/> <\/a> <\/div> <\/div> <!-- close group --> <div class=\"gallery-group images-1\" style=\"width: 184px; height: 244px;\" data-original-width=\"184\" data-original-height=\"244\" > <div class=\"tiled-gallery-item tiled-gallery-item-small\" itemprop=\"associatedMedia\" itemscope itemtype=\"http:\/\/schema.org\/ImageObject\"> <a href=\"https:\/\/www.titadoregosilva.de\/shop\/gallery\/installationen\/install-galerie-witt-hamburg\/\" border=\"0\" itemprop=\"url\"> <meta itemprop=\"width\" content=\"180\"> <meta itemprop=\"height\" content=\"240\"> <img decoding=\"async\" class=\"\" data-attachment-id=\"3231\" data-orig-file=\"https:\/\/www.titadoregosilva.de\/shop\/wp-content\/uploads\/install-Galerie-Witt-Hamburg.jpg\" data-orig-size=\"768,1024\" data-comments-opened=\"\" data-image-meta=\"{&quot;aperture&quot;:&quot;0&quot;,&quot;credit&quot;:&quot;&quot;,&quot;camera&quot;:&quot;&quot;,&quot;caption&quot;:&quot;&quot;,&quot;created_timestamp&quot;:&quot;0&quot;,&quot;copyright&quot;:&quot;&quot;,&quot;focal_length&quot;:&quot;0&quot;,&quot;iso&quot;:&quot;0&quot;,&quot;shutter_speed&quot;:&quot;0&quot;,&quot;title&quot;:&quot;&quot;,&quot;orientation&quot;:&quot;0&quot;}\" data-image-title=\"Installation\" data-image-description=\"&lt;p&gt;Galerie-Witt, Installation von Tita Do R\u00eago Silva&lt;\/p&gt; \" data-medium-file=\"https:\/\/i0.wp.com\/www.titadoregosilva.de\/shop\/wp-content\/uploads\/install-Galerie-Witt-Hamburg.jpg?fit=225%2C300&#038;ssl=1\" data-large-file=\"https:\/\/i0.wp.com\/www.titadoregosilva.de\/shop\/wp-content\/uploads\/install-Galerie-Witt-Hamburg.jpg?fit=768%2C1024&#038;ssl=1\" src=\"https:\/\/i0.wp.com\/www.titadoregosilva.de\/shop\/wp-content\/uploads\/install-Galerie-Witt-Hamburg.jpg?w=180&#038;h=240&#038;ssl=1\" srcset=\"https:\/\/i0.wp.com\/www.titadoregosilva.de\/shop\/wp-content\/uploads\/install-Galerie-Witt-Hamburg.jpg?w=768&amp;ssl=1 768w, https:\/\/i0.wp.com\/www.titadoregosilva.de\/shop\/wp-content\/uploads\/install-Galerie-Witt-Hamburg.jpg?resize=225%2C300&amp;ssl=1 225w, https:\/\/i0.wp.com\/www.titadoregosilva.de\/shop\/wp-content\/uploads\/install-Galerie-Witt-Hamburg.jpg?resize=324%2C432&amp;ssl=1 324w, https:\/\/i0.wp.com\/www.titadoregosilva.de\/shop\/wp-content\/uploads\/install-Galerie-Witt-Hamburg.jpg?resize=416%2C555&amp;ssl=1 416w\" width=\"180\" height=\"240\" loading=\"lazy\" data-original-width=\"180\" data-original-height=\"240\" itemprop=\"http:\/\/schema.org\/image\" title=\"Installation\" alt=\"Installation\" style=\"width: 180px; height: 240px;\" \/> <\/a> <\/div> <\/div> <!-- close group --> <div class=\"gallery-group images-1\" style=\"width: 315px; height: 244px;\" data-original-width=\"315\" data-original-height=\"244\" > <div class=\"tiled-gallery-item tiled-gallery-item-large\" itemprop=\"associatedMedia\" itemscope itemtype=\"http:\/\/schema.org\/ImageObject\"> <a href=\"https:\/\/www.titadoregosilva.de\/shop\/gallery\/installationen\/install-altar-aarhus\/\" border=\"0\" itemprop=\"url\"> <meta itemprop=\"width\" content=\"311\"> <meta itemprop=\"height\" content=\"240\"> <img decoding=\"async\" class=\"\" data-attachment-id=\"3232\" data-orig-file=\"https:\/\/www.titadoregosilva.de\/shop\/wp-content\/uploads\/install-Altar-Aarhus.jpg\" data-orig-size=\"1326,1024\" data-comments-opened=\"\" data-image-meta=\"{&quot;aperture&quot;:&quot;0&quot;,&quot;credit&quot;:&quot;&quot;,&quot;camera&quot;:&quot;&quot;,&quot;caption&quot;:&quot;&quot;,&quot;created_timestamp&quot;:&quot;0&quot;,&quot;copyright&quot;:&quot;&quot;,&quot;focal_length&quot;:&quot;0&quot;,&quot;iso&quot;:&quot;0&quot;,&quot;shutter_speed&quot;:&quot;0&quot;,&quot;title&quot;:&quot;&quot;,&quot;orientation&quot;:&quot;0&quot;}\" data-image-title=\"Altar\" data-image-description=\"&lt;p&gt;Aarhus, Installation von Tita Do R\u00eago Silva&lt;\/p&gt; \" data-medium-file=\"https:\/\/i0.wp.com\/www.titadoregosilva.de\/shop\/wp-content\/uploads\/install-Altar-Aarhus.jpg?fit=300%2C232&#038;ssl=1\" data-large-file=\"https:\/\/i0.wp.com\/www.titadoregosilva.de\/shop\/wp-content\/uploads\/install-Altar-Aarhus.jpg?fit=980%2C757&#038;ssl=1\" src=\"https:\/\/i0.wp.com\/www.titadoregosilva.de\/shop\/wp-content\/uploads\/install-Altar-Aarhus.jpg?w=311&#038;h=240&#038;ssl=1\" srcset=\"https:\/\/i0.wp.com\/www.titadoregosilva.de\/shop\/wp-content\/uploads\/install-Altar-Aarhus.jpg?w=1326&amp;ssl=1 1326w, https:\/\/i0.wp.com\/www.titadoregosilva.de\/shop\/wp-content\/uploads\/install-Altar-Aarhus.jpg?resize=300%2C232&amp;ssl=1 300w, https:\/\/i0.wp.com\/www.titadoregosilva.de\/shop\/wp-content\/uploads\/install-Altar-Aarhus.jpg?resize=768%2C593&amp;ssl=1 768w, https:\/\/i0.wp.com\/www.titadoregosilva.de\/shop\/wp-content\/uploads\/install-Altar-Aarhus.jpg?resize=1024%2C791&amp;ssl=1 1024w, https:\/\/i0.wp.com\/www.titadoregosilva.de\/shop\/wp-content\/uploads\/install-Altar-Aarhus.jpg?resize=324%2C250&amp;ssl=1 324w, https:\/\/i0.wp.com\/www.titadoregosilva.de\/shop\/wp-content\/uploads\/install-Altar-Aarhus.jpg?resize=416%2C321&amp;ssl=1 416w\" width=\"311\" height=\"240\" loading=\"lazy\" data-original-width=\"311\" data-original-height=\"240\" itemprop=\"http:\/\/schema.org\/image\" title=\"Altar\" alt=\"Altar\" style=\"width: 311px; height: 240px;\" \/> <\/a> <\/div> <\/div> <!-- close group --> <div class=\"gallery-group images-1\" style=\"width: 366px; height: 244px;\" data-original-width=\"366\" data-original-height=\"244\" > <div class=\"tiled-gallery-item tiled-gallery-item-large\" itemprop=\"associatedMedia\" itemscope itemtype=\"http:\/\/schema.org\/ImageObject\"> <a href=\"https:\/\/www.titadoregosilva.de\/shop\/gallery\/installationen\/install-altar-kunsthaus-hamburg\/\" border=\"0\" itemprop=\"url\"> <meta itemprop=\"width\" content=\"362\"> <meta itemprop=\"height\" content=\"240\"> <img decoding=\"async\" class=\"\" data-attachment-id=\"3233\" data-orig-file=\"https:\/\/www.titadoregosilva.de\/shop\/wp-content\/uploads\/install-Altar-Kunsthaus-Hamburg.jpg\" data-orig-size=\"1542,1024\" data-comments-opened=\"\" data-image-meta=\"{&quot;aperture&quot;:&quot;0&quot;,&quot;credit&quot;:&quot;&quot;,&quot;camera&quot;:&quot;&quot;,&quot;caption&quot;:&quot;&quot;,&quot;created_timestamp&quot;:&quot;0&quot;,&quot;copyright&quot;:&quot;&quot;,&quot;focal_length&quot;:&quot;0&quot;,&quot;iso&quot;:&quot;0&quot;,&quot;shutter_speed&quot;:&quot;0&quot;,&quot;title&quot;:&quot;&quot;,&quot;orientation&quot;:&quot;0&quot;}\" data-image-title=\"Altar\" data-image-description=\"&lt;p&gt;Kunsthaus Hamburg, Installation von Tita Do R\u00eago Silva&lt;\/p&gt; \" data-medium-file=\"https:\/\/i0.wp.com\/www.titadoregosilva.de\/shop\/wp-content\/uploads\/install-Altar-Kunsthaus-Hamburg.jpg?fit=300%2C199&#038;ssl=1\" data-large-file=\"https:\/\/i0.wp.com\/www.titadoregosilva.de\/shop\/wp-content\/uploads\/install-Altar-Kunsthaus-Hamburg.jpg?fit=980%2C651&#038;ssl=1\" src=\"https:\/\/i0.wp.com\/www.titadoregosilva.de\/shop\/wp-content\/uploads\/install-Altar-Kunsthaus-Hamburg.jpg?w=362&#038;h=240&#038;ssl=1\" srcset=\"https:\/\/i0.wp.com\/www.titadoregosilva.de\/shop\/wp-content\/uploads\/install-Altar-Kunsthaus-Hamburg.jpg?w=1542&amp;ssl=1 1542w, https:\/\/i0.wp.com\/www.titadoregosilva.de\/shop\/wp-content\/uploads\/install-Altar-Kunsthaus-Hamburg.jpg?resize=300%2C199&amp;ssl=1 300w, https:\/\/i0.wp.com\/www.titadoregosilva.de\/shop\/wp-content\/uploads\/install-Altar-Kunsthaus-Hamburg.jpg?resize=768%2C510&amp;ssl=1 768w, https:\/\/i0.wp.com\/www.titadoregosilva.de\/shop\/wp-content\/uploads\/install-Altar-Kunsthaus-Hamburg.jpg?resize=1024%2C680&amp;ssl=1 1024w, https:\/\/i0.wp.com\/www.titadoregosilva.de\/shop\/wp-content\/uploads\/install-Altar-Kunsthaus-Hamburg.jpg?resize=324%2C215&amp;ssl=1 324w, https:\/\/i0.wp.com\/www.titadoregosilva.de\/shop\/wp-content\/uploads\/install-Altar-Kunsthaus-Hamburg.jpg?resize=416%2C276&amp;ssl=1 416w\" width=\"362\" height=\"240\" loading=\"lazy\" data-original-width=\"362\" data-original-height=\"240\" itemprop=\"http:\/\/schema.org\/image\" title=\"Altar\" alt=\"Altar\" style=\"width: 362px; height: 240px;\" \/> <\/a> <\/div> <\/div> <!-- close group --> <\/div> <!-- close row --> <\/div>\n","protected":false},"excerpt":{"rendered":"<p>Bilder von Installationen, wie den Alt\u00e4ren oder auch Scherenschnitt-Installationen.<\/p>\n","protected":false},"author":1,"featured_media":0,"parent":215,"menu_order":0,"comment_status":"closed","ping_status":"closed","template":"template-fullwidth.php","meta":{"jetpack_post_was_ever_published":false,"footnotes":""},"class_list":["post-3229","page","type-page","status-publish","hentry"],"jetpack_sharing_enabled":true,"jetpack_shortlink":"https:\/\/wp.me\/P8nqQM-Q5","jetpack-related-posts":[{"id":3306,"url":"https:\/\/www.titadoregosilva.de\/shop\/gallery\/projects\/","url_meta":{"origin":3229,"position":0},"title":"Projekte","author":"admin","date":"28. Dezember 2018","format":false,"excerpt":"Neben Holz- u. Linolschnitten; Buchkunst und Installationen realisiert Tita verschiedene Projekte. Beispielsweise mit Sch\u00fclern der Domschule St. Georg oder mit Gefl\u00fcchteten aus Afghanistan. Buchprojekt: SCH\u00dcLER mit Sch\u00fclern der Domschule St. Georg Buchprojekt: FLUCHT Die Geschichte einer Flucht erz\u00e4hlt die St. Georger K\u00fcnstlerin Tita do R\u00eago\u00a0Silva\u00a0in ihrem j\u00fcngsten Buchprojekt.\u00a0 Es ist\u2026","rel":"","context":"\u00c4hnlicher Beitrag","block_context":{"text":"\u00c4hnlicher Beitrag","link":""},"img":{"alt_text":"","src":"https:\/\/i0.wp.com\/www.titadoregosilva.de\/shop\/wp-content\/uploads\/StGeorgBuchprojekt-03.jpg?resize=350%2C200","width":350,"height":200,"srcset":"https:\/\/i0.wp.com\/www.titadoregosilva.de\/shop\/wp-content\/uploads\/StGeorgBuchprojekt-03.jpg?resize=350%2C200 1x, https:\/\/i0.wp.com\/www.titadoregosilva.de\/shop\/wp-content\/uploads\/StGeorgBuchprojekt-03.jpg?resize=525%2C300 1.5x, https:\/\/i0.wp.com\/www.titadoregosilva.de\/shop\/wp-content\/uploads\/StGeorgBuchprojekt-03.jpg?resize=700%2C400 2x, https:\/\/i0.wp.com\/www.titadoregosilva.de\/shop\/wp-content\/uploads\/StGeorgBuchprojekt-03.jpg?resize=1050%2C600 3x, https:\/\/i0.wp.com\/www.titadoregosilva.de\/shop\/wp-content\/uploads\/StGeorgBuchprojekt-03.jpg?resize=1400%2C800 4x"},"classes":[]},{"id":432,"url":"https:\/\/www.titadoregosilva.de\/shop\/info\/","url_meta":{"origin":3229,"position":1},"title":"INFO","author":"admin","date":"22. Oktober 2018","format":false,"excerpt":"Tita do R\u00eago Silva ist Brasilianerin. Schon mit ihrer Geburt im Jahre 1959 in Caxias - MA, begann eine Odysse, die sie \u00fcber ein Kunststudium an der Universit\u00e4t von Bras\u00edlia 1989 nach Hamburg f\u00fchrte. Die Arbeit als freie K\u00fcnstlerin im k\u00fchlen Norden weckte in ihr die warme Farbpalette Brasiliens: Kindheitserinnerungen\u2026","rel":"","context":"\u00c4hnlicher Beitrag","block_context":{"text":"\u00c4hnlicher Beitrag","link":""},"img":{"alt_text":"","src":"https:\/\/i0.wp.com\/www.titadoregosilva.de\/shop\/wp-content\/uploads\/PortraitTita-300x300.jpg?resize=350%2C200&ssl=1","width":350,"height":200},"classes":[]}],"jetpack_likes_enabled":true,"_links":{"self":[{"href":"https:\/\/www.titadoregosilva.de\/shop\/wp-json\/wp\/v2\/pages\/3229","targetHints":{"allow":["GET"]}}],"collection":[{"href":"https:\/\/www.titadoregosilva.de\/shop\/wp-json\/wp\/v2\/pages"}],"about":[{"href":"https:\/\/www.titadoregosilva.de\/shop\/wp-json\/wp\/v2\/types\/page"}],"author":[{"embeddable":true,"href":"https:\/\/www.titadoregosilva.de\/shop\/wp-json\/wp\/v2\/users\/1"}],"replies":[{"embeddable":true,"href":"https:\/\/www.titadoregosilva.de\/shop\/wp-json\/wp\/v2\/comments?post=3229"}],"version-history":[{"count":2,"href":"https:\/\/www.titadoregosilva.de\/shop\/wp-json\/wp\/v2\/pages\/3229\/revisions"}],"predecessor-version":[{"id":3435,"href":"https:\/\/www.titadoregosilva.de\/shop\/wp-json\/wp\/v2\/pages\/3229\/revisions\/3435"}],"up":[{"embeddable":true,"href":"https:\/\/www.titadoregosilva.de\/shop\/wp-json\/wp\/v2\/pages\/215"}],"wp:attachment":[{"href":"https:\/\/www.titadoregosilva.de\/shop\/wp-json\/wp\/v2\/media?parent=3229"}],"curies":[{"name":"wp","href":"https:\/\/api.w.org\/{rel}","templated":true}]}}