{"id":215,"date":"2017-02-09T11:06:32","date_gmt":"2017-02-09T10:06:32","guid":{"rendered":"http:\/\/www.titadoregosilva.de\/wordpress\/?page_id=215"},"modified":"2019-01-03T13:39:51","modified_gmt":"2019-01-03T12:39:51","slug":"gallery","status":"publish","type":"page","link":"https:\/\/www.titadoregosilva.de\/shop\/gallery\/","title":{"rendered":"GALERIEN"},"content":{"rendered":"<p><a href=\"https:\/\/www.titadoregosilva.de\/shop\/gallery\/werke\/\"><img data-recalc-dims=\"1\" loading=\"lazy\" decoding=\"async\" data-attachment-id=\"3287\" data-permalink=\"https:\/\/www.titadoregosilva.de\/shop\/gallery\/werke-icon-2\/\" data-orig-file=\"https:\/\/i0.wp.com\/www.titadoregosilva.de\/shop\/wp-content\/uploads\/werke-icon-1.jpg?fit=1024%2C1024&amp;ssl=1\" data-orig-size=\"1024,1024\" data-comments-opened=\"0\" data-image-meta=\"{&quot;aperture&quot;:&quot;0&quot;,&quot;credit&quot;:&quot;&quot;,&quot;camera&quot;:&quot;&quot;,&quot;caption&quot;:&quot;&quot;,&quot;created_timestamp&quot;:&quot;0&quot;,&quot;copyright&quot;:&quot;&quot;,&quot;focal_length&quot;:&quot;0&quot;,&quot;iso&quot;:&quot;0&quot;,&quot;shutter_speed&quot;:&quot;0&quot;,&quot;title&quot;:&quot;&quot;,&quot;orientation&quot;:&quot;0&quot;}\" data-image-title=\"werke-icon\" data-image-description=\"\" data-image-caption=\"\" data-large-file=\"https:\/\/i0.wp.com\/www.titadoregosilva.de\/shop\/wp-content\/uploads\/werke-icon-1.jpg?fit=980%2C980&amp;ssl=1\" class=\"wp-image-3287 size-medium alignleft\" src=\"https:\/\/i0.wp.com\/www.titadoregosilva.de\/shop\/wp-content\/uploads\/werke-icon-1.jpg?resize=300%2C300&#038;ssl=1\" alt=\"\" width=\"300\" height=\"300\" srcset=\"https:\/\/i0.wp.com\/www.titadoregosilva.de\/shop\/wp-content\/uploads\/werke-icon-1.jpg?resize=320%2C320&amp;ssl=1 320w, https:\/\/i0.wp.com\/www.titadoregosilva.de\/shop\/wp-content\/uploads\/werke-icon-1.jpg?resize=160%2C160&amp;ssl=1 160w, https:\/\/i0.wp.com\/www.titadoregosilva.de\/shop\/wp-content\/uploads\/werke-icon-1.jpg?resize=768%2C768&amp;ssl=1 768w, https:\/\/i0.wp.com\/www.titadoregosilva.de\/shop\/wp-content\/uploads\/werke-icon-1.jpg?resize=324%2C324&amp;ssl=1 324w, https:\/\/i0.wp.com\/www.titadoregosilva.de\/shop\/wp-content\/uploads\/werke-icon-1.jpg?resize=416%2C416&amp;ssl=1 416w, https:\/\/i0.wp.com\/www.titadoregosilva.de\/shop\/wp-content\/uploads\/werke-icon-1.jpg?resize=100%2C100&amp;ssl=1 100w, https:\/\/i0.wp.com\/www.titadoregosilva.de\/shop\/wp-content\/uploads\/werke-icon-1.jpg?w=1024&amp;ssl=1 1024w\" sizes=\"auto, (max-width: 300px) 100vw, 300px\" \/><\/a> <a href=\"https:\/\/www.titadoregosilva.de\/shop\/gallery\/serien\/\"><img data-recalc-dims=\"1\" loading=\"lazy\" decoding=\"async\" data-attachment-id=\"3289\" data-permalink=\"https:\/\/www.titadoregosilva.de\/shop\/gallery\/serien-icon-2\/\" data-orig-file=\"https:\/\/i0.wp.com\/www.titadoregosilva.de\/shop\/wp-content\/uploads\/serien-icon-1.jpg?fit=1024%2C1024&amp;ssl=1\" data-orig-size=\"1024,1024\" data-comments-opened=\"0\" data-image-meta=\"{&quot;aperture&quot;:&quot;0&quot;,&quot;credit&quot;:&quot;&quot;,&quot;camera&quot;:&quot;&quot;,&quot;caption&quot;:&quot;&quot;,&quot;created_timestamp&quot;:&quot;0&quot;,&quot;copyright&quot;:&quot;&quot;,&quot;focal_length&quot;:&quot;0&quot;,&quot;iso&quot;:&quot;0&quot;,&quot;shutter_speed&quot;:&quot;0&quot;,&quot;title&quot;:&quot;&quot;,&quot;orientation&quot;:&quot;0&quot;}\" data-image-title=\"serien-icon\" data-image-description=\"\" data-image-caption=\"\" data-large-file=\"https:\/\/i0.wp.com\/www.titadoregosilva.de\/shop\/wp-content\/uploads\/serien-icon-1.jpg?fit=980%2C980&amp;ssl=1\" class=\"alignnone wp-image-3289 size-medium\" src=\"https:\/\/i0.wp.com\/www.titadoregosilva.de\/shop\/wp-content\/uploads\/serien-icon-1.jpg?resize=300%2C300&#038;ssl=1\" alt=\"\" width=\"300\" height=\"300\" srcset=\"https:\/\/i0.wp.com\/www.titadoregosilva.de\/shop\/wp-content\/uploads\/serien-icon-1.jpg?resize=300%2C300&amp;ssl=1 300w, https:\/\/i0.wp.com\/www.titadoregosilva.de\/shop\/wp-content\/uploads\/serien-icon-1.jpg?resize=160%2C160&amp;ssl=1 160w, https:\/\/i0.wp.com\/www.titadoregosilva.de\/shop\/wp-content\/uploads\/serien-icon-1.jpg?resize=768%2C768&amp;ssl=1 768w, https:\/\/i0.wp.com\/www.titadoregosilva.de\/shop\/wp-content\/uploads\/serien-icon-1.jpg?resize=324%2C324&amp;ssl=1 324w, https:\/\/i0.wp.com\/www.titadoregosilva.de\/shop\/wp-content\/uploads\/serien-icon-1.jpg?resize=416%2C416&amp;ssl=1 416w, https:\/\/i0.wp.com\/www.titadoregosilva.de\/shop\/wp-content\/uploads\/serien-icon-1.jpg?resize=100%2C100&amp;ssl=1 100w, https:\/\/i0.wp.com\/www.titadoregosilva.de\/shop\/wp-content\/uploads\/serien-icon-1.jpg?w=1024&amp;ssl=1 1024w\" sizes=\"auto, (max-width: 300px) 100vw, 300px\" \/><\/a><\/p>\n<p><a href=\"https:\/\/www.titadoregosilva.de\/shop\/gallery\/installationen\/\"><img data-recalc-dims=\"1\" loading=\"lazy\" decoding=\"async\" data-attachment-id=\"3276\" data-permalink=\"https:\/\/www.titadoregosilva.de\/shop\/gallery\/installationen-icon\/\" data-orig-file=\"https:\/\/i0.wp.com\/www.titadoregosilva.de\/shop\/wp-content\/uploads\/installationen-icon.jpg?fit=1024%2C1024&amp;ssl=1\" data-orig-size=\"1024,1024\" data-comments-opened=\"0\" data-image-meta=\"{&quot;aperture&quot;:&quot;0&quot;,&quot;credit&quot;:&quot;&quot;,&quot;camera&quot;:&quot;&quot;,&quot;caption&quot;:&quot;&quot;,&quot;created_timestamp&quot;:&quot;0&quot;,&quot;copyright&quot;:&quot;&quot;,&quot;focal_length&quot;:&quot;0&quot;,&quot;iso&quot;:&quot;0&quot;,&quot;shutter_speed&quot;:&quot;0&quot;,&quot;title&quot;:&quot;&quot;,&quot;orientation&quot;:&quot;0&quot;}\" data-image-title=\"installationen-icon\" data-image-description=\"\" data-image-caption=\"\" data-large-file=\"https:\/\/i0.wp.com\/www.titadoregosilva.de\/shop\/wp-content\/uploads\/installationen-icon.jpg?fit=980%2C980&amp;ssl=1\" class=\"alignleft size-medium wp-image-3276\" src=\"https:\/\/i0.wp.com\/www.titadoregosilva.de\/shop\/wp-content\/uploads\/installationen-icon.jpg?resize=300%2C300&#038;ssl=1\" alt=\"\" width=\"300\" height=\"300\" srcset=\"https:\/\/i0.wp.com\/www.titadoregosilva.de\/shop\/wp-content\/uploads\/installationen-icon.jpg?resize=300%2C300&amp;ssl=1 300w, https:\/\/i0.wp.com\/www.titadoregosilva.de\/shop\/wp-content\/uploads\/installationen-icon.jpg?resize=150%2C150&amp;ssl=1 150w, https:\/\/i0.wp.com\/www.titadoregosilva.de\/shop\/wp-content\/uploads\/installationen-icon.jpg?resize=768%2C768&amp;ssl=1 768w, https:\/\/i0.wp.com\/www.titadoregosilva.de\/shop\/wp-content\/uploads\/installationen-icon.jpg?resize=324%2C324&amp;ssl=1 324w, https:\/\/i0.wp.com\/www.titadoregosilva.de\/shop\/wp-content\/uploads\/installationen-icon.jpg?resize=416%2C416&amp;ssl=1 416w, https:\/\/i0.wp.com\/www.titadoregosilva.de\/shop\/wp-content\/uploads\/installationen-icon.jpg?resize=100%2C100&amp;ssl=1 100w, https:\/\/i0.wp.com\/www.titadoregosilva.de\/shop\/wp-content\/uploads\/installationen-icon.jpg?w=1024&amp;ssl=1 1024w\" sizes=\"auto, (max-width: 300px) 100vw, 300px\" \/><\/a><\/p>\n<p><a href=\"https:\/\/www.titadoregosilva.de\/shop\/video\/\"><img data-recalc-dims=\"1\" loading=\"lazy\" decoding=\"async\" data-attachment-id=\"3290\" data-permalink=\"https:\/\/www.titadoregosilva.de\/shop\/gallery\/videos-icon-2\/\" data-orig-file=\"https:\/\/i0.wp.com\/www.titadoregosilva.de\/shop\/wp-content\/uploads\/videos-icon-1.jpg?fit=1024%2C1024&amp;ssl=1\" data-orig-size=\"1024,1024\" data-comments-opened=\"0\" data-image-meta=\"{&quot;aperture&quot;:&quot;0&quot;,&quot;credit&quot;:&quot;&quot;,&quot;camera&quot;:&quot;&quot;,&quot;caption&quot;:&quot;&quot;,&quot;created_timestamp&quot;:&quot;0&quot;,&quot;copyright&quot;:&quot;&quot;,&quot;focal_length&quot;:&quot;0&quot;,&quot;iso&quot;:&quot;0&quot;,&quot;shutter_speed&quot;:&quot;0&quot;,&quot;title&quot;:&quot;&quot;,&quot;orientation&quot;:&quot;0&quot;}\" data-image-title=\"videos-icon\" data-image-description=\"\" data-image-caption=\"\" data-large-file=\"https:\/\/i0.wp.com\/www.titadoregosilva.de\/shop\/wp-content\/uploads\/videos-icon-1.jpg?fit=980%2C980&amp;ssl=1\" class=\"alignnone wp-image-3290 size-medium\" src=\"https:\/\/i0.wp.com\/www.titadoregosilva.de\/shop\/wp-content\/uploads\/videos-icon-1.jpg?resize=300%2C300&#038;ssl=1\" alt=\"\" width=\"300\" height=\"300\" srcset=\"https:\/\/i0.wp.com\/www.titadoregosilva.de\/shop\/wp-content\/uploads\/videos-icon-1.jpg?resize=300%2C300&amp;ssl=1 300w, https:\/\/i0.wp.com\/www.titadoregosilva.de\/shop\/wp-content\/uploads\/videos-icon-1.jpg?resize=160%2C160&amp;ssl=1 160w, https:\/\/i0.wp.com\/www.titadoregosilva.de\/shop\/wp-content\/uploads\/videos-icon-1.jpg?resize=768%2C768&amp;ssl=1 768w, https:\/\/i0.wp.com\/www.titadoregosilva.de\/shop\/wp-content\/uploads\/videos-icon-1.jpg?resize=324%2C324&amp;ssl=1 324w, https:\/\/i0.wp.com\/www.titadoregosilva.de\/shop\/wp-content\/uploads\/videos-icon-1.jpg?resize=416%2C416&amp;ssl=1 416w, https:\/\/i0.wp.com\/www.titadoregosilva.de\/shop\/wp-content\/uploads\/videos-icon-1.jpg?resize=100%2C100&amp;ssl=1 100w, https:\/\/i0.wp.com\/www.titadoregosilva.de\/shop\/wp-content\/uploads\/videos-icon-1.jpg?w=1024&amp;ssl=1 1024w\" sizes=\"auto, (max-width: 300px) 100vw, 300px\" \/><\/a><\/p>\n<p><a href=\"https:\/\/www.titadoregosilva.de\/shop\/expositions\/\"><img data-recalc-dims=\"1\" loading=\"lazy\" decoding=\"async\" data-attachment-id=\"3277\" data-permalink=\"https:\/\/www.titadoregosilva.de\/shop\/gallery\/ausstellungen-icon\/\" data-orig-file=\"https:\/\/i0.wp.com\/www.titadoregosilva.de\/shop\/wp-content\/uploads\/ausstellungen-icon.jpg?fit=1024%2C1024&amp;ssl=1\" data-orig-size=\"1024,1024\" data-comments-opened=\"0\" data-image-meta=\"{&quot;aperture&quot;:&quot;0&quot;,&quot;credit&quot;:&quot;&quot;,&quot;camera&quot;:&quot;&quot;,&quot;caption&quot;:&quot;&quot;,&quot;created_timestamp&quot;:&quot;0&quot;,&quot;copyright&quot;:&quot;&quot;,&quot;focal_length&quot;:&quot;0&quot;,&quot;iso&quot;:&quot;0&quot;,&quot;shutter_speed&quot;:&quot;0&quot;,&quot;title&quot;:&quot;&quot;,&quot;orientation&quot;:&quot;0&quot;}\" data-image-title=\"ausstellungen-icon\" data-image-description=\"\" data-image-caption=\"\" data-large-file=\"https:\/\/i0.wp.com\/www.titadoregosilva.de\/shop\/wp-content\/uploads\/ausstellungen-icon.jpg?fit=980%2C980&amp;ssl=1\" class=\"alignleft size-medium wp-image-3277\" src=\"https:\/\/i0.wp.com\/www.titadoregosilva.de\/shop\/wp-content\/uploads\/ausstellungen-icon.jpg?resize=300%2C300&#038;ssl=1\" alt=\"\" width=\"300\" height=\"300\" srcset=\"https:\/\/i0.wp.com\/www.titadoregosilva.de\/shop\/wp-content\/uploads\/ausstellungen-icon.jpg?resize=300%2C300&amp;ssl=1 300w, https:\/\/i0.wp.com\/www.titadoregosilva.de\/shop\/wp-content\/uploads\/ausstellungen-icon.jpg?resize=150%2C150&amp;ssl=1 150w, https:\/\/i0.wp.com\/www.titadoregosilva.de\/shop\/wp-content\/uploads\/ausstellungen-icon.jpg?resize=768%2C768&amp;ssl=1 768w, https:\/\/i0.wp.com\/www.titadoregosilva.de\/shop\/wp-content\/uploads\/ausstellungen-icon.jpg?resize=324%2C324&amp;ssl=1 324w, https:\/\/i0.wp.com\/www.titadoregosilva.de\/shop\/wp-content\/uploads\/ausstellungen-icon.jpg?resize=416%2C416&amp;ssl=1 416w, https:\/\/i0.wp.com\/www.titadoregosilva.de\/shop\/wp-content\/uploads\/ausstellungen-icon.jpg?resize=100%2C100&amp;ssl=1 100w, https:\/\/i0.wp.com\/www.titadoregosilva.de\/shop\/wp-content\/uploads\/ausstellungen-icon.jpg?w=1024&amp;ssl=1 1024w\" sizes=\"auto, (max-width: 300px) 100vw, 300px\" \/><\/a><\/p>\n<p><a href=\"https:\/\/www.titadoregosilva.de\/shop\/projects\/\"><img data-recalc-dims=\"1\" loading=\"lazy\" decoding=\"async\" data-attachment-id=\"3275\" data-permalink=\"https:\/\/www.titadoregosilva.de\/shop\/gallery\/prokekte-icon\/\" data-orig-file=\"https:\/\/i0.wp.com\/www.titadoregosilva.de\/shop\/wp-content\/uploads\/prokekte-icon.jpg?fit=1024%2C1024&amp;ssl=1\" data-orig-size=\"1024,1024\" data-comments-opened=\"0\" data-image-meta=\"{&quot;aperture&quot;:&quot;0&quot;,&quot;credit&quot;:&quot;&quot;,&quot;camera&quot;:&quot;&quot;,&quot;caption&quot;:&quot;&quot;,&quot;created_timestamp&quot;:&quot;0&quot;,&quot;copyright&quot;:&quot;&quot;,&quot;focal_length&quot;:&quot;0&quot;,&quot;iso&quot;:&quot;0&quot;,&quot;shutter_speed&quot;:&quot;0&quot;,&quot;title&quot;:&quot;&quot;,&quot;orientation&quot;:&quot;0&quot;}\" data-image-title=\"prokekte-icon\" data-image-description=\"\" data-image-caption=\"\" data-large-file=\"https:\/\/i0.wp.com\/www.titadoregosilva.de\/shop\/wp-content\/uploads\/prokekte-icon.jpg?fit=980%2C980&amp;ssl=1\" class=\"size-medium wp-image-3275 alignnone\" src=\"https:\/\/i0.wp.com\/www.titadoregosilva.de\/shop\/wp-content\/uploads\/prokekte-icon.jpg?resize=300%2C300&#038;ssl=1\" alt=\"\" width=\"300\" height=\"300\" srcset=\"https:\/\/i0.wp.com\/www.titadoregosilva.de\/shop\/wp-content\/uploads\/prokekte-icon.jpg?resize=300%2C300&amp;ssl=1 300w, https:\/\/i0.wp.com\/www.titadoregosilva.de\/shop\/wp-content\/uploads\/prokekte-icon.jpg?resize=150%2C150&amp;ssl=1 150w, https:\/\/i0.wp.com\/www.titadoregosilva.de\/shop\/wp-content\/uploads\/prokekte-icon.jpg?resize=768%2C768&amp;ssl=1 768w, https:\/\/i0.wp.com\/www.titadoregosilva.de\/shop\/wp-content\/uploads\/prokekte-icon.jpg?resize=324%2C324&amp;ssl=1 324w, https:\/\/i0.wp.com\/www.titadoregosilva.de\/shop\/wp-content\/uploads\/prokekte-icon.jpg?resize=416%2C416&amp;ssl=1 416w, https:\/\/i0.wp.com\/www.titadoregosilva.de\/shop\/wp-content\/uploads\/prokekte-icon.jpg?resize=100%2C100&amp;ssl=1 100w, https:\/\/i0.wp.com\/www.titadoregosilva.de\/shop\/wp-content\/uploads\/prokekte-icon.jpg?w=1024&amp;ssl=1 1024w\" sizes=\"auto, (max-width: 300px) 100vw, 300px\" \/><\/a><\/p>\n<p><a href=\"https:\/\/www.titadoregosilva.de\/shop\/process\/\"><img data-recalc-dims=\"1\" loading=\"lazy\" decoding=\"async\" data-attachment-id=\"3283\" data-permalink=\"https:\/\/www.titadoregosilva.de\/shop\/gallery\/entstehungsprozess-icon\/\" data-orig-file=\"https:\/\/i0.wp.com\/www.titadoregosilva.de\/shop\/wp-content\/uploads\/entstehungsprozess-icon.jpg?fit=1024%2C1024&amp;ssl=1\" data-orig-size=\"1024,1024\" data-comments-opened=\"0\" data-image-meta=\"{&quot;aperture&quot;:&quot;0&quot;,&quot;credit&quot;:&quot;&quot;,&quot;camera&quot;:&quot;&quot;,&quot;caption&quot;:&quot;&quot;,&quot;created_timestamp&quot;:&quot;0&quot;,&quot;copyright&quot;:&quot;&quot;,&quot;focal_length&quot;:&quot;0&quot;,&quot;iso&quot;:&quot;0&quot;,&quot;shutter_speed&quot;:&quot;0&quot;,&quot;title&quot;:&quot;&quot;,&quot;orientation&quot;:&quot;0&quot;}\" data-image-title=\"entstehungsprozess-icon\" data-image-description=\"\" data-image-caption=\"\" data-large-file=\"https:\/\/i0.wp.com\/www.titadoregosilva.de\/shop\/wp-content\/uploads\/entstehungsprozess-icon.jpg?fit=980%2C980&amp;ssl=1\" class=\"alignleft wp-image-3283 size-medium\" src=\"https:\/\/i0.wp.com\/www.titadoregosilva.de\/shop\/wp-content\/uploads\/entstehungsprozess-icon.jpg?resize=300%2C300&#038;ssl=1\" alt=\"\" width=\"300\" height=\"300\" srcset=\"https:\/\/i0.wp.com\/www.titadoregosilva.de\/shop\/wp-content\/uploads\/entstehungsprozess-icon.jpg?resize=300%2C300&amp;ssl=1 300w, https:\/\/i0.wp.com\/www.titadoregosilva.de\/shop\/wp-content\/uploads\/entstehungsprozess-icon.jpg?resize=150%2C150&amp;ssl=1 150w, https:\/\/i0.wp.com\/www.titadoregosilva.de\/shop\/wp-content\/uploads\/entstehungsprozess-icon.jpg?resize=768%2C768&amp;ssl=1 768w, https:\/\/i0.wp.com\/www.titadoregosilva.de\/shop\/wp-content\/uploads\/entstehungsprozess-icon.jpg?resize=324%2C324&amp;ssl=1 324w, https:\/\/i0.wp.com\/www.titadoregosilva.de\/shop\/wp-content\/uploads\/entstehungsprozess-icon.jpg?resize=416%2C416&amp;ssl=1 416w, https:\/\/i0.wp.com\/www.titadoregosilva.de\/shop\/wp-content\/uploads\/entstehungsprozess-icon.jpg?resize=100%2C100&amp;ssl=1 100w, https:\/\/i0.wp.com\/www.titadoregosilva.de\/shop\/wp-content\/uploads\/entstehungsprozess-icon.jpg?w=1024&amp;ssl=1 1024w\" sizes=\"auto, (max-width: 300px) 100vw, 300px\" \/><\/a><\/p>\n<p><a href=\"https:\/\/www.titadoregosilva.de\/shop\/atelier\/\"><img data-recalc-dims=\"1\" loading=\"lazy\" decoding=\"async\" data-attachment-id=\"3273\" data-permalink=\"https:\/\/www.titadoregosilva.de\/shop\/gallery\/atelier-icon\/\" data-orig-file=\"https:\/\/i0.wp.com\/www.titadoregosilva.de\/shop\/wp-content\/uploads\/atelier-icon.jpg?fit=1024%2C1024&amp;ssl=1\" data-orig-size=\"1024,1024\" data-comments-opened=\"0\" data-image-meta=\"{&quot;aperture&quot;:&quot;0&quot;,&quot;credit&quot;:&quot;&quot;,&quot;camera&quot;:&quot;&quot;,&quot;caption&quot;:&quot;&quot;,&quot;created_timestamp&quot;:&quot;0&quot;,&quot;copyright&quot;:&quot;&quot;,&quot;focal_length&quot;:&quot;0&quot;,&quot;iso&quot;:&quot;0&quot;,&quot;shutter_speed&quot;:&quot;0&quot;,&quot;title&quot;:&quot;&quot;,&quot;orientation&quot;:&quot;0&quot;}\" data-image-title=\"atelier-icon\" data-image-description=\"\" data-image-caption=\"\" data-large-file=\"https:\/\/i0.wp.com\/www.titadoregosilva.de\/shop\/wp-content\/uploads\/atelier-icon.jpg?fit=980%2C980&amp;ssl=1\" class=\"alignnone size-medium wp-image-3273\" src=\"https:\/\/i0.wp.com\/www.titadoregosilva.de\/shop\/wp-content\/uploads\/atelier-icon.jpg?resize=300%2C300&#038;ssl=1\" alt=\"\" width=\"300\" height=\"300\" srcset=\"https:\/\/i0.wp.com\/www.titadoregosilva.de\/shop\/wp-content\/uploads\/atelier-icon.jpg?resize=300%2C300&amp;ssl=1 300w, https:\/\/i0.wp.com\/www.titadoregosilva.de\/shop\/wp-content\/uploads\/atelier-icon.jpg?resize=150%2C150&amp;ssl=1 150w, https:\/\/i0.wp.com\/www.titadoregosilva.de\/shop\/wp-content\/uploads\/atelier-icon.jpg?resize=768%2C768&amp;ssl=1 768w, https:\/\/i0.wp.com\/www.titadoregosilva.de\/shop\/wp-content\/uploads\/atelier-icon.jpg?resize=324%2C324&amp;ssl=1 324w, https:\/\/i0.wp.com\/www.titadoregosilva.de\/shop\/wp-content\/uploads\/atelier-icon.jpg?resize=416%2C416&amp;ssl=1 416w, https:\/\/i0.wp.com\/www.titadoregosilva.de\/shop\/wp-content\/uploads\/atelier-icon.jpg?resize=100%2C100&amp;ssl=1 100w, https:\/\/i0.wp.com\/www.titadoregosilva.de\/shop\/wp-content\/uploads\/atelier-icon.jpg?w=1024&amp;ssl=1 1024w\" sizes=\"auto, (max-width: 300px) 100vw, 300px\" \/><\/a><\/p>\n<p><a href=\"https:\/\/www.titadoregosilva.de\/shop\/gallery\/buchkunst\/\"><img data-recalc-dims=\"1\" loading=\"lazy\" decoding=\"async\" data-attachment-id=\"3388\" data-permalink=\"https:\/\/www.titadoregosilva.de\/shop\/buchkunst-icon\/\" data-orig-file=\"https:\/\/i0.wp.com\/www.titadoregosilva.de\/shop\/wp-content\/uploads\/buchkunst-icon-e1546519170451.jpg?fit=1024%2C1024&amp;ssl=1\" data-orig-size=\"1024,1024\" data-comments-opened=\"0\" data-image-meta=\"{&quot;aperture&quot;:&quot;0&quot;,&quot;credit&quot;:&quot;&quot;,&quot;camera&quot;:&quot;&quot;,&quot;caption&quot;:&quot;&quot;,&quot;created_timestamp&quot;:&quot;0&quot;,&quot;copyright&quot;:&quot;&quot;,&quot;focal_length&quot;:&quot;0&quot;,&quot;iso&quot;:&quot;0&quot;,&quot;shutter_speed&quot;:&quot;0&quot;,&quot;title&quot;:&quot;&quot;,&quot;orientation&quot;:&quot;0&quot;}\" data-image-title=\"Buchkunst\" data-image-description=\"\" data-image-caption=\"\" data-large-file=\"https:\/\/i0.wp.com\/www.titadoregosilva.de\/shop\/wp-content\/uploads\/buchkunst-icon-e1546519170451.jpg?fit=980%2C980&amp;ssl=1\" class=\"alignleft wp-image-3388 size-medium\" src=\"https:\/\/i0.wp.com\/www.titadoregosilva.de\/shop\/wp-content\/uploads\/buchkunst-icon-e1546519170451-300x300.jpg?resize=300%2C300&#038;ssl=1\" alt=\"\" width=\"300\" height=\"300\" srcset=\"https:\/\/i0.wp.com\/www.titadoregosilva.de\/shop\/wp-content\/uploads\/buchkunst-icon-e1546519170451.jpg?resize=300%2C300&amp;ssl=1 300w, https:\/\/i0.wp.com\/www.titadoregosilva.de\/shop\/wp-content\/uploads\/buchkunst-icon-e1546519170451.jpg?resize=160%2C160&amp;ssl=1 160w, https:\/\/i0.wp.com\/www.titadoregosilva.de\/shop\/wp-content\/uploads\/buchkunst-icon-e1546519170451.jpg?resize=768%2C768&amp;ssl=1 768w, https:\/\/i0.wp.com\/www.titadoregosilva.de\/shop\/wp-content\/uploads\/buchkunst-icon-e1546519170451.jpg?resize=324%2C324&amp;ssl=1 324w, https:\/\/i0.wp.com\/www.titadoregosilva.de\/shop\/wp-content\/uploads\/buchkunst-icon-e1546519170451.jpg?resize=416%2C416&amp;ssl=1 416w, https:\/\/i0.wp.com\/www.titadoregosilva.de\/shop\/wp-content\/uploads\/buchkunst-icon-e1546519170451.jpg?resize=100%2C100&amp;ssl=1 100w, https:\/\/i0.wp.com\/www.titadoregosilva.de\/shop\/wp-content\/uploads\/buchkunst-icon-e1546519170451.jpg?w=1024&amp;ssl=1 1024w\" sizes=\"auto, (max-width: 300px) 100vw, 300px\" \/><\/a><\/p>\n","protected":false},"excerpt":{"rendered":"","protected":false},"author":1,"featured_media":0,"parent":0,"menu_order":0,"comment_status":"closed","ping_status":"closed","template":"template-fullwidth.php","meta":{"jetpack_post_was_ever_published":false,"footnotes":""},"class_list":["post-215","page","type-page","status-publish","hentry"],"jetpack_sharing_enabled":true,"jetpack_shortlink":"https:\/\/wp.me\/P8nqQM-3t","jetpack-related-posts":[{"id":432,"url":"https:\/\/www.titadoregosilva.de\/shop\/info\/","url_meta":{"origin":215,"position":0},"title":"INFO","author":"admin","date":"22. Oktober 2018","format":false,"excerpt":"Tita do R\u00eago Silva ist Brasilianerin. Schon mit ihrer Geburt im Jahre 1959 in Caxias - MA, begann eine Odysse, die sie \u00fcber ein Kunststudium an der Universit\u00e4t von Bras\u00edlia 1989 nach Hamburg f\u00fchrte. Die Arbeit als freie K\u00fcnstlerin im k\u00fchlen Norden weckte in ihr die warme Farbpalette Brasiliens: Kindheitserinnerungen\u2026","rel":"","context":"\u00c4hnlicher Beitrag","block_context":{"text":"\u00c4hnlicher Beitrag","link":""},"img":{"alt_text":"","src":"https:\/\/i0.wp.com\/www.titadoregosilva.de\/shop\/wp-content\/uploads\/PortraitTita-300x300.jpg?resize=350%2C200&ssl=1","width":350,"height":200},"classes":[]}],"jetpack_likes_enabled":true,"_links":{"self":[{"href":"https:\/\/www.titadoregosilva.de\/shop\/wp-json\/wp\/v2\/pages\/215","targetHints":{"allow":["GET"]}}],"collection":[{"href":"https:\/\/www.titadoregosilva.de\/shop\/wp-json\/wp\/v2\/pages"}],"about":[{"href":"https:\/\/www.titadoregosilva.de\/shop\/wp-json\/wp\/v2\/types\/page"}],"author":[{"embeddable":true,"href":"https:\/\/www.titadoregosilva.de\/shop\/wp-json\/wp\/v2\/users\/1"}],"replies":[{"embeddable":true,"href":"https:\/\/www.titadoregosilva.de\/shop\/wp-json\/wp\/v2\/comments?post=215"}],"version-history":[{"count":86,"href":"https:\/\/www.titadoregosilva.de\/shop\/wp-json\/wp\/v2\/pages\/215\/revisions"}],"predecessor-version":[{"id":3389,"href":"https:\/\/www.titadoregosilva.de\/shop\/wp-json\/wp\/v2\/pages\/215\/revisions\/3389"}],"wp:attachment":[{"href":"https:\/\/www.titadoregosilva.de\/shop\/wp-json\/wp\/v2\/media?parent=215"}],"curies":[{"name":"wp","href":"https:\/\/api.w.org\/{rel}","templated":true}]}}